{"id":6915,"date":"2026-03-23T10:10:55","date_gmt":"2026-03-23T10:10:55","guid":{"rendered":"https:\/\/istanbulstroller.com\/product\/passeggino-gemellare-joie-evalite-duo-tandem\/"},"modified":"2026-03-23T10:10:55","modified_gmt":"2026-03-23T10:10:55","slug":"passeggino-gemellare-joie-evalite-duo-tandem","status":"publish","type":"product","link":"https:\/\/istanbulstroller.com\/it\/prodotto\/passeggino-gemellare-joie-evalite-duo-tandem\/","title":{"rendered":"Passeggino gemellare Joie Evalite Duo Tandem"},"content":{"rendered":"<h2 data-path-to-node=\"0\">Joie Evalite Duo Tandem &#8211; Leggero e da viaggio<\/h2>\n<p data-path-to-node=\"1\">Noleggia il <b data-path-to-node=\"1\" data-index-in-node=\"9\">Joie Evalite Duo<\/b>, uno dei passeggini gemellari pi\u00f9 leggeri sul mercato, con un peso di poco superiore agli 11 kg per una maneggevolezza senza sforzo. Questo passeggino in tandem presenta un design aerodinamico che permette di muoversi con facilit\u00e0 nei corridoi stretti, mentre il sistema Sure Lock\u2122 consente di fissare seggiolini compatibili senza bisogno di adattatori aggiuntivi. Entrambi i bambini sono protetti da capottine con protezione solare UPF 50+, possono godere di diverse posizioni di reclinazione e di una guida fluida grazie alle sospensioni su tutte le ruote. Con la sua chiusura con una sola mano e la capacit\u00e0 di stare in piedi da solo, questo passeggino doppio \u00e8 una scelta pratica e di alta qualit\u00e0 per le famiglie che viaggiano con due bambini piccoli.   <\/p>\n","protected":false},"excerpt":{"rendered":"<p>Noleggia il <b data-path-to-node=\"1\" data-index-in-node=\"9\">Joie Evalite Duo<\/b>, uno dei passeggini gemellari pi\u00f9 leggeri sul mercato, con un peso di poco superiore agli 11 kg, per una maneggevolezza senza sforzo.<\/p>\n","protected":false},"featured_media":6921,"comment_status":"open","ping_status":"closed","template":"","meta":[],"product_brand":[],"product_cat":[466],"product_tag":[],"class_list":{"0":"post-6915","1":"product","2":"type-product","3":"status-publish","4":"has-post-thumbnail","6":"product_cat-passeggino-doppio","8":"first","9":"instock","10":"shipping-taxable","11":"product-type-simple"},"_links":{"self":[{"href":"https:\/\/istanbulstroller.com\/it\/wp-json\/wp\/v2\/product\/6915","targetHints":{"allow":["GET"]}}],"collection":[{"href":"https:\/\/istanbulstroller.com\/it\/wp-json\/wp\/v2\/product"}],"about":[{"href":"https:\/\/istanbulstroller.com\/it\/wp-json\/wp\/v2\/types\/product"}],"replies":[{"embeddable":true,"href":"https:\/\/istanbulstroller.com\/it\/wp-json\/wp\/v2\/comments?post=6915"}],"version-history":[{"count":0,"href":"https:\/\/istanbulstroller.com\/it\/wp-json\/wp\/v2\/product\/6915\/revisions"}],"wp:featuredmedia":[{"embeddable":true,"href":"https:\/\/istanbulstroller.com\/it\/wp-json\/wp\/v2\/media\/6921"}],"wp:attachment":[{"href":"https:\/\/istanbulstroller.com\/it\/wp-json\/wp\/v2\/media?parent=6915"}],"wp:term":[{"taxonomy":"product_brand","embeddable":true,"href":"https:\/\/istanbulstroller.com\/it\/wp-json\/wp\/v2\/product_brand?post=6915"},{"taxonomy":"product_cat","embeddable":true,"href":"https:\/\/istanbulstroller.com\/it\/wp-json\/wp\/v2\/product_cat?post=6915"},{"taxonomy":"product_tag","embeddable":true,"href":"https:\/\/istanbulstroller.com\/it\/wp-json\/wp\/v2\/product_tag?post=6915"}],"curies":[{"name":"wp","href":"https:\/\/api.w.org\/{rel}","templated":true}]}}