{"id":6929,"date":"2026-03-15T14:25:35","date_gmt":"2026-03-15T14:25:35","guid":{"rendered":"https:\/\/istanbulstroller.com\/product\/passeggino-gemellare-book-for-two-di-peg-perego\/"},"modified":"2026-03-15T14:25:35","modified_gmt":"2026-03-15T14:25:35","slug":"passeggino-gemellare-book-for-two-di-peg-perego","status":"publish","type":"product","link":"https:\/\/istanbulstroller.com\/it\/prodotto\/passeggino-gemellare-book-for-two-di-peg-perego\/","title":{"rendered":"Passeggino gemellare Book For Two di Peg Perego"},"content":{"rendered":"<h2 data-path-to-node=\"0\">Peg Perego Book For Two &#8211; Eleganza italiana<\/h2>\n<p data-path-to-node=\"1\">Noleggia il <b data-path-to-node=\"1\" data-index-in-node=\"9\">Peg Perego Book For Two <\/b>per un&#8217;esperienza di passeggio di alta qualit\u00e0 e dalle prestazioni eccellenti con i tuoi gemelli o con fratelli di et\u00e0 diverse. Questo passeggino doppio di fabbricazione italiana \u00e8 dotato dell&#8217;innovativo sistema di ruote &#8220;Soft Ride&#8221; e di ruote anteriori con cuscinetti a sfera, che ti consentono di muoverti senza sforzo su qualsiasi superficie con il <b data-path-to-node=\"1\" data-index-in-node=\"151\">30%<\/b> di fatica in meno.  Il telaio leggero in alluminio, abbinato agli schienali e ai poggiapiedi regolabili indipendentemente, garantisce a ogni bambino un comfort personalizzato per tutta la durata del viaggio. Grazie alla chiusura compatta e alla comoda maniglia laterale per il trasporto, questo passeggino gemellare \u00e8 una scelta di noleggio di prima scelta per le famiglie che non vogliono scendere a compromessi in termini di qualit\u00e0 e praticit\u00e0. <\/p>\n","protected":false},"excerpt":{"rendered":"<p>Noleggia il <b data-path-to-node=\"1\" data-index-in-node=\"9\">Peg Perego Book For Two <\/b>per un&#8217;esperienza di passeggio di alta qualit\u00e0 e dalle prestazioni eccellenti con i tuoi gemelli o con fratelli di et\u00e0 diverse. Questo passeggino doppio di fabbricazione italiana \u00e8 dotato dell&#8217;innovativo sistema di ruote &#8220;Soft Ride&#8221; e di ruote anteriori con cuscinetti a sfera, che ti consentono di muoverti senza sforzo su qualsiasi superficie con il <b data-path-to-node=\"1\" data-index-in-node=\"151\">30%<\/b> di fatica in meno. <\/p>\n","protected":false},"featured_media":6944,"comment_status":"open","ping_status":"closed","template":"","meta":[],"product_brand":[],"product_cat":[466],"product_tag":[],"class_list":{"0":"post-6929","1":"product","2":"type-product","3":"status-publish","4":"has-post-thumbnail","6":"product_cat-passeggino-doppio","8":"first","9":"instock","10":"shipping-taxable","11":"product-type-simple"},"_links":{"self":[{"href":"https:\/\/istanbulstroller.com\/it\/wp-json\/wp\/v2\/product\/6929","targetHints":{"allow":["GET"]}}],"collection":[{"href":"https:\/\/istanbulstroller.com\/it\/wp-json\/wp\/v2\/product"}],"about":[{"href":"https:\/\/istanbulstroller.com\/it\/wp-json\/wp\/v2\/types\/product"}],"replies":[{"embeddable":true,"href":"https:\/\/istanbulstroller.com\/it\/wp-json\/wp\/v2\/comments?post=6929"}],"version-history":[{"count":0,"href":"https:\/\/istanbulstroller.com\/it\/wp-json\/wp\/v2\/product\/6929\/revisions"}],"wp:featuredmedia":[{"embeddable":true,"href":"https:\/\/istanbulstroller.com\/it\/wp-json\/wp\/v2\/media\/6944"}],"wp:attachment":[{"href":"https:\/\/istanbulstroller.com\/it\/wp-json\/wp\/v2\/media?parent=6929"}],"wp:term":[{"taxonomy":"product_brand","embeddable":true,"href":"https:\/\/istanbulstroller.com\/it\/wp-json\/wp\/v2\/product_brand?post=6929"},{"taxonomy":"product_cat","embeddable":true,"href":"https:\/\/istanbulstroller.com\/it\/wp-json\/wp\/v2\/product_cat?post=6929"},{"taxonomy":"product_tag","embeddable":true,"href":"https:\/\/istanbulstroller.com\/it\/wp-json\/wp\/v2\/product_tag?post=6929"}],"curies":[{"name":"wp","href":"https:\/\/api.w.org\/{rel}","templated":true}]}}