{"id":6945,"date":"2026-03-15T14:16:41","date_gmt":"2026-03-15T14:16:41","guid":{"rendered":"https:\/\/istanbulstroller.com\/product\/passeggino-gemellare-baby2go-avangarde\/"},"modified":"2026-03-15T14:16:41","modified_gmt":"2026-03-15T14:16:41","slug":"passeggino-gemellare-baby2go-avangarde","status":"publish","type":"product","link":"https:\/\/istanbulstroller.com\/it\/prodotto\/passeggino-gemellare-baby2go-avangarde\/","title":{"rendered":"Passeggino gemellare Baby2Go Avangarde"},"content":{"rendered":"<h2 data-path-to-node=\"0\">Passeggino gemellare Baby2Go Avangarde &#8211; Mobilit\u00e0 senza sforzo<\/h2>\n<p data-path-to-node=\"1\">Noleggia il passeggino gemellare <b data-path-to-node=\"1\" data-index-in-node=\"9\">Baby2Go Avangarde<\/b> per un&#8217;esperienza di viaggio comoda e pratica con i tuoi gemelli o due bambini piccoli. Questo passeggino gemellare di alta qualit\u00e0 \u00e8 dotato di un telaio leggero e compatto che passa attraverso le porte standard, garantendoti di muoverti con facilit\u00e0 per strade affollate e centri commerciali. Ogni sedile offre posizioni reclinabili indipendenti e poggiapiedi regolabili per garantire il comfort di entrambi i passeggeri durante le lunghe passeggiate. Con il suo robusto sistema di ruote e il capiente cestino portaoggetti, questo passeggino doppio \u00e8 la scelta perfetta per le famiglie in movimento. Il suo meccanismo di chiusura con una sola mano lo rende incredibilmente comodo da riporre nel bagagliaio dell&#8217;auto o in corridoi stretti.    <\/p>\n","protected":false},"excerpt":{"rendered":"<p>Noleggia il passeggino gemellare <b data-path-to-node=\"1\" data-index-in-node=\"9\">Baby2Go Avangarde<\/b> per viaggiare in tutta comodit\u00e0 e praticit\u00e0 con i tuoi gemelli o due bambini piccoli.<\/p>\n","protected":false},"featured_media":6946,"comment_status":"open","ping_status":"closed","template":"","meta":[],"product_brand":[],"product_cat":[466],"product_tag":[],"class_list":{"0":"post-6945","1":"product","2":"type-product","3":"status-publish","4":"has-post-thumbnail","6":"product_cat-passeggino-doppio","8":"first","9":"instock","10":"shipping-taxable","11":"product-type-simple"},"_links":{"self":[{"href":"https:\/\/istanbulstroller.com\/it\/wp-json\/wp\/v2\/product\/6945","targetHints":{"allow":["GET"]}}],"collection":[{"href":"https:\/\/istanbulstroller.com\/it\/wp-json\/wp\/v2\/product"}],"about":[{"href":"https:\/\/istanbulstroller.com\/it\/wp-json\/wp\/v2\/types\/product"}],"replies":[{"embeddable":true,"href":"https:\/\/istanbulstroller.com\/it\/wp-json\/wp\/v2\/comments?post=6945"}],"version-history":[{"count":0,"href":"https:\/\/istanbulstroller.com\/it\/wp-json\/wp\/v2\/product\/6945\/revisions"}],"wp:featuredmedia":[{"embeddable":true,"href":"https:\/\/istanbulstroller.com\/it\/wp-json\/wp\/v2\/media\/6946"}],"wp:attachment":[{"href":"https:\/\/istanbulstroller.com\/it\/wp-json\/wp\/v2\/media?parent=6945"}],"wp:term":[{"taxonomy":"product_brand","embeddable":true,"href":"https:\/\/istanbulstroller.com\/it\/wp-json\/wp\/v2\/product_brand?post=6945"},{"taxonomy":"product_cat","embeddable":true,"href":"https:\/\/istanbulstroller.com\/it\/wp-json\/wp\/v2\/product_cat?post=6945"},{"taxonomy":"product_tag","embeddable":true,"href":"https:\/\/istanbulstroller.com\/it\/wp-json\/wp\/v2\/product_tag?post=6945"}],"curies":[{"name":"wp","href":"https:\/\/api.w.org\/{rel}","templated":true}]}}