{"id":6952,"date":"2026-03-15T13:59:54","date_gmt":"2026-03-15T13:59:54","guid":{"rendered":"https:\/\/istanbulstroller.com\/product\/babybjorn-balance-soft-woven\/"},"modified":"2026-03-15T13:59:54","modified_gmt":"2026-03-15T13:59:54","slug":"babybjorn-balance-soft-woven","status":"publish","type":"product","link":"https:\/\/istanbulstroller.com\/it\/prodotto\/babybjorn-balance-soft-woven\/","title":{"rendered":"BabyBj\u00f6rn Balance Soft Woven"},"content":{"rendered":"<h2 data-path-to-node=\"0\">BabyBj\u00f6rn Bouncer Bliss &#8211; Noleggia per il massimo comfort<\/h2>\n<p data-path-to-node=\"1\">Scopri il massimo del sostegno ergonomico noleggiando il <b data-path-to-node=\"1\" data-index-in-node=\"57\">BabyBj\u00f6rn Bouncer Bliss<\/b>, progettato per sostenere perfettamente la testa, il collo e la schiena del tuo bambino. Questo leggero dondolo per neonati offre un movimento oscillatorio naturale alimentato dai movimenti del bambino stesso, aiutandolo a sviluppare le sue capacit\u00e0 motorie senza bisogno di batterie. Realizzato con tessuti certificati Oeko-Tex, garantisce un ambiente sicuro e traspirante dove il tuo piccolo potr\u00e0 riposare o giocare. Grazie al suo design compatto e pieghevole, questo dondolo \u00e8 facile da trasportare ed \u00e8 ideale sia per l&#8217;uso domestico che in viaggio. \u00c8 la soluzione di seduta flessibile perfetta che cresce con il tuo bambino dalla nascita fino ai due anni di et\u00e0.    <\/p>\n","protected":false},"excerpt":{"rendered":"<p>Prova il massimo del comfort ergonomico noleggiando il <b data-path-to-node=\"1\" data-index-in-node=\"57\">BabyBj\u00f6rn Bouncer Bliss<\/b>, progettato per sostenere perfettamente la testa, il collo e la schiena del tuo bambino.<\/p>\n","protected":false},"featured_media":6953,"comment_status":"open","ping_status":"closed","template":"","meta":[],"product_brand":[],"product_cat":[468,445],"product_tag":[],"class_list":{"0":"post-6952","1":"product","2":"type-product","3":"status-publish","4":"has-post-thumbnail","6":"product_cat-altalena-per-bambini","7":"product_cat-sdraietta","9":"first","10":"instock","11":"shipping-taxable","12":"product-type-simple"},"_links":{"self":[{"href":"https:\/\/istanbulstroller.com\/it\/wp-json\/wp\/v2\/product\/6952","targetHints":{"allow":["GET"]}}],"collection":[{"href":"https:\/\/istanbulstroller.com\/it\/wp-json\/wp\/v2\/product"}],"about":[{"href":"https:\/\/istanbulstroller.com\/it\/wp-json\/wp\/v2\/types\/product"}],"replies":[{"embeddable":true,"href":"https:\/\/istanbulstroller.com\/it\/wp-json\/wp\/v2\/comments?post=6952"}],"version-history":[{"count":0,"href":"https:\/\/istanbulstroller.com\/it\/wp-json\/wp\/v2\/product\/6952\/revisions"}],"wp:featuredmedia":[{"embeddable":true,"href":"https:\/\/istanbulstroller.com\/it\/wp-json\/wp\/v2\/media\/6953"}],"wp:attachment":[{"href":"https:\/\/istanbulstroller.com\/it\/wp-json\/wp\/v2\/media?parent=6952"}],"wp:term":[{"taxonomy":"product_brand","embeddable":true,"href":"https:\/\/istanbulstroller.com\/it\/wp-json\/wp\/v2\/product_brand?post=6952"},{"taxonomy":"product_cat","embeddable":true,"href":"https:\/\/istanbulstroller.com\/it\/wp-json\/wp\/v2\/product_cat?post=6952"},{"taxonomy":"product_tag","embeddable":true,"href":"https:\/\/istanbulstroller.com\/it\/wp-json\/wp\/v2\/product_tag?post=6952"}],"curies":[{"name":"wp","href":"https:\/\/api.w.org\/{rel}","templated":true}]}}