{"id":6960,"date":"2026-03-13T09:45:38","date_gmt":"2026-03-13T09:45:38","guid":{"rendered":"https:\/\/istanbulstroller.com\/product\/seggiolino-per-neonati-mamaroo-4-0-app\/"},"modified":"2026-03-13T09:45:38","modified_gmt":"2026-03-13T09:45:38","slug":"seggiolino-per-neonati-mamaroo-4-0-app","status":"publish","type":"product","link":"https:\/\/istanbulstroller.com\/it\/prodotto\/seggiolino-per-neonati-mamaroo-4-0-app\/","title":{"rendered":"Seggiolino per neonati Mamaroo 4.0 App"},"content":{"rendered":"<p>Sviluppata sulla base dei movimenti dei genitori, l&#8217;altalena per neonati Mamaroo 4.0 App render\u00e0 felice il tuo bambino e ti garantir\u00e0 la massima tranquillit\u00e0! Progettata per i neonati, questa altalena offre diverse modalit\u00e0 di dondolio e giocattoli posizionati all&#8217;altezza degli occhi del bambino, consentendogli di divertirsi mentre tu ti occupi delle tue faccende quotidiane. Il Mamaroo \u00e8 progettato per l&#8217;uso a partire dalle prime 8 settimane di vita. Per i bambini di et\u00e0 inferiore alle 8 settimane, i giocattoli sono posizionati all&#8217;altezza degli occhi in modo che possano semplicemente osservarli. Dopo le 8 settimane, i bambini possono giocare con i giocattoli e sviluppare le loro capacit\u00e0 visive. I giocattoli sono rimovibili e lavabili, il che li rende estremamente igienici. \u00c8 anche ecologico poich\u00e9 funziona a corrente elettrica invece che a batterie.      <\/p>\n","protected":false},"excerpt":{"rendered":"<p>Con l&#8217;altalena per neonati Mamaroo 4.0 App, progettata per riprodurre i movimenti di mamma e pap\u00e0, il tuo bambino sar\u00e0 felice e tu potrai stare tranquillo!<\/p>\n","protected":false},"featured_media":6964,"comment_status":"open","ping_status":"closed","template":"","meta":[],"product_brand":[],"product_cat":[468,445],"product_tag":[],"class_list":{"0":"post-6960","1":"product","2":"type-product","3":"status-publish","4":"has-post-thumbnail","6":"product_cat-altalena-per-bambini","7":"product_cat-sdraietta","9":"first","10":"instock","11":"shipping-taxable","12":"product-type-simple"},"_links":{"self":[{"href":"https:\/\/istanbulstroller.com\/it\/wp-json\/wp\/v2\/product\/6960","targetHints":{"allow":["GET"]}}],"collection":[{"href":"https:\/\/istanbulstroller.com\/it\/wp-json\/wp\/v2\/product"}],"about":[{"href":"https:\/\/istanbulstroller.com\/it\/wp-json\/wp\/v2\/types\/product"}],"replies":[{"embeddable":true,"href":"https:\/\/istanbulstroller.com\/it\/wp-json\/wp\/v2\/comments?post=6960"}],"version-history":[{"count":0,"href":"https:\/\/istanbulstroller.com\/it\/wp-json\/wp\/v2\/product\/6960\/revisions"}],"wp:featuredmedia":[{"embeddable":true,"href":"https:\/\/istanbulstroller.com\/it\/wp-json\/wp\/v2\/media\/6964"}],"wp:attachment":[{"href":"https:\/\/istanbulstroller.com\/it\/wp-json\/wp\/v2\/media?parent=6960"}],"wp:term":[{"taxonomy":"product_brand","embeddable":true,"href":"https:\/\/istanbulstroller.com\/it\/wp-json\/wp\/v2\/product_brand?post=6960"},{"taxonomy":"product_cat","embeddable":true,"href":"https:\/\/istanbulstroller.com\/it\/wp-json\/wp\/v2\/product_cat?post=6960"},{"taxonomy":"product_tag","embeddable":true,"href":"https:\/\/istanbulstroller.com\/it\/wp-json\/wp\/v2\/product_tag?post=6960"}],"curies":[{"name":"wp","href":"https:\/\/api.w.org\/{rel}","templated":true}]}}