{"id":6974,"date":"2026-03-02T14:47:27","date_gmt":"2026-03-02T14:47:27","guid":{"rendered":"https:\/\/istanbulstroller.com\/product\/lettino-co-sleeping-chicco-next-2me\/"},"modified":"2026-03-02T14:47:27","modified_gmt":"2026-03-02T14:47:27","slug":"lettino-co-sleeping-chicco-next-2me","status":"publish","type":"product","link":"https:\/\/istanbulstroller.com\/it\/prodotto\/lettino-co-sleeping-chicco-next-2me\/","title":{"rendered":"Lettino co-sleeping Chicco Next 2Me"},"content":{"rendered":"<p>Noleggia la <b data-path-to-node=\"1\" data-index-in-node=\"9\">Chicco Next2Me Magic Evo<\/b> per un&#8217;esperienza di sonno accanto al letto davvero unica. Questa culla di alta gamma \u00e8 dotata di un pratico pannello laterale scorrevole con una sola mano e di una rilassante funzione dondolante per aiutare il tuo bambino ad addormentarsi. Con 11 regolazioni in altezza e una rete 3D che favorisce la circolazione dell&#8217;aria, garantisce una notte sicura, fresca e confortevole. Dotata di 4 ruote per una facile mobilit\u00e0, questa culla \u00e8 la soluzione perfetta per i genitori moderni alla ricerca di comfort e flessibilit\u00e0.   <\/p>\n","protected":false},"excerpt":{"rendered":"<p>Noleggia il <b data-path-to-node=\"1\" data-index-in-node=\"9\">Chicco Next2Me Magic Evo<\/b> per un&#8217;esperienza di sonno accanto al letto davvero unica<\/p>\n","protected":false},"featured_media":6980,"comment_status":"open","ping_status":"closed","template":"","meta":[],"product_brand":[],"product_cat":[469],"product_tag":[],"class_list":{"0":"post-6974","1":"product","2":"type-product","3":"status-publish","4":"has-post-thumbnail","6":"product_cat-culla","8":"first","9":"instock","10":"shipping-taxable","11":"product-type-simple"},"_links":{"self":[{"href":"https:\/\/istanbulstroller.com\/it\/wp-json\/wp\/v2\/product\/6974","targetHints":{"allow":["GET"]}}],"collection":[{"href":"https:\/\/istanbulstroller.com\/it\/wp-json\/wp\/v2\/product"}],"about":[{"href":"https:\/\/istanbulstroller.com\/it\/wp-json\/wp\/v2\/types\/product"}],"replies":[{"embeddable":true,"href":"https:\/\/istanbulstroller.com\/it\/wp-json\/wp\/v2\/comments?post=6974"}],"version-history":[{"count":0,"href":"https:\/\/istanbulstroller.com\/it\/wp-json\/wp\/v2\/product\/6974\/revisions"}],"wp:featuredmedia":[{"embeddable":true,"href":"https:\/\/istanbulstroller.com\/it\/wp-json\/wp\/v2\/media\/6980"}],"wp:attachment":[{"href":"https:\/\/istanbulstroller.com\/it\/wp-json\/wp\/v2\/media?parent=6974"}],"wp:term":[{"taxonomy":"product_brand","embeddable":true,"href":"https:\/\/istanbulstroller.com\/it\/wp-json\/wp\/v2\/product_brand?post=6974"},{"taxonomy":"product_cat","embeddable":true,"href":"https:\/\/istanbulstroller.com\/it\/wp-json\/wp\/v2\/product_cat?post=6974"},{"taxonomy":"product_tag","embeddable":true,"href":"https:\/\/istanbulstroller.com\/it\/wp-json\/wp\/v2\/product_tag?post=6974"}],"curies":[{"name":"wp","href":"https:\/\/api.w.org\/{rel}","templated":true}]}}