{"id":6996,"date":"2025-03-23T14:47:27","date_gmt":"2025-03-23T14:47:27","guid":{"rendered":"https:\/\/istanbulstroller.com\/product\/passeggino-maclaren-quest-arc-nero-a-spina-di-pesce\/"},"modified":"2025-03-23T14:47:27","modified_gmt":"2025-03-23T14:47:27","slug":"passeggino-maclaren-quest-arc-nero-a-spina-di-pesce","status":"publish","type":"product","link":"https:\/\/istanbulstroller.com\/it\/prodotto\/passeggino-maclaren-quest-arc-nero-a-spina-di-pesce\/","title":{"rendered":"Passeggino Maclaren Quest Arc nero a spina di pesce"},"content":{"rendered":"<h2 data-path-to-node=\"0\">Maclaren Quest Arc &#8211; Passeggino da viaggio leggero di alta gamma<\/h2>\n<p data-path-to-node=\"1\">Noleggia il Maclaren Quest Arc nell&#8217;elegante versione Black Herringbone per un passeggino dalle prestazioni elevate, adatto ai bambini dalla nascita fino a 25 kg. Questo passeggino leggero, del peso di soli 6,1 kg, \u00e8 dotato di un telaio in alluminio ad alte prestazioni e di un sedile reclinabile in 4 posizioni con modalit\u00e0 completamente distesa per il massimo comfort. Progettato per la praticit\u00e0, si ripiega in soli 5 secondi e include una comoda tracolla per trasportarlo facilmente a spalla. Con le sospensioni su tutte le ruote e la capottina impermeabile con protezione UPF 50+, questo passeggino garantisce una guida fluida, sicura e traspirante per il tuo piccolo in qualsiasi ambiente.   <\/p>\n","protected":false},"excerpt":{"rendered":"<p>Noleggia il <b data-path-to-node=\"1\" data-index-in-node=\"9\">Maclaren Quest Arc<\/b> nell&#8217;elegante versione Black Herringbone per un passeggino dalle prestazioni eccellenti, adatto ai bambini dalla nascita fino a 25 kg. Questo passeggino leggero, del peso di 6,1 kg <\/p>\n","protected":false},"featured_media":7001,"comment_status":"closed","ping_status":"closed","template":"","meta":[],"product_brand":[],"product_cat":[465,467],"product_tag":[],"class_list":{"0":"post-6996","1":"product","2":"type-product","3":"status-publish","4":"has-post-thumbnail","6":"product_cat-passeggino","7":"product_cat-passeggino-da-viaggio","9":"first","10":"instock","11":"shipping-taxable","12":"product-type-simple"},"_links":{"self":[{"href":"https:\/\/istanbulstroller.com\/it\/wp-json\/wp\/v2\/product\/6996","targetHints":{"allow":["GET"]}}],"collection":[{"href":"https:\/\/istanbulstroller.com\/it\/wp-json\/wp\/v2\/product"}],"about":[{"href":"https:\/\/istanbulstroller.com\/it\/wp-json\/wp\/v2\/types\/product"}],"replies":[{"embeddable":true,"href":"https:\/\/istanbulstroller.com\/it\/wp-json\/wp\/v2\/comments?post=6996"}],"version-history":[{"count":0,"href":"https:\/\/istanbulstroller.com\/it\/wp-json\/wp\/v2\/product\/6996\/revisions"}],"wp:featuredmedia":[{"embeddable":true,"href":"https:\/\/istanbulstroller.com\/it\/wp-json\/wp\/v2\/media\/7001"}],"wp:attachment":[{"href":"https:\/\/istanbulstroller.com\/it\/wp-json\/wp\/v2\/media?parent=6996"}],"wp:term":[{"taxonomy":"product_brand","embeddable":true,"href":"https:\/\/istanbulstroller.com\/it\/wp-json\/wp\/v2\/product_brand?post=6996"},{"taxonomy":"product_cat","embeddable":true,"href":"https:\/\/istanbulstroller.com\/it\/wp-json\/wp\/v2\/product_cat?post=6996"},{"taxonomy":"product_tag","embeddable":true,"href":"https:\/\/istanbulstroller.com\/it\/wp-json\/wp\/v2\/product_tag?post=6996"}],"curies":[{"name":"wp","href":"https:\/\/api.w.org\/{rel}","templated":true}]}}