{"id":5516,"date":"2026-03-25T08:49:50","date_gmt":"2026-03-25T08:49:50","guid":{"rendered":"https:\/\/istanbulstroller.com\/sik-sorulan-sorular-sss\/"},"modified":"2026-04-11T15:45:25","modified_gmt":"2026-04-11T15:45:25","slug":"sik-sorulan-sorular-sss","status":"publish","type":"page","link":"https:\/\/istanbulstroller.com\/tr\/sik-sorulan-sorular-sss\/","title":{"rendered":"S\u0131k Sorulan Sorular (SSS)"},"content":{"rendered":"\t\t<div data-elementor-type=\"wp-page\" data-elementor-id=\"5516\" class=\"elementor elementor-5516 elementor-3481\">\n\t\t\t\t<div class=\"wd-negative-gap elementor-element elementor-element-11800d32 e-flex e-con-boxed e-con e-parent\" data-id=\"11800d32\" data-element_type=\"container\" data-e-type=\"container\">\n\t\t\t\t\t<div class=\"e-con-inner\">\n\t\t\t\t<div class=\"elementor-element elementor-element-4f3b2024 wd-width-100 elementor-widget elementor-widget-wd_title\" data-id=\"4f3b2024\" data-element_type=\"widget\" data-e-type=\"widget\" data-widget_type=\"wd_title.default\">\n\t\t\t\t<div class=\"elementor-widget-container\">\n\t\t\t\t\t\t\t<div class=\"title-wrapper wd-set-mb reset-last-child wd-title-color-default wd-title-style-underlined wd-title-size-default text-left\">\n\n\t\t\t\n\t\t\t<div class=\"liner-continer\">\n\t\t\t\t<h4 class=\"woodmart-title-container title wd-fontsize-l\">S\u0131k Sorulan Sorular (SSS)<\/h4> \n\t\t\t\t\t\t\t<\/div>\n\n\t\t\t\t\t<\/div>\n\t\t\t\t\t\t<\/div>\n\t\t\t\t<\/div>\n\t\t<div class=\"elementor-element elementor-element-fbde01d e-con-full e-flex e-con e-child\" data-id=\"fbde01d\" data-element_type=\"container\" data-e-type=\"container\">\n\t\t<div class=\"elementor-element elementor-element-c886a29 e-con-full e-flex e-con e-child\" data-id=\"c886a29\" data-element_type=\"container\" data-e-type=\"container\">\n\t\t\t\t<div class=\"elementor-element elementor-element-18ad15cd elementor-widget elementor-widget-wd_text_block\" data-id=\"18ad15cd\" data-element_type=\"widget\" data-e-type=\"widget\" data-widget_type=\"wd_text_block.default\">\n\t\t\t\t<div class=\"elementor-widget-container\">\n\t\t\t\t\t\t\t<div class=\"wd-text-block reset-last-child text-left\">\n\t\t\t\n\t\t\t<h5>1. Kiralad\u0131\u011f\u0131n\u0131z \u00fcr\u00fcnleri nas\u0131l se\u00e7iyorsunuz?<\/h5><p>Bebek \u00fcr\u00fcnleri kiralama envanterimizi olu\u015ftururken, uluslararas\u0131 g\u00fcvenlik standartlar\u0131n\u0131, ergonomiyi ve birinci s\u0131n\u0131f marka kalitesini \u00f6n planda tutuyoruz.<\/p>\n\t\t\t\t\t<\/div>\n\t\t\t\t\t\t<\/div>\n\t\t\t\t<\/div>\n\t\t\t\t<div class=\"elementor-element elementor-element-671b9dd2 elementor-widget elementor-widget-wd_text_block\" data-id=\"671b9dd2\" data-element_type=\"widget\" data-e-type=\"widget\" data-widget_type=\"wd_text_block.default\">\n\t\t\t\t<div class=\"elementor-widget-container\">\n\t\t\t\t\t\t\t<div class=\"wd-text-block reset-last-child text-left\">\n\t\t\t\n\t\t\t<h5>3. Kiralama s\u00fcresi nas\u0131l belirlenir?<\/h5><p>Seyahat program\u0131n\u0131za g\u00f6re tamamen esnek s\u00fcreler (g\u00fcnl\u00fck, haftal\u0131k veya ayl\u0131k) se\u00e7ebilirsiniz.<\/p>\n\t\t\t\t\t<\/div>\n\t\t\t\t\t\t<\/div>\n\t\t\t\t<\/div>\n\t\t\t\t<div class=\"elementor-element elementor-element-5ffe1a33 elementor-widget elementor-widget-wd_text_block\" data-id=\"5ffe1a33\" data-element_type=\"widget\" data-e-type=\"widget\" data-widget_type=\"wd_text_block.default\">\n\t\t\t\t<div class=\"elementor-widget-container\">\n\t\t\t\t\t\t\t<div class=\"wd-text-block reset-last-child text-left\">\n\t\t\t\n\t\t\t<h5>5. Kiralanan ekipman nas\u0131l teslim ediliyor?<\/h5><p>Sipari\u015finiz, se\u00e7ti\u011finiz g\u00fcn ve saatte profesyonel ekibimiz taraf\u0131ndan do\u011frudan adresinize teslim edilecektir.<\/p>\n\t\t\t\t\t<\/div>\n\t\t\t\t\t\t<\/div>\n\t\t\t\t<\/div>\n\t\t\t\t<\/div>\n\t\t<div class=\"elementor-element elementor-element-5aa31de5 e-con-full e-flex e-con e-child\" data-id=\"5aa31de5\" data-element_type=\"container\" data-e-type=\"container\">\n\t\t\t\t<div class=\"elementor-element elementor-element-74785b64 elementor-widget elementor-widget-wd_text_block\" data-id=\"74785b64\" data-element_type=\"widget\" data-e-type=\"widget\" data-widget_type=\"wd_text_block.default\">\n\t\t\t\t<div class=\"elementor-widget-container\">\n\t\t\t\t\t\t\t<div class=\"wd-text-block reset-last-child text-left\">\n\t\t\t\n\t\t\t<h5>2. Nas\u0131l rezervasyon yapabilirim?<\/h5><p>Web sitemizden ihtiyac\u0131n\u0131z olan \u00fcr\u00fcnleri sepetinize ekleyip tercih etti\u011finiz tarihleri se\u00e7erek bebek malzemeleri kiralama rezervasyonunuzu h\u0131zl\u0131 bir \u015fekilde tamamlayabilirsiniz.<\/p>\n\t\t\t\t\t<\/div>\n\t\t\t\t\t\t<\/div>\n\t\t\t\t<\/div>\n\t\t\t\t<div class=\"elementor-element elementor-element-3c9683e9 elementor-widget elementor-widget-wd_text_block\" data-id=\"3c9683e9\" data-element_type=\"widget\" data-e-type=\"widget\" data-widget_type=\"wd_text_block.default\">\n\t\t\t\t<div class=\"elementor-widget-container\">\n\t\t\t\t\t\t\t<div class=\"wd-text-block reset-last-child text-left\">\n\t\t\t\n\t\t\t<h5>4. Kira bedelini nas\u0131l \u00f6deyebilirim?<\/h5><p>\u00d6deme i\u015flemini, sipari\u015f tamamlama a\u015famas\u0131nda \u00e7evrimi\u00e7i olarak ya da \u00fcr\u00fcnleriniz teslim edildi\u011finde ekibimize do\u011frudan yapabilirsiniz.<\/p>\n\t\t\t\t\t<\/div>\n\t\t\t\t\t\t<\/div>\n\t\t\t\t<\/div>\n\t\t\t\t<div class=\"elementor-element elementor-element-6522184 elementor-widget elementor-widget-wd_text_block\" data-id=\"6522184\" data-element_type=\"widget\" data-e-type=\"widget\" data-widget_type=\"wd_text_block.default\">\n\t\t\t\t<div class=\"elementor-widget-container\">\n\t\t\t\t\t\t\t<div class=\"wd-text-block reset-last-child text-left\">\n\t\t\t\n\t\t\t<h5>6. \u0130stanbul'da hangi b\u00f6lgelere teslimat yap\u0131yorsunuz?<\/h5><p>Havaalanlar\u0131 hari\u00e7 olmak \u00fczere, \u0130stanbul genelindeki bir\u00e7ok semte, otele ve tatil ama\u00e7l\u0131 kiral\u0131k daireye do\u011frudan teslimat yap\u0131yoruz.<\/p>\n\t\t\t\t\t<\/div>\n\t\t\t\t\t\t<\/div>\n\t\t\t\t<\/div>\n\t\t\t\t<\/div>\n\t\t\t\t<\/div>\n\t\t<div class=\"elementor-element elementor-element-6f35bd5 e-con-full e-flex e-con e-child\" data-id=\"6f35bd5\" data-element_type=\"container\" data-e-type=\"container\">\n\t\t<div class=\"elementor-element elementor-element-3316b56 e-con-full e-flex e-con e-child\" data-id=\"3316b56\" data-element_type=\"container\" data-e-type=\"container\">\n\t\t\t\t<div class=\"elementor-element elementor-element-b629a80 elementor-widget elementor-widget-wd_text_block\" data-id=\"b629a80\" data-element_type=\"widget\" data-e-type=\"widget\" data-widget_type=\"wd_text_block.default\">\n\t\t\t\t<div class=\"elementor-widget-container\">\n\t\t\t\t\t\t\t<div class=\"wd-text-block reset-last-child text-left\">\n\t\t\t\n\t\t\t<h5>7. Kiralama talebi hangi durumlarda reddedilebilir?<\/h5><p>Talep edilen tarihler i\u00e7in stok yetersizli\u011fi, teslimat adreslerinin hizmet alan\u0131m\u0131z\u0131n d\u0131\u015f\u0131nda olmas\u0131 veya m\u00fc\u015fteri bilgilerinin eksik olmas\u0131 durumunda bebek \u00fcr\u00fcnleri kiralama talepleri onaylanmayabilir.<\/p>\n\t\t\t\t\t<\/div>\n\t\t\t\t\t\t<\/div>\n\t\t\t\t<\/div>\n\t\t\t\t<div class=\"elementor-element elementor-element-5444655 elementor-widget elementor-widget-wd_text_block\" data-id=\"5444655\" data-element_type=\"widget\" data-e-type=\"widget\" data-widget_type=\"wd_text_block.default\">\n\t\t\t\t<div class=\"elementor-widget-container\">\n\t\t\t\t\t\t\t<div class=\"wd-text-block reset-last-child text-left\">\n\t\t\t\n\t\t\t<h5>9. Kiralamalarda depozito talep ediyor musunuz?<\/h5><p>Evet, s\u0131k\u0131 temizlik ve hijyen standartlar\u0131m\u0131z\u0131 s\u00fcrd\u00fcrebilmemiz i\u00e7in her bebek ekipman\u0131 kiralama i\u015flemi i\u00e7in standart bir depozito \u00f6denmesi gerekmektedir.<\/p>\n\t\t\t\t\t<\/div>\n\t\t\t\t\t\t<\/div>\n\t\t\t\t<\/div>\n\t\t\t\t<div class=\"elementor-element elementor-element-b2d5bfd elementor-widget elementor-widget-wd_text_block\" data-id=\"b2d5bfd\" data-element_type=\"widget\" data-e-type=\"widget\" data-widget_type=\"wd_text_block.default\">\n\t\t\t\t<div class=\"elementor-widget-container\">\n\t\t\t\t\t\t\t<div class=\"wd-text-block reset-last-child text-left\">\n\t\t\t\n\t\t\t<h5>11. \u00dcr\u00fcn\u00fc iade ederken nelere dikkat etmeliyim?<\/h5><p>\u00dcr\u00fcn\u00fc, teslim ald\u0131\u011f\u0131n\u0131z haliyle temiz ve y\u0131kanm\u0131\u015f olarak iade etmeniz gerekmektedir. Kiralanan \u00fcr\u00fcnde kullan\u0131mdan kaynaklanan ciddi kirlenme veya fiziksel hasar varsa, ilgili masraflar depozitodan kesilecektir. <\/p>\n\t\t\t\t\t<\/div>\n\t\t\t\t\t\t<\/div>\n\t\t\t\t<\/div>\n\t\t\t\t<\/div>\n\t\t<div class=\"elementor-element elementor-element-16d3bb7 e-con-full e-flex e-con e-child\" data-id=\"16d3bb7\" data-element_type=\"container\" data-e-type=\"container\">\n\t\t\t\t<div class=\"elementor-element elementor-element-f07d552 elementor-widget elementor-widget-wd_text_block\" data-id=\"f07d552\" data-element_type=\"widget\" data-e-type=\"widget\" data-widget_type=\"wd_text_block.default\">\n\t\t\t\t<div class=\"elementor-widget-container\">\n\t\t\t\t\t\t\t<div class=\"wd-text-block reset-last-child text-left\">\n\t\t\t\n\t\t\t<h5>8. \u0130stedi\u011fim \u00fcr\u00fcn web sitesinde yoksa ne yapmal\u0131y\u0131m?<\/h5><p>L\u00fctfen do\u011frudan bizimle ileti\u015fime ge\u00e7in. Geni\u015f a\u011f\u0131m\u0131z sayesinde, \u00e7o\u011fu zaman \u00f6zel ihtiya\u00e7lar\u0131n\u0131za uygun alternatif \u00e7\u00f6z\u00fcmler sunabiliyoruz. <\/p>\n\t\t\t\t\t<\/div>\n\t\t\t\t\t\t<\/div>\n\t\t\t\t<\/div>\n\t\t\t\t<div class=\"elementor-element elementor-element-0e443e6 elementor-widget elementor-widget-wd_text_block\" data-id=\"0e443e6\" data-element_type=\"widget\" data-e-type=\"widget\" data-widget_type=\"wd_text_block.default\">\n\t\t\t\t<div class=\"elementor-widget-container\">\n\t\t\t\t\t\t\t<div class=\"wd-text-block reset-last-child text-left\">\n\t\t\t\n\t\t\t<h5>10. \u00dcr\u00fcn\u00fc teslim al\u0131rken nelere dikkat etmeliyim?<\/h5><p>Teslimat s\u0131ras\u0131nda, t\u00fcm ekipman\u0131n eksiksiz, kusursuz bir \u015fekilde \u00e7al\u0131\u015f\u0131r durumda ve tamamen temiz oldu\u011fundan emin olmal\u0131s\u0131n\u0131z.<\/p>\n\t\t\t\t\t<\/div>\n\t\t\t\t\t\t<\/div>\n\t\t\t\t<\/div>\n\t\t\t\t<div class=\"elementor-element elementor-element-80e68f3 elementor-widget elementor-widget-wd_text_block\" data-id=\"80e68f3\" data-element_type=\"widget\" data-e-type=\"widget\" data-widget_type=\"wd_text_block.default\">\n\t\t\t\t<div class=\"elementor-widget-container\">\n\t\t\t\t\t\t\t<div class=\"wd-text-block reset-last-child text-left\">\n\t\t\t\n\t\t\t<h5>12. Kullan\u0131m s\u0131ras\u0131nda bir \u00fcr\u00fcne zarar verirsem ne olur?<\/h5><p>Herhangi bir hasar bildiriminin ard\u0131ndan, teknik ekibimiz yerinde inceleme yapacakt\u0131r. Onar\u0131m gerektiren veya \u00fcr\u00fcn\u00fc tamamen kullan\u0131lamaz hale getiren durumlarda, masraflar\u0131n %40\u2019u istanbulbabyrental.com taraf\u0131ndan, %60\u2019\u0131 ise kiralayan ki\u015fi taraf\u0131ndan kar\u015f\u0131lan\u0131r. <\/p>\n\t\t\t\t\t<\/div>\n\t\t\t\t\t\t<\/div>\n\t\t\t\t<\/div>\n\t\t\t\t<\/div>\n\t\t\t\t<\/div>\n\t\t<div class=\"elementor-element elementor-element-79a2292 e-con-full e-flex e-con e-child\" data-id=\"79a2292\" data-element_type=\"container\" data-e-type=\"container\">\n\t\t<div class=\"elementor-element elementor-element-5de3576 e-con-full e-flex e-con e-child\" data-id=\"5de3576\" data-element_type=\"container\" data-e-type=\"container\">\n\t\t\t\t<div class=\"elementor-element elementor-element-53901d2 elementor-widget elementor-widget-wd_text_block\" data-id=\"53901d2\" data-element_type=\"widget\" data-e-type=\"widget\" data-widget_type=\"wd_text_block.default\">\n\t\t\t\t<div class=\"elementor-widget-container\">\n\t\t\t\t\t\t\t<div class=\"wd-text-block reset-last-child text-left\">\n\t\t\t\n\t\t\t<h5>13. En fazla ka\u00e7 adet \u00fcr\u00fcn kiralayabilirim?<\/h5><p>Hi\u00e7bir s\u0131n\u0131rlama yoktur. \u0130stanbul seyahatiniz s\u0131ras\u0131nda bebe\u011finiz i\u00e7in ihtiyac\u0131n\u0131z olan t\u00fcm e\u015fyalar\u0131 ayn\u0131 anda kiralayabilirsiniz. <\/p>\n\t\t\t\t\t<\/div>\n\t\t\t\t\t\t<\/div>\n\t\t\t\t<\/div>\n\t\t\t\t<div class=\"elementor-element elementor-element-773bb50 elementor-widget elementor-widget-wd_text_block\" data-id=\"773bb50\" data-element_type=\"widget\" data-e-type=\"widget\" data-widget_type=\"wd_text_block.default\">\n\t\t\t\t<div class=\"elementor-widget-container\">\n\t\t\t\t\t\t\t<div class=\"wd-text-block reset-last-child text-left\">\n\t\t\t\n\t\t\t<h5>15. \u00dcr\u00fcnleri nas\u0131l temizliyorsunuz?<\/h5><p>Standart prosed\u00fcr\u00fcm\u00fcz\u00fcn bir par\u00e7as\u0131 olarak, iade edilen her bebek ekipman\u0131, \u00fcreticinin \u00f6zel talimatlar\u0131na uygun olarak ayr\u0131nt\u0131l\u0131 bir dezenfeksiyon i\u015fleminden ge\u00e7irilir ve titizlikle temizlenir.<\/p>\n\t\t\t\t\t<\/div>\n\t\t\t\t\t\t<\/div>\n\t\t\t\t<\/div>\n\t\t\t\t<\/div>\n\t\t<div class=\"elementor-element elementor-element-5373039 e-con-full e-flex e-con e-child\" data-id=\"5373039\" data-element_type=\"container\" data-e-type=\"container\">\n\t\t\t\t<div class=\"elementor-element elementor-element-a2201bf elementor-widget elementor-widget-wd_text_block\" data-id=\"a2201bf\" data-element_type=\"widget\" data-e-type=\"widget\" data-widget_type=\"wd_text_block.default\">\n\t\t\t\t<div class=\"elementor-widget-container\">\n\t\t\t\t\t\t\t<div class=\"wd-text-block reset-last-child text-left\">\n\t\t\t\n\t\t\t<h5>14. Kiralanan ekipman yeni mi, yoksa ikinci el mi?<\/h5><p>\u00dcr\u00fcnlerimizin baz\u0131lar\u0131 tamamen yeniyken, di\u011ferleri ise az kullan\u0131lm\u0131\u015f ve \u00f6zenle bak\u0131lm\u0131\u015f durumdad\u0131r.<\/p>\n\t\t\t\t\t<\/div>\n\t\t\t\t\t\t<\/div>\n\t\t\t\t<\/div>\n\t\t\t\t<div class=\"elementor-element elementor-element-a5236be elementor-widget elementor-widget-wd_text_block\" data-id=\"a5236be\" data-element_type=\"widget\" data-e-type=\"widget\" data-widget_type=\"wd_text_block.default\">\n\t\t\t\t<div class=\"elementor-widget-container\">\n\t\t\t\t\t\t\t<div class=\"wd-text-block reset-last-child text-left\">\n\t\t\t\n\t\t\t<h5>16. Hangi \u00f6deme y\u00f6ntemlerini kabul ediyorsunuz?<\/h5><p>Kredi kart\u0131, nakit veya banka havalesi (EFT) gibi size en uygun \u00f6deme y\u00f6ntemini se\u00e7erek \u00f6demelerinizi g\u00fcvenli bir \u015fekilde ger\u00e7ekle\u015ftirebilirsiniz.<\/p>\n\t\t\t\t\t<\/div>\n\t\t\t\t\t\t<\/div>\n\t\t\t\t<\/div>\n\t\t\t\t<\/div>\n\t\t\t\t<\/div>\n\t\t\t\t\t<\/div>\n\t\t\t\t<\/div>\n\t\t\t\t<\/div>\n\t\t","protected":false},"excerpt":{"rendered":"<p>S\u0131k Sorulan Sorular (SSS) 1. Kiralad\u0131\u011f\u0131n\u0131z \u00fcr\u00fcnleri nas\u0131l se\u00e7iyorsunuz? Bebek \u00fcr\u00fcnleri kiralama envanterimizi olu\u015ftururken, uluslararas\u0131 g\u00fcvenlik standartlar\u0131n\u0131, ergonomiyi ve birinci<\/p>\n","protected":false},"author":1,"featured_media":0,"parent":0,"menu_order":0,"comment_status":"closed","ping_status":"closed","template":"","meta":{"footnotes":""},"class_list":["post-5516","page","type-page","status-publish","hentry"],"_links":{"self":[{"href":"https:\/\/istanbulstroller.com\/tr\/wp-json\/wp\/v2\/pages\/5516","targetHints":{"allow":["GET"]}}],"collection":[{"href":"https:\/\/istanbulstroller.com\/tr\/wp-json\/wp\/v2\/pages"}],"about":[{"href":"https:\/\/istanbulstroller.com\/tr\/wp-json\/wp\/v2\/types\/page"}],"author":[{"embeddable":true,"href":"https:\/\/istanbulstroller.com\/tr\/wp-json\/wp\/v2\/users\/1"}],"replies":[{"embeddable":true,"href":"https:\/\/istanbulstroller.com\/tr\/wp-json\/wp\/v2\/comments?post=5516"}],"version-history":[{"count":1,"href":"https:\/\/istanbulstroller.com\/tr\/wp-json\/wp\/v2\/pages\/5516\/revisions"}],"predecessor-version":[{"id":5517,"href":"https:\/\/istanbulstroller.com\/tr\/wp-json\/wp\/v2\/pages\/5516\/revisions\/5517"}],"wp:attachment":[{"href":"https:\/\/istanbulstroller.com\/tr\/wp-json\/wp\/v2\/media?parent=5516"}],"curies":[{"name":"wp","href":"https:\/\/api.w.org\/{rel}","templated":true}]}}