{"id":5784,"date":"2025-03-23T14:47:27","date_gmt":"2025-03-23T14:47:27","guid":{"rendered":"https:\/\/istanbulstroller.com\/product\/maclaren-quest-arc-black-herringbone-bebek-arabasi\/"},"modified":"2026-04-14T15:00:35","modified_gmt":"2026-04-14T15:00:35","slug":"maclaren-quest-arc-black-herringbone-bebek-arabasi","status":"publish","type":"product","link":"https:\/\/istanbulstroller.com\/tr\/urun\/maclaren-quest-arc-black-herringbone-bebek-arabasi\/","title":{"rendered":"Maclaren Quest Arc Black Herringbone Bebek arabas\u0131"},"content":{"rendered":"<h2 data-path-to-node=\"0\">Maclaren Quest Arc &#8211; Birinci S\u0131n\u0131f Hafif Seyahat Arabas\u0131<\/h2>\n<p data-path-to-node=\"1\">Do\u011fumdan itibaren 25 kg&#8217;a kadar olan \u00e7ocuklar\u0131 destekleyen y\u00fcksek performansl\u0131 bir bebek arabas\u0131 deneyimi i\u00e7in zarif Siyah Herringbone desenli <b data-path-to-node=\"1\" data-index-in-node=\"9\">Maclaren Quest Arc<\/b>&#8216;\u0131 kiralay\u0131n. 6,1 kg a\u011f\u0131rl\u0131\u011f\u0131ndaki bu hafif bebek arabas\u0131, y\u00fcksek performansl\u0131 al\u00fcminyum \u015fasiye ve maksimum konfor i\u00e7in tamamen yat\u0131k konuma getirilebilen 4 kademeli yat\u0131r\u0131labilir koltu\u011fa sahiptir. Kullan\u0131m kolayl\u0131\u011f\u0131 i\u00e7in tasarlanan bu bebek arabas\u0131, sadece 5 saniyede katlanabilir ve omuzda kolayca ta\u015f\u0131nabilmesi i\u00e7in pratik bir ta\u015f\u0131ma ask\u0131s\u0131 i\u00e7erir. D\u00f6rt tekerlekli s\u00fcspansiyonu ve UPF 50+ su ge\u00e7irmez g\u00f6lgeli\u011fi ile bu bebek arabas\u0131, her ortamda \u00e7ocu\u011funuz i\u00e7in yumu\u015fak, g\u00fcvenli ve nefes alabilen bir s\u00fcr\u00fc\u015f sa\u011flar.   <\/p>\n","protected":false},"excerpt":{"rendered":"<p>Do\u011fumdan itibaren <b data-path-to-node=\"1\" data-index-in-node=\"172\">25 kg&#8217;a<\/b> kadar olan \u00e7ocuklar\u0131 destekleyen <g id=\"gid_3\">y\u00fcksek performansl\u0131 <\/g>bir bebek arabas\u0131 deneyimi i\u00e7in \u015f\u0131k Siyah Herringbone desenli <b data-path-to-node=\"1\" data-index-in-node=\"9\">Maclaren Quest Arc<\/b>&#8216;\u0131 kiralay\u0131n. Bu <b data-path-to-node=\"1\" data-index-in-node=\"80\">6,1 kg <\/b>a\u011f\u0131rl\u0131\u011f\u0131ndaki hafif bebek arabas\u0131 <\/p>\n","protected":false},"featured_media":4614,"comment_status":"closed","ping_status":"closed","template":"","meta":[],"product_brand":[],"product_cat":[312,314],"product_tag":[],"class_list":{"0":"post-5784","1":"product","2":"type-product","3":"status-publish","4":"has-post-thumbnail","6":"product_cat-bebek-arabalari","7":"product_cat-seyahat-bebek-arabalari","9":"first","10":"instock","11":"shipping-taxable","12":"product-type-simple"},"_links":{"self":[{"href":"https:\/\/istanbulstroller.com\/tr\/wp-json\/wp\/v2\/product\/5784","targetHints":{"allow":["GET"]}}],"collection":[{"href":"https:\/\/istanbulstroller.com\/tr\/wp-json\/wp\/v2\/product"}],"about":[{"href":"https:\/\/istanbulstroller.com\/tr\/wp-json\/wp\/v2\/types\/product"}],"replies":[{"embeddable":true,"href":"https:\/\/istanbulstroller.com\/tr\/wp-json\/wp\/v2\/comments?post=5784"}],"version-history":[{"count":1,"href":"https:\/\/istanbulstroller.com\/tr\/wp-json\/wp\/v2\/product\/5784\/revisions"}],"predecessor-version":[{"id":5874,"href":"https:\/\/istanbulstroller.com\/tr\/wp-json\/wp\/v2\/product\/5784\/revisions\/5874"}],"wp:featuredmedia":[{"embeddable":true,"href":"https:\/\/istanbulstroller.com\/tr\/wp-json\/wp\/v2\/media\/4614"}],"wp:attachment":[{"href":"https:\/\/istanbulstroller.com\/tr\/wp-json\/wp\/v2\/media?parent=5784"}],"wp:term":[{"taxonomy":"product_brand","embeddable":true,"href":"https:\/\/istanbulstroller.com\/tr\/wp-json\/wp\/v2\/product_brand?post=5784"},{"taxonomy":"product_cat","embeddable":true,"href":"https:\/\/istanbulstroller.com\/tr\/wp-json\/wp\/v2\/product_cat?post=5784"},{"taxonomy":"product_tag","embeddable":true,"href":"https:\/\/istanbulstroller.com\/tr\/wp-json\/wp\/v2\/product_tag?post=5784"}],"curies":[{"name":"wp","href":"https:\/\/api.w.org\/{rel}","templated":true}]}}