{"id":5785,"date":"2025-03-23T19:15:27","date_gmt":"2025-03-23T19:15:27","guid":{"rendered":"https:\/\/istanbulstroller.com\/product\/joie-nitro-lx-bebek-arabasi\/"},"modified":"2026-04-14T15:00:03","modified_gmt":"2026-04-14T15:00:03","slug":"joie-nitro-lx-bebek-arabasi","status":"publish","type":"product","link":"https:\/\/istanbulstroller.com\/tr\/urun\/joie-nitro-lx-bebek-arabasi\/","title":{"rendered":"Joie Nitro LX Bebek Arabas\u0131"},"content":{"rendered":"<h2 data-path-to-node=\"0\">Joie Nitro LX &#8211; Hafif \u015eemsiye Tipi Bebek Arabas\u0131<\/h2>\n<p data-path-to-node=\"1\">Sadece 7,7 kg a\u011f\u0131rl\u0131\u011f\u0131ndaki \u015f\u0131k ve hafif <b data-path-to-node=\"1\" data-index-in-node=\"9\">Joie Nitro LX<\/b> <b data-path-to-node=\"1\" data-index-in-node=\"51\">bebek arabas\u0131n\u0131<\/b> kiralay\u0131n; h\u0131zl\u0131 gezintiler ve kalabal\u0131k caddeler i\u00e7in ideal bir se\u00e7imdir. Bu \u015femsiye katlamal\u0131 bebek arabas\u0131, tamamen yatay konuma getirilebilen \u00e7ok kademeli yat\u0131r\u0131labilir koltu\u011fuyla, do\u011fumdan itibaren 15 kg&#8217;a kadar olan bebekler i\u00e7in uygundur. D\u00f6rt tekerlekli s\u00fcspansiyon ve ergonomik k\u00f6p\u00fck tutma kollar\u0131 ile donat\u0131lm\u0131\u015f olan bu <b data-path-to-node=\"1\" data-index-in-node=\"155\">bebek arabas\u0131<\/b>, \u00e7e\u015fitli zeminlerde yumu\u015fak ve konforlu bir s\u00fcr\u00fc\u015f sa\u011flar. Kompakt, \u015femsiye tarz\u0131 katlanma \u00f6zelli\u011fi ve yerle\u015fik ta\u015f\u0131ma kolu, g\u00fcvenlikten veya dayan\u0131kl\u0131l\u0131ktan \u00f6d\u00fcn vermeden ta\u015f\u0131nabilirlik arayan ebeveynler i\u00e7in ideal bir se\u00e7imdir.  <\/p>\n","protected":false},"excerpt":{"rendered":"<p>Sadece 7,7 kg a\u011f\u0131rl\u0131\u011f\u0131ndaki \u015f\u0131k ve hafif <b data-path-to-node=\"1\" data-index-in-node=\"9\">Joie Nitro LX<\/b> <b data-path-to-node=\"1\" data-index-in-node=\"51\">bebek arabas\u0131n\u0131<\/b> kiralay\u0131n; h\u0131zl\u0131 gezintiler ve kalabal\u0131k caddeler i\u00e7in ideal bir se\u00e7imdir.<\/p>\n","protected":false},"featured_media":4603,"comment_status":"closed","ping_status":"closed","template":"","meta":[],"product_brand":[],"product_cat":[312,314],"product_tag":[],"class_list":{"0":"post-5785","1":"product","2":"type-product","3":"status-publish","4":"has-post-thumbnail","6":"product_cat-bebek-arabalari","7":"product_cat-seyahat-bebek-arabalari","9":"first","10":"instock","11":"shipping-taxable","12":"product-type-simple"},"_links":{"self":[{"href":"https:\/\/istanbulstroller.com\/tr\/wp-json\/wp\/v2\/product\/5785","targetHints":{"allow":["GET"]}}],"collection":[{"href":"https:\/\/istanbulstroller.com\/tr\/wp-json\/wp\/v2\/product"}],"about":[{"href":"https:\/\/istanbulstroller.com\/tr\/wp-json\/wp\/v2\/types\/product"}],"replies":[{"embeddable":true,"href":"https:\/\/istanbulstroller.com\/tr\/wp-json\/wp\/v2\/comments?post=5785"}],"version-history":[{"count":1,"href":"https:\/\/istanbulstroller.com\/tr\/wp-json\/wp\/v2\/product\/5785\/revisions"}],"predecessor-version":[{"id":5872,"href":"https:\/\/istanbulstroller.com\/tr\/wp-json\/wp\/v2\/product\/5785\/revisions\/5872"}],"wp:featuredmedia":[{"embeddable":true,"href":"https:\/\/istanbulstroller.com\/tr\/wp-json\/wp\/v2\/media\/4603"}],"wp:attachment":[{"href":"https:\/\/istanbulstroller.com\/tr\/wp-json\/wp\/v2\/media?parent=5785"}],"wp:term":[{"taxonomy":"product_brand","embeddable":true,"href":"https:\/\/istanbulstroller.com\/tr\/wp-json\/wp\/v2\/product_brand?post=5785"},{"taxonomy":"product_cat","embeddable":true,"href":"https:\/\/istanbulstroller.com\/tr\/wp-json\/wp\/v2\/product_cat?post=5785"},{"taxonomy":"product_tag","embeddable":true,"href":"https:\/\/istanbulstroller.com\/tr\/wp-json\/wp\/v2\/product_tag?post=5785"}],"curies":[{"name":"wp","href":"https:\/\/api.w.org\/{rel}","templated":true}]}}