{"id":5786,"date":"2026-03-18T14:47:25","date_gmt":"2026-03-18T14:47:25","guid":{"rendered":"https:\/\/istanbulstroller.com\/product\/yoyko-elegance-travel-system-bebek-arabasi\/"},"modified":"2026-04-14T14:42:35","modified_gmt":"2026-04-14T14:42:35","slug":"yoyko-elegance-travel-system-bebek-arabasi","status":"publish","type":"product","link":"https:\/\/istanbulstroller.com\/tr\/urun\/yoyko-elegance-travel-system-bebek-arabasi\/","title":{"rendered":"Yoyko Elegance Travel System Bebek Arabas\u0131"},"content":{"rendered":"<h2 data-path-to-node=\"0\">Yoyko Elegance Seyahat Sistemi &#8211; \u00c7ok Y\u00f6nl\u00fc Konfor<\/h2>\n<p data-path-to-node=\"1\">Bebe\u011finizin b\u00fcy\u00fcmesinin her a\u015famas\u0131na uyum sa\u011flayan, y\u00fcksek performansl\u0131 ve \u015f\u0131k bir \u00e7\u00f6z\u00fcm i\u00e7in <b data-path-to-node=\"1\" data-index-in-node=\"9\">Yoyko Elegance Seyahat<\/b> Sistemini kiralay\u0131n. Bu \u00e7ok i\u015flevli <b data-path-to-node=\"1\" data-index-in-node=\"154\">bebek arabas\u0131<\/b>, hem hafif hem de dayan\u0131kl\u0131 olan ve 25 kg&#8217;a kadar a\u011f\u0131rl\u0131\u011f\u0131 ta\u015f\u0131yabilen benzersiz bir Z tasar\u0131ml\u0131 al\u00fcminyum \u015fasiye sahiptir. Ters \u00e7evrilebilir oturma \u00fcnitesi, yenido\u011fanlar i\u00e7in rahat bir be\u015fik haline kolayca d\u00f6n\u00fc\u015ft\u00fcr\u00fclebilir ve ara\u00e7tan kald\u0131r\u0131ma sorunsuz ge\u00e7i\u015fler i\u00e7in uyumlu bir Grup 0+ araba koltu\u011fu i\u00e7erir. Delinmeye kar\u015f\u0131 dayan\u0131kl\u0131 b\u00fcy\u00fck arka tekerlekleri, geli\u015fmi\u015f s\u00fcspansiyonu ve ayarlanabilir ergonomik tutma kolu ile bu <b data-path-to-node=\"1\" data-index-in-node=\"545\">bebek arabas\u0131<\/b>, her t\u00fcrl\u00fc zeminde hem ebeveyn hem de \u00e7ocuk i\u00e7in p\u00fcr\u00fczs\u00fcz ve konforlu bir deneyim sunar.  <\/p>\n","protected":false},"excerpt":{"rendered":"<p>Bebe\u011finizin b\u00fcy\u00fcmesinin her a\u015famas\u0131na uyum sa\u011flayan, y\u00fcksek performansl\u0131 ve \u015f\u0131k bir \u00e7\u00f6z\u00fcm i\u00e7in <b data-path-to-node=\"1\" data-index-in-node=\"9\">Yoyko Elegance Seyahat<\/b> Sistemini kiralay\u0131n.<\/p>\n","protected":false},"featured_media":4571,"comment_status":"closed","ping_status":"closed","template":"","meta":[],"product_brand":[],"product_cat":[314],"product_tag":[],"class_list":{"0":"post-5786","1":"product","2":"type-product","3":"status-publish","4":"has-post-thumbnail","6":"product_cat-seyahat-bebek-arabalari","8":"first","9":"instock","10":"featured","11":"shipping-taxable","12":"product-type-simple"},"_links":{"self":[{"href":"https:\/\/istanbulstroller.com\/tr\/wp-json\/wp\/v2\/product\/5786","targetHints":{"allow":["GET"]}}],"collection":[{"href":"https:\/\/istanbulstroller.com\/tr\/wp-json\/wp\/v2\/product"}],"about":[{"href":"https:\/\/istanbulstroller.com\/tr\/wp-json\/wp\/v2\/types\/product"}],"replies":[{"embeddable":true,"href":"https:\/\/istanbulstroller.com\/tr\/wp-json\/wp\/v2\/comments?post=5786"}],"version-history":[{"count":1,"href":"https:\/\/istanbulstroller.com\/tr\/wp-json\/wp\/v2\/product\/5786\/revisions"}],"predecessor-version":[{"id":5862,"href":"https:\/\/istanbulstroller.com\/tr\/wp-json\/wp\/v2\/product\/5786\/revisions\/5862"}],"wp:featuredmedia":[{"embeddable":true,"href":"https:\/\/istanbulstroller.com\/tr\/wp-json\/wp\/v2\/media\/4571"}],"wp:attachment":[{"href":"https:\/\/istanbulstroller.com\/tr\/wp-json\/wp\/v2\/media?parent=5786"}],"wp:term":[{"taxonomy":"product_brand","embeddable":true,"href":"https:\/\/istanbulstroller.com\/tr\/wp-json\/wp\/v2\/product_brand?post=5786"},{"taxonomy":"product_cat","embeddable":true,"href":"https:\/\/istanbulstroller.com\/tr\/wp-json\/wp\/v2\/product_cat?post=5786"},{"taxonomy":"product_tag","embeddable":true,"href":"https:\/\/istanbulstroller.com\/tr\/wp-json\/wp\/v2\/product_tag?post=5786"}],"curies":[{"name":"wp","href":"https:\/\/api.w.org\/{rel}","templated":true}]}}