{"id":5787,"date":"2026-03-23T12:20:21","date_gmt":"2026-03-23T12:20:21","guid":{"rendered":"https:\/\/istanbulstroller.com\/product\/kraft-kenya-travel-system-bebek-arabasi\/"},"modified":"2026-04-14T14:29:47","modified_gmt":"2026-04-14T14:29:47","slug":"kraft-kenya-travel-system-bebek-arabasi","status":"publish","type":"product","link":"https:\/\/istanbulstroller.com\/tr\/urun\/kraft-kenya-travel-system-bebek-arabasi\/","title":{"rendered":"Kraft Kenya Travel System Bebek Arabas\u0131"},"content":{"rendered":"<h2 data-path-to-node=\"0\">Kraft Kenya Seyahat Sistemi &#8211; Hafif ve Kompakt<\/h2>\n<p data-path-to-node=\"1\">Sadece <b data-path-to-node=\"1\" data-index-in-node=\"131\">8,9 kg<\/b> a\u011f\u0131rl\u0131\u011f\u0131ndaki <b data-path-to-node=\"1\" data-index-in-node=\"9\">Kraft Kenya Seyahat Sistemi<\/b>&#8216;ni kiralay\u0131n; bu \u00fcr\u00fcn, s\u0131n\u0131f\u0131ndaki en ta\u015f\u0131nabilir bebek arabalar\u0131ndan biri olarak \u00f6ne \u00e7\u0131kan, birinci s\u0131n\u0131f ve hafif bir \u00e7\u00f6z\u00fcm sunar. Bu \u00e7ok y\u00f6nl\u00fc sistem, do\u011fumdan 22 kg&#8217;a kadar kullan\u0131labilen ters \u00e7evrilebilir bir koltu\u011fa sahiptir ve huzurlu \u015fekerlemeler i\u00e7in tamamen yat\u0131k konum da dahil olmak \u00fczere 3 farkl\u0131 yat\u0131rma pozisyonu sunar. Modern gezginler i\u00e7in tasarlanan bu \u00fcr\u00fcn, tek elle kolayca katlanabilir ve zahmetsiz ta\u015f\u0131ma imkan\u0131 sa\u011flayan entegre bir omuz ask\u0131s\u0131 i\u00e7erir. P\u00fcr\u00fczs\u00fcz poli\u00fcretan bilyal\u0131 tekerlekleri ve birlikte verilen Armor Plus I-Size araba koltu\u011fu ile bu bebek arabas\u0131, her t\u00fcrl\u00fc yolculuk i\u00e7in g\u00fcvenli, sessiz ve \u015f\u0131k bir kiralama se\u00e7ene\u011fi sunar.  <\/p>\n","protected":false},"excerpt":{"rendered":"<p>Sadece <b data-path-to-node=\"1\" data-index-in-node=\"131\">8,9 kg<\/b> a\u011f\u0131rl\u0131\u011f\u0131ndaki <b data-path-to-node=\"1\" data-index-in-node=\"9\">Kraft Kenya Seyahat Sistemi<\/b>&#8216;ni kiralay\u0131n; bu \u00fcr\u00fcn, s\u0131n\u0131f\u0131ndaki en ta\u015f\u0131nabilir bebek arabalar\u0131ndan biri olarak \u00f6ne \u00e7\u0131kan, birinci s\u0131n\u0131f ve hafif bir \u00e7\u00f6z\u00fcm sunar.<\/p>\n","protected":false},"featured_media":4576,"comment_status":"closed","ping_status":"closed","template":"","meta":[],"product_brand":[],"product_cat":[314],"product_tag":[],"class_list":{"0":"post-5787","1":"product","2":"type-product","3":"status-publish","4":"has-post-thumbnail","6":"product_cat-seyahat-bebek-arabalari","8":"first","9":"instock","10":"featured","11":"shipping-taxable","12":"product-type-simple"},"_links":{"self":[{"href":"https:\/\/istanbulstroller.com\/tr\/wp-json\/wp\/v2\/product\/5787","targetHints":{"allow":["GET"]}}],"collection":[{"href":"https:\/\/istanbulstroller.com\/tr\/wp-json\/wp\/v2\/product"}],"about":[{"href":"https:\/\/istanbulstroller.com\/tr\/wp-json\/wp\/v2\/types\/product"}],"replies":[{"embeddable":true,"href":"https:\/\/istanbulstroller.com\/tr\/wp-json\/wp\/v2\/comments?post=5787"}],"version-history":[{"count":1,"href":"https:\/\/istanbulstroller.com\/tr\/wp-json\/wp\/v2\/product\/5787\/revisions"}],"predecessor-version":[{"id":5841,"href":"https:\/\/istanbulstroller.com\/tr\/wp-json\/wp\/v2\/product\/5787\/revisions\/5841"}],"wp:featuredmedia":[{"embeddable":true,"href":"https:\/\/istanbulstroller.com\/tr\/wp-json\/wp\/v2\/media\/4576"}],"wp:attachment":[{"href":"https:\/\/istanbulstroller.com\/tr\/wp-json\/wp\/v2\/media?parent=5787"}],"wp:term":[{"taxonomy":"product_brand","embeddable":true,"href":"https:\/\/istanbulstroller.com\/tr\/wp-json\/wp\/v2\/product_brand?post=5787"},{"taxonomy":"product_cat","embeddable":true,"href":"https:\/\/istanbulstroller.com\/tr\/wp-json\/wp\/v2\/product_cat?post=5787"},{"taxonomy":"product_tag","embeddable":true,"href":"https:\/\/istanbulstroller.com\/tr\/wp-json\/wp\/v2\/product_tag?post=5787"}],"curies":[{"name":"wp","href":"https:\/\/api.w.org\/{rel}","templated":true}]}}