{"id":5788,"date":"2026-03-23T14:47:27","date_gmt":"2026-03-23T14:47:27","guid":{"rendered":"https:\/\/istanbulstroller.com\/product\/joie-tourist-bebek-arabasi\/"},"modified":"2026-04-14T14:28:20","modified_gmt":"2026-04-14T14:28:20","slug":"joie-tourist-bebek-arabasi","status":"publish","type":"product","link":"https:\/\/istanbulstroller.com\/tr\/urun\/joie-tourist-bebek-arabasi\/","title":{"rendered":"Joie Tourist Bebek Arabas\u0131"},"content":{"rendered":"<h2 data-path-to-node=\"0\">Joie Tourist &#8211; Son derece hafif ve kompakt<\/h2>\n<p data-path-to-node=\"1\">Sadece 5,92 kg a\u011f\u0131rl\u0131\u011f\u0131ndaki, bebe\u011finizle seyahat etmeyi son derece kolayla\u015ft\u0131rmak \u00fczere tasarlanm\u0131\u015f, ola\u011fan\u00fcst\u00fc hafif <b data-path-to-node=\"1\" data-index-in-node=\"9\">Joie Tourist bebek arabas\u0131n\u0131<\/b> kiralay\u0131n. Bu \u00e7ok y\u00f6nl\u00fc bebek arabas\u0131, do\u011fumdan 15 kg&#8217;a kadar uygun, tamamen yatabilen bir koltu\u011fa sahiptir ve Joie bebek oto koltu\u011funu kolayca takmak i\u00e7in adapt\u00f6rler i\u00e7erir. Ak\u0131ll\u0131 otomatik katlama mekanizmas\u0131 sayesinde, k\u00fc\u00e7\u00fck araba bagajlar\u0131 veya toplu ta\u015f\u0131ma ara\u00e7lar\u0131 i\u00e7in ideal olan kompakt ve kendi kendine ayakta durabilen bir yap\u0131ya d\u00f6n\u00fc\u015f\u00fcr. D\u00f6rt tekerlekli s\u00fcspansiyon ve y\u00fcksekli\u011fi ayarlanabilir tutma kolu ile bu bebek arabas\u0131, her gezide hem ebeveyn hem de \u00e7ocuk i\u00e7in sorunsuz ve konforlu bir deneyim sunar.  <\/p>\n","protected":false},"excerpt":{"rendered":"<p>Sadece 5,92 kg a\u011f\u0131rl\u0131\u011f\u0131ndaki, bebe\u011finizle seyahat etmeyi son derece kolayla\u015ft\u0131rmak \u00fczere tasarlanm\u0131\u015f, ola\u011fan\u00fcst\u00fc hafif <b data-path-to-node=\"1\" data-index-in-node=\"9\">Joie Tourist bebek arabas\u0131n\u0131<\/b> kiralay\u0131n.<\/p>\n","protected":false},"featured_media":4609,"comment_status":"closed","ping_status":"closed","template":"","meta":[],"product_brand":[],"product_cat":[314],"product_tag":[],"class_list":{"0":"post-5788","1":"product","2":"type-product","3":"status-publish","4":"has-post-thumbnail","6":"product_cat-seyahat-bebek-arabalari","8":"first","9":"instock","10":"shipping-taxable","11":"product-type-simple"},"_links":{"self":[{"href":"https:\/\/istanbulstroller.com\/tr\/wp-json\/wp\/v2\/product\/5788","targetHints":{"allow":["GET"]}}],"collection":[{"href":"https:\/\/istanbulstroller.com\/tr\/wp-json\/wp\/v2\/product"}],"about":[{"href":"https:\/\/istanbulstroller.com\/tr\/wp-json\/wp\/v2\/types\/product"}],"replies":[{"embeddable":true,"href":"https:\/\/istanbulstroller.com\/tr\/wp-json\/wp\/v2\/comments?post=5788"}],"version-history":[{"count":1,"href":"https:\/\/istanbulstroller.com\/tr\/wp-json\/wp\/v2\/product\/5788\/revisions"}],"predecessor-version":[{"id":5839,"href":"https:\/\/istanbulstroller.com\/tr\/wp-json\/wp\/v2\/product\/5788\/revisions\/5839"}],"wp:featuredmedia":[{"embeddable":true,"href":"https:\/\/istanbulstroller.com\/tr\/wp-json\/wp\/v2\/media\/4609"}],"wp:attachment":[{"href":"https:\/\/istanbulstroller.com\/tr\/wp-json\/wp\/v2\/media?parent=5788"}],"wp:term":[{"taxonomy":"product_brand","embeddable":true,"href":"https:\/\/istanbulstroller.com\/tr\/wp-json\/wp\/v2\/product_brand?post=5788"},{"taxonomy":"product_cat","embeddable":true,"href":"https:\/\/istanbulstroller.com\/tr\/wp-json\/wp\/v2\/product_cat?post=5788"},{"taxonomy":"product_tag","embeddable":true,"href":"https:\/\/istanbulstroller.com\/tr\/wp-json\/wp\/v2\/product_tag?post=5788"}],"curies":[{"name":"wp","href":"https:\/\/api.w.org\/{rel}","templated":true}]}}