{"id":5789,"date":"2026-03-23T15:38:49","date_gmt":"2026-03-23T15:38:49","guid":{"rendered":"https:\/\/istanbulstroller.com\/product\/kanz-v-go-2-travel-system-bebek-arabasi\/"},"modified":"2026-04-14T14:27:29","modified_gmt":"2026-04-14T14:27:29","slug":"kanz-v-go-2-travel-system-bebek-arabasi","status":"publish","type":"product","link":"https:\/\/istanbulstroller.com\/tr\/urun\/kanz-v-go-2-travel-system-bebek-arabasi\/","title":{"rendered":"Kanz V-GO 2 Travel System Bebek Arabas\u0131"},"content":{"rendered":"<h2 data-path-to-node=\"0\">Kanz V-GO 2 Seyahat Sistemi &#8211; Ak\u0131ll\u0131 ve \u0130\u015flevsel<\/h2>\n<p data-path-to-node=\"1\">Hem g\u00fcvenlik hem de konfor g\u00f6z \u00f6n\u00fcnde bulundurularak tasarlanm\u0131\u015f, \u00e7ok y\u00f6nl\u00fc ve dayan\u0131kl\u0131 bir \u00e7\u00f6z\u00fcm i\u00e7in <b data-path-to-node=\"1\" data-index-in-node=\"9\">Kanz V-GO 2<\/b> Seyahat Sistemini kiralay\u0131n. Bu y\u00fcksek kaliteli <b data-path-to-node=\"1\" data-index-in-node=\"136\">bebek arabas\u0131<\/b>, hafif al\u00fcminyum \u015fasiye ve bebe\u011finizin size ya da d\u0131\u015f d\u00fcnyaya bakmas\u0131n\u0131 sa\u011flayan ters \u00e7evrilebilir koltuklara sahiptir.  Tek elle kullan\u0131labilen kompakt katlama mekanizmas\u0131 ve \u00fcst\u00fcn manevra kabiliyeti sa\u011flayan bilyal\u0131 rulmanl\u0131 \u00f6n tekerlekleri sayesinde, kalabal\u0131k caddelerde dola\u015fmak art\u0131k \u00e7ocuk oyunca\u011f\u0131. En son EN 1888-2018 ve I-Size ECE\/R129 g\u00fcvenlik standartlar\u0131na uygun olarak sertifikaland\u0131r\u0131lm\u0131\u015f olan bu \u00fcr\u00fcn, 180\u00b0 tamamen yat\u0131k konuma getirilebilen \u00e7ok pozisyonlu bir koltuk ile donat\u0131lm\u0131\u015ft\u0131r ve do\u011fumdan 4 ya\u015f\u0131na (22 kg) kadar rahat bir yolculuk sa\u011flar. <\/p>\n","protected":false},"excerpt":{"rendered":"<p>Hem g\u00fcvenlik hem de konfor g\u00f6z \u00f6n\u00fcnde bulundurularak tasarlanm\u0131\u015f, \u00e7ok y\u00f6nl\u00fc ve dayan\u0131kl\u0131 bir \u00e7\u00f6z\u00fcm i\u00e7in <b data-path-to-node=\"1\" data-index-in-node=\"9\">Kanz V-GO 2<\/b> Seyahat Sistemini kiralay\u0131n. Bu y\u00fcksek kaliteli <b data-path-to-node=\"1\" data-index-in-node=\"136\">bebek arabas\u0131<\/b>, hafif al\u00fcminyum \u015fasiye ve bebe\u011finizin size ya da d\u0131\u015f d\u00fcnyaya bakmas\u0131n\u0131 sa\u011flayan ters \u00e7evrilebilir koltuklara sahiptir. <\/p>\n","protected":false},"featured_media":4586,"comment_status":"closed","ping_status":"closed","template":"","meta":[],"product_brand":[],"product_cat":[314],"product_tag":[],"class_list":{"0":"post-5789","1":"product","2":"type-product","3":"status-publish","4":"has-post-thumbnail","6":"product_cat-seyahat-bebek-arabalari","8":"first","9":"instock","10":"featured","11":"shipping-taxable","12":"product-type-simple"},"_links":{"self":[{"href":"https:\/\/istanbulstroller.com\/tr\/wp-json\/wp\/v2\/product\/5789","targetHints":{"allow":["GET"]}}],"collection":[{"href":"https:\/\/istanbulstroller.com\/tr\/wp-json\/wp\/v2\/product"}],"about":[{"href":"https:\/\/istanbulstroller.com\/tr\/wp-json\/wp\/v2\/types\/product"}],"replies":[{"embeddable":true,"href":"https:\/\/istanbulstroller.com\/tr\/wp-json\/wp\/v2\/comments?post=5789"}],"version-history":[{"count":1,"href":"https:\/\/istanbulstroller.com\/tr\/wp-json\/wp\/v2\/product\/5789\/revisions"}],"predecessor-version":[{"id":5838,"href":"https:\/\/istanbulstroller.com\/tr\/wp-json\/wp\/v2\/product\/5789\/revisions\/5838"}],"wp:featuredmedia":[{"embeddable":true,"href":"https:\/\/istanbulstroller.com\/tr\/wp-json\/wp\/v2\/media\/4586"}],"wp:attachment":[{"href":"https:\/\/istanbulstroller.com\/tr\/wp-json\/wp\/v2\/media?parent=5789"}],"wp:term":[{"taxonomy":"product_brand","embeddable":true,"href":"https:\/\/istanbulstroller.com\/tr\/wp-json\/wp\/v2\/product_brand?post=5789"},{"taxonomy":"product_cat","embeddable":true,"href":"https:\/\/istanbulstroller.com\/tr\/wp-json\/wp\/v2\/product_cat?post=5789"},{"taxonomy":"product_tag","embeddable":true,"href":"https:\/\/istanbulstroller.com\/tr\/wp-json\/wp\/v2\/product_tag?post=5789"}],"curies":[{"name":"wp","href":"https:\/\/api.w.org\/{rel}","templated":true}]}}