{"id":5790,"date":"2026-03-24T09:34:16","date_gmt":"2026-03-24T09:34:16","guid":{"rendered":"https:\/\/istanbulstroller.com\/product\/xiaomi-mitu-katlanabilir-bebek-arabasi\/"},"modified":"2026-04-14T14:27:00","modified_gmt":"2026-04-14T14:27:00","slug":"xiaomi-mitu-katlanabilir-bebek-arabasi","status":"publish","type":"product","link":"https:\/\/istanbulstroller.com\/tr\/urun\/xiaomi-mitu-katlanabilir-bebek-arabasi\/","title":{"rendered":"Xiaomi Mitu Katlanabilir Bebek Arabas\u0131"},"content":{"rendered":"<h2 data-path-to-node=\"0\">Xiaomi Mitu Katlanabilir Bebek Arabas\u0131 &#8211; Minimalist ve Kullan\u0131m\u0131 Kolay<\/h2>\n<p data-path-to-node=\"1\">\u015eehirli ebeveynler i\u00e7in tasarlanm\u0131\u015f, y\u00fcksek teknolojili ve minimalist bir seyahat deneyimi sunan <b data-path-to-node=\"1\" data-index-in-node=\"9\">Xiaomi Mitu Katlanabilir Bebek Arabas\u0131n\u0131 kiralay\u0131n<\/b>. Bu ultra <b data-path-to-node=\"1\" data-index-in-node=\"136\">hafif bebek arabas\u0131,<\/b> y\u00fcksek mukavemetli al\u00fcminyum ala\u015f\u0131ml\u0131 bir \u015fasiye ve zahmetsiz, kompakt bir \u015fekilde katlanmay\u0131 sa\u011flayan mekanik ba\u011flant\u0131 tasar\u0131m\u0131na sahiptir.  6 in\u00e7lik toksik olmayan PU k\u00f6p\u00fck tekerlekler ve d\u00f6rt tekerlekten ba\u011f\u0131ms\u0131z amortis\u00f6r sistemi ile donat\u0131lm\u0131\u015f olan bu bebek arabas\u0131, zeminden gelen titre\u015fimi \u00f6nemli \u00f6l\u00e7\u00fcde azaltarak dengeli ve konforlu bir s\u00fcr\u00fc\u015f sa\u011flar. Ters \u00e7evrilebilir koltuk se\u00e7ene\u011fi, UPF 50+ profesyonel d\u00fczeyde g\u00fcne\u015f korumas\u0131 ve nefes alabilen, y\u0131kanabilir kuma\u015flar\u0131 ile bu bebek arabas\u0131, modern konfor ve g\u00fcvenlik arayan 15 kg&#8217;a kadar olan \u00e7ocuklar i\u00e7in m\u00fckemmel bir kiralama se\u00e7ene\u011fidir. <\/p>\n","protected":false},"excerpt":{"rendered":"<p>\u015eehirli ebeveynler i\u00e7in tasarlanm\u0131\u015f, y\u00fcksek teknolojili ve minimalist bir seyahat deneyimi sunan <b data-path-to-node=\"1\" data-index-in-node=\"9\">Xiaomi Mitu Katlanabilir Bebek Arabas\u0131n\u0131 kiralay\u0131n<\/b>. Bu ultra <b data-path-to-node=\"1\" data-index-in-node=\"136\">hafif bebek arabas\u0131,<\/b> y\u00fcksek mukavemetli al\u00fcminyum ala\u015f\u0131ml\u0131 bir \u015fasiye ve zahmetsiz, kompakt bir \u015fekilde katlanmay\u0131 sa\u011flayan mekanik ba\u011flant\u0131 tasar\u0131m\u0131na sahiptir. <\/p>\n","protected":false},"featured_media":4619,"comment_status":"closed","ping_status":"closed","template":"","meta":[],"product_brand":[],"product_cat":[314],"product_tag":[],"class_list":{"0":"post-5790","1":"product","2":"type-product","3":"status-publish","4":"has-post-thumbnail","6":"product_cat-seyahat-bebek-arabalari","8":"first","9":"instock","10":"featured","11":"shipping-taxable","12":"product-type-simple"},"_links":{"self":[{"href":"https:\/\/istanbulstroller.com\/tr\/wp-json\/wp\/v2\/product\/5790","targetHints":{"allow":["GET"]}}],"collection":[{"href":"https:\/\/istanbulstroller.com\/tr\/wp-json\/wp\/v2\/product"}],"about":[{"href":"https:\/\/istanbulstroller.com\/tr\/wp-json\/wp\/v2\/types\/product"}],"replies":[{"embeddable":true,"href":"https:\/\/istanbulstroller.com\/tr\/wp-json\/wp\/v2\/comments?post=5790"}],"version-history":[{"count":1,"href":"https:\/\/istanbulstroller.com\/tr\/wp-json\/wp\/v2\/product\/5790\/revisions"}],"predecessor-version":[{"id":5837,"href":"https:\/\/istanbulstroller.com\/tr\/wp-json\/wp\/v2\/product\/5790\/revisions\/5837"}],"wp:featuredmedia":[{"embeddable":true,"href":"https:\/\/istanbulstroller.com\/tr\/wp-json\/wp\/v2\/media\/4619"}],"wp:attachment":[{"href":"https:\/\/istanbulstroller.com\/tr\/wp-json\/wp\/v2\/media?parent=5790"}],"wp:term":[{"taxonomy":"product_brand","embeddable":true,"href":"https:\/\/istanbulstroller.com\/tr\/wp-json\/wp\/v2\/product_brand?post=5790"},{"taxonomy":"product_cat","embeddable":true,"href":"https:\/\/istanbulstroller.com\/tr\/wp-json\/wp\/v2\/product_cat?post=5790"},{"taxonomy":"product_tag","embeddable":true,"href":"https:\/\/istanbulstroller.com\/tr\/wp-json\/wp\/v2\/product_tag?post=5790"}],"curies":[{"name":"wp","href":"https:\/\/api.w.org\/{rel}","templated":true}]}}