{"id":5791,"date":"2026-03-24T10:05:38","date_gmt":"2026-03-24T10:05:38","guid":{"rendered":"https:\/\/istanbulstroller.com\/product\/cybex-eezy-s-twist-bebek-arabasi\/"},"modified":"2026-04-14T14:24:14","modified_gmt":"2026-04-14T14:24:14","slug":"cybex-eezy-s-twist-bebek-arabasi","status":"publish","type":"product","link":"https:\/\/istanbulstroller.com\/tr\/urun\/cybex-eezy-s-twist-bebek-arabasi\/","title":{"rendered":"Cybex Eezy S Twist Bebek Arabas\u0131"},"content":{"rendered":"<h2 data-path-to-node=\"0\">Cybex Eezy S Twist &#8211; 360\u00b0 D\u00f6nen L\u00fcks Model<\/h2>\n<p data-path-to-node=\"1\"><b data-path-to-node=\"1\" data-index-in-node=\"9\">Cybex Eezy S Twist&#8217;<\/b>i kiralay\u0131n ve tek elinizle bebe\u011finizin bak\u0131\u015f a\u00e7\u0131s\u0131n\u0131 de\u011fi\u015ftirebilece\u011finiz benzersiz 360\u00b0 d\u00f6nebilen koltu\u011fu sayesinde devrim niteli\u011finde bir seyahat deneyimi ya\u015fay\u0131n. Bu birinci s\u0131n\u0131f, kabin boyutunda bebek arabas\u0131, do\u011fumdan itibaren <b data-path-to-node=\"1\" data-index-in-node=\"188\">22 kg<\/b>&#8216;a kadar olan bebekler i\u00e7in uygundur ve rahat uykular i\u00e7in tamamen yat\u0131k konuma getirilebilen mod da dahil olmak \u00fczere \u00fc\u00e7 farkl\u0131 yat\u0131rma pozisyonu sunar.  Kentsel ortamlarda \u00e7eviklik ve u\u00e7ak seyahatleri i\u00e7in tasarlanan bu bebek arabas\u0131, d\u00f6rt tekerlekten ba\u011f\u0131ms\u0131z s\u00fcspansiyon sistemine ve tek elle katlan\u0131p kendi ba\u015f\u0131na dik durabilen kompakt bir tasar\u0131ma sahiptir. XXL g\u00fcne\u015flik ve nefes alabilen kuma\u015flar\u0131yla bu bebek arabas\u0131, l\u00fcks, g\u00fcvenlik ve zahmetsiz manevra kabiliyetini tek bir hafif pakette bir araya getirmek isteyen ebeveynler i\u00e7in en ideal kiralama se\u00e7ene\u011fidir. <\/p>\n","protected":false},"excerpt":{"rendered":"<p><b data-path-to-node=\"1\" data-index-in-node=\"9\">Cybex Eezy S Twist&#8217;<\/b>i kiralay\u0131n ve tek elinizle bebe\u011finizin bak\u0131\u015f a\u00e7\u0131s\u0131n\u0131 de\u011fi\u015ftirebilece\u011finiz benzersiz 360\u00b0 d\u00f6nebilen koltu\u011fu sayesinde devrim niteli\u011finde bir seyahat deneyimi ya\u015fay\u0131n. Bu birinci s\u0131n\u0131f, kabin boyutunda bebek arabas\u0131, do\u011fumdan itibaren <b data-path-to-node=\"1\" data-index-in-node=\"188\">22 kg<\/b>&#8216;a kadar olan bebekler i\u00e7in uygundur ve rahat uykular i\u00e7in tamamen yat\u0131k konuma getirilebilen mod da dahil olmak \u00fczere \u00fc\u00e7 farkl\u0131 yat\u0131rma pozisyonu sunar. <\/p>\n","protected":false},"featured_media":4626,"comment_status":"closed","ping_status":"closed","template":"","meta":[],"product_brand":[],"product_cat":[314],"product_tag":[],"class_list":{"0":"post-5791","1":"product","2":"type-product","3":"status-publish","4":"has-post-thumbnail","6":"product_cat-seyahat-bebek-arabalari","8":"first","9":"instock","10":"featured","11":"shipping-taxable","12":"product-type-simple"},"_links":{"self":[{"href":"https:\/\/istanbulstroller.com\/tr\/wp-json\/wp\/v2\/product\/5791","targetHints":{"allow":["GET"]}}],"collection":[{"href":"https:\/\/istanbulstroller.com\/tr\/wp-json\/wp\/v2\/product"}],"about":[{"href":"https:\/\/istanbulstroller.com\/tr\/wp-json\/wp\/v2\/types\/product"}],"replies":[{"embeddable":true,"href":"https:\/\/istanbulstroller.com\/tr\/wp-json\/wp\/v2\/comments?post=5791"}],"version-history":[{"count":1,"href":"https:\/\/istanbulstroller.com\/tr\/wp-json\/wp\/v2\/product\/5791\/revisions"}],"predecessor-version":[{"id":5834,"href":"https:\/\/istanbulstroller.com\/tr\/wp-json\/wp\/v2\/product\/5791\/revisions\/5834"}],"wp:featuredmedia":[{"embeddable":true,"href":"https:\/\/istanbulstroller.com\/tr\/wp-json\/wp\/v2\/media\/4626"}],"wp:attachment":[{"href":"https:\/\/istanbulstroller.com\/tr\/wp-json\/wp\/v2\/media?parent=5791"}],"wp:term":[{"taxonomy":"product_brand","embeddable":true,"href":"https:\/\/istanbulstroller.com\/tr\/wp-json\/wp\/v2\/product_brand?post=5791"},{"taxonomy":"product_cat","embeddable":true,"href":"https:\/\/istanbulstroller.com\/tr\/wp-json\/wp\/v2\/product_cat?post=5791"},{"taxonomy":"product_tag","embeddable":true,"href":"https:\/\/istanbulstroller.com\/tr\/wp-json\/wp\/v2\/product_tag?post=5791"}],"curies":[{"name":"wp","href":"https:\/\/api.w.org\/{rel}","templated":true}]}}