{"id":5792,"date":"2026-04-03T15:52:19","date_gmt":"2026-04-03T15:52:19","guid":{"rendered":"https:\/\/istanbulstroller.com\/product\/akilli-paket-5-bebek-arabasi-ve-araba-koltugu\/"},"modified":"2026-04-03T15:52:19","modified_gmt":"2026-04-03T15:52:19","slug":"akilli-paket-5-bebek-arabasi-ve-araba-koltugu","status":"publish","type":"product","link":"https:\/\/istanbulstroller.com\/tr\/urun\/akilli-paket-5-bebek-arabasi-ve-araba-koltugu\/","title":{"rendered":"Ak\u0131ll\u0131 Paket 5: Bebek Arabas\u0131 ve Araba Koltu\u011fu"},"content":{"rendered":"<h2 data-path-to-node=\"0\">Ak\u0131ll\u0131 Paket 5: Yolda G\u00fcvenlik ve Mobilite<\/h2>\n<p data-path-to-node=\"1\">&#8220;Yolda G\u00fcvenlik ve Hareketlilik&#8221; paketimizle arabadan kald\u0131r\u0131ma sorunsuz ge\u00e7i\u015flerin keyfini \u00e7\u0131kar\u0131n. Bu y\u00fcksek performansl\u0131 ikili, Kraft Safe Spin Araba Koltu\u011fu ve <b data-path-to-node=\"1\" data-index-in-node=\"70\">Joie Nitro LX Bebek Arabas\u0131<\/b>&#8216;ndan olu\u015fur; b\u00f6ylece \u00e7ocu\u011funuz her yolculukta maksimum koruma alt\u0131nda olur ve her y\u00fcr\u00fcy\u00fc\u015fte rahat ve konforlu bir deneyim ya\u015far. <\/p>\n","protected":false},"excerpt":{"rendered":"<p>&#8220;Yolda G\u00fcvenlik ve Hareket Kabiliyeti&#8221; paketimizle arabadan kald\u0131r\u0131ma sorunsuz ge\u00e7i\u015flerin keyfini \u00e7\u0131kar\u0131n.<\/p>\n","protected":false},"featured_media":4058,"comment_status":"closed","ping_status":"closed","template":"","meta":[],"product_brand":[],"product_cat":[319],"product_tag":[],"class_list":{"0":"post-5792","1":"product","2":"type-product","3":"status-publish","4":"has-post-thumbnail","6":"product_cat-paketler","8":"first","9":"instock","10":"shipping-taxable","11":"product-type-simple"},"_links":{"self":[{"href":"https:\/\/istanbulstroller.com\/tr\/wp-json\/wp\/v2\/product\/5792","targetHints":{"allow":["GET"]}}],"collection":[{"href":"https:\/\/istanbulstroller.com\/tr\/wp-json\/wp\/v2\/product"}],"about":[{"href":"https:\/\/istanbulstroller.com\/tr\/wp-json\/wp\/v2\/types\/product"}],"replies":[{"embeddable":true,"href":"https:\/\/istanbulstroller.com\/tr\/wp-json\/wp\/v2\/comments?post=5792"}],"version-history":[{"count":0,"href":"https:\/\/istanbulstroller.com\/tr\/wp-json\/wp\/v2\/product\/5792\/revisions"}],"wp:featuredmedia":[{"embeddable":true,"href":"https:\/\/istanbulstroller.com\/tr\/wp-json\/wp\/v2\/media\/4058"}],"wp:attachment":[{"href":"https:\/\/istanbulstroller.com\/tr\/wp-json\/wp\/v2\/media?parent=5792"}],"wp:term":[{"taxonomy":"product_brand","embeddable":true,"href":"https:\/\/istanbulstroller.com\/tr\/wp-json\/wp\/v2\/product_brand?post=5792"},{"taxonomy":"product_cat","embeddable":true,"href":"https:\/\/istanbulstroller.com\/tr\/wp-json\/wp\/v2\/product_cat?post=5792"},{"taxonomy":"product_tag","embeddable":true,"href":"https:\/\/istanbulstroller.com\/tr\/wp-json\/wp\/v2\/product_tag?post=5792"}],"curies":[{"name":"wp","href":"https:\/\/api.w.org\/{rel}","templated":true}]}}