{"id":5793,"date":"2026-04-03T15:45:22","date_gmt":"2026-04-03T15:45:22","guid":{"rendered":"https:\/\/istanbulstroller.com\/product\/akilli-paket-4-bebek-yatagi-bebek-arabasi-ve-tasima-cantasi\/"},"modified":"2026-04-03T15:45:22","modified_gmt":"2026-04-03T15:45:22","slug":"akilli-paket-4-bebek-yatagi-bebek-arabasi-ve-tasima-cantasi","status":"publish","type":"product","link":"https:\/\/istanbulstroller.com\/tr\/urun\/akilli-paket-4-bebek-yatagi-bebek-arabasi-ve-tasima-cantasi\/","title":{"rendered":"Ak\u0131ll\u0131 Paket 4: Bebek Yata\u011f\u0131, Bebek Arabas\u0131 ve Ta\u015f\u0131ma \u00c7antas\u0131"},"content":{"rendered":"<h2 data-path-to-node=\"0\">Ak\u0131ll\u0131 Paket 4: Kapsaml\u0131 Seyahat ve Uyku \u00c7\u00f6z\u00fcm\u00fc<\/h2>\n<p data-path-to-node=\"1\">&#8220;Komple Seyahat ve Uyku \u00c7\u00f6z\u00fcm\u00fc&#8221; ile \u00f6zg\u00fcrl\u00fc\u011f\u00fcn\u00fcz\u00fc ve bebe\u011finizin konforunu en \u00fcst d\u00fczeye \u00e7\u0131kar\u0131n. Bu m\u00fckemmel \u00fc\u00e7l\u00fc set, s\u0131n\u0131rlara boyun e\u011fmeyi reddeden aileler i\u00e7in tasarlanm\u0131\u015f olup, evde uyku saatlerinden \u015fehirde gezintiye ve ellerinizi serbest b\u0131rakarak ke\u015ffetmeye kadar kesintisiz bir ge\u00e7i\u015f sa\u011flar. <b data-path-to-node=\"1\" data-index-in-node=\"293\">Kanz Love Bebek Yata\u011f\u0131<\/b>, <b data-path-to-node=\"1\" data-index-in-node=\"55\">Joie Nitro LX Bebek Arabas\u0131<\/b> ve <b data-path-to-node=\"1\" data-index-in-node=\"268\">Kraft Air Cool<\/b> Bebek Ta\u015f\u0131y\u0131c\u0131s\u0131ndan olu\u015fan bu paket, t\u00fcm temel hareket ve uyku ihtiya\u00e7lar\u0131n\u0131 tek bir &#8220;Ak\u0131ll\u0131&#8221; pakette kar\u015f\u0131lar.  <\/p>\n","protected":false},"excerpt":{"rendered":"<p><b data-path-to-node=\"1\" data-index-in-node=\"55\">&#8220;Komple Seyahat ve Uyku \u00c7\u00f6z\u00fcm\u00fc&#8221; <\/b>ile \u00f6zg\u00fcrl\u00fc\u011f\u00fcn\u00fcz\u00fc ve bebe\u011finizin konforunu en \u00fcst d\u00fczeye \u00e7\u0131kar\u0131n.<\/p>\n","protected":false},"featured_media":4054,"comment_status":"closed","ping_status":"closed","template":"","meta":[],"product_brand":[],"product_cat":[319],"product_tag":[],"class_list":{"0":"post-5793","1":"product","2":"type-product","3":"status-publish","4":"has-post-thumbnail","6":"product_cat-paketler","8":"first","9":"instock","10":"shipping-taxable","11":"product-type-simple"},"_links":{"self":[{"href":"https:\/\/istanbulstroller.com\/tr\/wp-json\/wp\/v2\/product\/5793","targetHints":{"allow":["GET"]}}],"collection":[{"href":"https:\/\/istanbulstroller.com\/tr\/wp-json\/wp\/v2\/product"}],"about":[{"href":"https:\/\/istanbulstroller.com\/tr\/wp-json\/wp\/v2\/types\/product"}],"replies":[{"embeddable":true,"href":"https:\/\/istanbulstroller.com\/tr\/wp-json\/wp\/v2\/comments?post=5793"}],"version-history":[{"count":0,"href":"https:\/\/istanbulstroller.com\/tr\/wp-json\/wp\/v2\/product\/5793\/revisions"}],"wp:featuredmedia":[{"embeddable":true,"href":"https:\/\/istanbulstroller.com\/tr\/wp-json\/wp\/v2\/media\/4054"}],"wp:attachment":[{"href":"https:\/\/istanbulstroller.com\/tr\/wp-json\/wp\/v2\/media?parent=5793"}],"wp:term":[{"taxonomy":"product_brand","embeddable":true,"href":"https:\/\/istanbulstroller.com\/tr\/wp-json\/wp\/v2\/product_brand?post=5793"},{"taxonomy":"product_cat","embeddable":true,"href":"https:\/\/istanbulstroller.com\/tr\/wp-json\/wp\/v2\/product_cat?post=5793"},{"taxonomy":"product_tag","embeddable":true,"href":"https:\/\/istanbulstroller.com\/tr\/wp-json\/wp\/v2\/product_tag?post=5793"}],"curies":[{"name":"wp","href":"https:\/\/api.w.org\/{rel}","templated":true}]}}