{"id":5794,"date":"2026-04-03T15:40:01","date_gmt":"2026-04-03T15:40:01","guid":{"rendered":"https:\/\/istanbulstroller.com\/product\/akilli-paket-3-bebek-yatagi-ve-bebek-arabasi\/"},"modified":"2026-04-03T15:40:01","modified_gmt":"2026-04-03T15:40:01","slug":"akilli-paket-3-bebek-yatagi-ve-bebek-arabasi","status":"publish","type":"product","link":"https:\/\/istanbulstroller.com\/tr\/urun\/akilli-paket-3-bebek-yatagi-ve-bebek-arabasi\/","title":{"rendered":"Ak\u0131ll\u0131 Paket 3: Bebek Yata\u011f\u0131 ve Bebek Arabas\u0131"},"content":{"rendered":"<h2 data-path-to-node=\"0\">Ak\u0131ll\u0131 Paket 3: Ev ve Seyahat \u0130\u00e7in Temel \u00dcr\u00fcnler<\/h2>\n<p data-path-to-node=\"1\"><b data-path-to-node=\"1\" data-index-in-node=\"148\">Home &amp; Go Essentials<\/b> setimizle ev konforu ile d\u0131\u015f mekan hareketlili\u011finin m\u00fckemmel dengesini ya\u015fay\u0131n. Bu kullan\u0131\u015fl\u0131 ikili, \u00e7ok y\u00f6nl\u00fc Kanz Love Bebek Yata\u011f\u0131 ile hafif <b data-path-to-node=\"1\" data-index-in-node=\"77\">Joie Nitro LX Bebek Arabas\u0131<\/b>ndan olu\u015fur ve bebe\u011finiz ister oturma odas\u0131nda uyuyor ister \u015fehir sokaklar\u0131n\u0131 ke\u015ffediyor olsun, ona her zaman ayn\u0131 g\u00fcven hissini sunar. <\/p>\n","protected":false},"excerpt":{"rendered":"<p><b data-path-to-node=\"1\" data-index-in-node=\"77\">Home &amp; Go Essentials<\/b> paketimizle ev konforu ile d\u0131\u015f mekan hareketlili\u011finin m\u00fckemmel dengesini ya\u015fay\u0131n.<\/p>\n","protected":false},"featured_media":4049,"comment_status":"closed","ping_status":"closed","template":"","meta":[],"product_brand":[],"product_cat":[319],"product_tag":[],"class_list":{"0":"post-5794","1":"product","2":"type-product","3":"status-publish","4":"has-post-thumbnail","6":"product_cat-paketler","8":"first","9":"instock","10":"shipping-taxable","11":"product-type-simple"},"_links":{"self":[{"href":"https:\/\/istanbulstroller.com\/tr\/wp-json\/wp\/v2\/product\/5794","targetHints":{"allow":["GET"]}}],"collection":[{"href":"https:\/\/istanbulstroller.com\/tr\/wp-json\/wp\/v2\/product"}],"about":[{"href":"https:\/\/istanbulstroller.com\/tr\/wp-json\/wp\/v2\/types\/product"}],"replies":[{"embeddable":true,"href":"https:\/\/istanbulstroller.com\/tr\/wp-json\/wp\/v2\/comments?post=5794"}],"version-history":[{"count":0,"href":"https:\/\/istanbulstroller.com\/tr\/wp-json\/wp\/v2\/product\/5794\/revisions"}],"wp:featuredmedia":[{"embeddable":true,"href":"https:\/\/istanbulstroller.com\/tr\/wp-json\/wp\/v2\/media\/4049"}],"wp:attachment":[{"href":"https:\/\/istanbulstroller.com\/tr\/wp-json\/wp\/v2\/media?parent=5794"}],"wp:term":[{"taxonomy":"product_brand","embeddable":true,"href":"https:\/\/istanbulstroller.com\/tr\/wp-json\/wp\/v2\/product_brand?post=5794"},{"taxonomy":"product_cat","embeddable":true,"href":"https:\/\/istanbulstroller.com\/tr\/wp-json\/wp\/v2\/product_cat?post=5794"},{"taxonomy":"product_tag","embeddable":true,"href":"https:\/\/istanbulstroller.com\/tr\/wp-json\/wp\/v2\/product_tag?post=5794"}],"curies":[{"name":"wp","href":"https:\/\/api.w.org\/{rel}","templated":true}]}}