{"id":5795,"date":"2026-04-03T15:32:58","date_gmt":"2026-04-03T15:32:58","guid":{"rendered":"https:\/\/istanbulstroller.com\/product\/akilli-paket-2-bebek-yatagi-sallanan-sandalye-ve-mama-sandalyesi\/"},"modified":"2026-04-03T15:32:58","modified_gmt":"2026-04-03T15:32:58","slug":"akilli-paket-2-bebek-yatagi-sallanan-sandalye-ve-mama-sandalyesi","status":"publish","type":"product","link":"https:\/\/istanbulstroller.com\/tr\/urun\/akilli-paket-2-bebek-yatagi-sallanan-sandalye-ve-mama-sandalyesi\/","title":{"rendered":"Ak\u0131ll\u0131 Paket 2: Bebek Yata\u011f\u0131, Sallanan Sandalye ve Mama Sandalyesi"},"content":{"rendered":"<h2 data-path-to-node=\"0\">Ak\u0131ll\u0131 Paket 2: \u00dcst D\u00fczey Yeti\u015ftirme Konforu<\/h2>\n<p data-path-to-node=\"1\"><b data-path-to-node=\"1\" data-index-in-node=\"43\">Ultimate Growing Comfort <\/b>paketi ile bebe\u011finizin g\u00fcnl\u00fck rutinini bir \u00fcst seviyeye ta\u015f\u0131y\u0131n. Bu kapsaml\u0131 \u00fc\u00e7l\u00fc set, g\u00fcvenli uyku, son teknoloji \u00fcr\u00fcn\u00fc sakinle\u015ftirme ve pratik beslenme \u00f6zelliklerini bir araya getirerek, bebe\u011finizin do\u011fumundan ilk ba\u011f\u0131ms\u0131z \u00f6\u011f\u00fcnlerine kadar her a\u015famada desteklenmesini sa\u011flar. <b data-path-to-node=\"1\" data-index-in-node=\"259\">Kanz Love Playard<\/b>, <b data-path-to-node=\"1\" data-index-in-node=\"282\">Kraft Sway<\/b> Elektrikli Sal\u0131ncak ve <b data-path-to-node=\"1\" data-index-in-node=\"317\">Kanz Bistro <\/b>Mama Sandalyesi&#8217;nden olu\u015fan bu &#8220;Smart Package 2&#8221;, modern ve aktif aileler i\u00e7in kusursuz bir hepsi bir arada kiralama \u00e7\u00f6z\u00fcm\u00fcd\u00fcr.  <\/p>\n","protected":false},"excerpt":{"rendered":"<p><b data-path-to-node=\"1\" data-index-in-node=\"43\">Ultimate Growing Comfort <\/b>setiyle bebe\u011finizin g\u00fcnl\u00fck rutinini bir \u00fcst seviyeye ta\u015f\u0131y\u0131n. Bu kapsaml\u0131 \u00fc\u00e7l\u00fc set, g\u00fcvenli uyku, son teknoloji \u00fcr\u00fcn\u00fc sakinle\u015ftirme ve pratik beslenme \u00f6zelliklerini bir araya getiriyor <\/p>\n","protected":false},"featured_media":4043,"comment_status":"closed","ping_status":"closed","template":"","meta":[],"product_brand":[],"product_cat":[319],"product_tag":[],"class_list":{"0":"post-5795","1":"product","2":"type-product","3":"status-publish","4":"has-post-thumbnail","6":"product_cat-paketler","8":"first","9":"instock","10":"shipping-taxable","11":"product-type-simple"},"_links":{"self":[{"href":"https:\/\/istanbulstroller.com\/tr\/wp-json\/wp\/v2\/product\/5795","targetHints":{"allow":["GET"]}}],"collection":[{"href":"https:\/\/istanbulstroller.com\/tr\/wp-json\/wp\/v2\/product"}],"about":[{"href":"https:\/\/istanbulstroller.com\/tr\/wp-json\/wp\/v2\/types\/product"}],"replies":[{"embeddable":true,"href":"https:\/\/istanbulstroller.com\/tr\/wp-json\/wp\/v2\/comments?post=5795"}],"version-history":[{"count":0,"href":"https:\/\/istanbulstroller.com\/tr\/wp-json\/wp\/v2\/product\/5795\/revisions"}],"wp:featuredmedia":[{"embeddable":true,"href":"https:\/\/istanbulstroller.com\/tr\/wp-json\/wp\/v2\/media\/4043"}],"wp:attachment":[{"href":"https:\/\/istanbulstroller.com\/tr\/wp-json\/wp\/v2\/media?parent=5795"}],"wp:term":[{"taxonomy":"product_brand","embeddable":true,"href":"https:\/\/istanbulstroller.com\/tr\/wp-json\/wp\/v2\/product_brand?post=5795"},{"taxonomy":"product_cat","embeddable":true,"href":"https:\/\/istanbulstroller.com\/tr\/wp-json\/wp\/v2\/product_cat?post=5795"},{"taxonomy":"product_tag","embeddable":true,"href":"https:\/\/istanbulstroller.com\/tr\/wp-json\/wp\/v2\/product_tag?post=5795"}],"curies":[{"name":"wp","href":"https:\/\/api.w.org\/{rel}","templated":true}]}}