{"id":5796,"date":"2026-04-03T15:20:44","date_gmt":"2026-04-03T15:20:44","guid":{"rendered":"https:\/\/istanbulstroller.com\/product\/akilli-paket-1-bebek-yatagi-ve-sallanan-sandalye\/"},"modified":"2026-04-03T15:20:44","modified_gmt":"2026-04-03T15:20:44","slug":"akilli-paket-1-bebek-yatagi-ve-sallanan-sandalye","status":"publish","type":"product","link":"https:\/\/istanbulstroller.com\/tr\/urun\/akilli-paket-1-bebek-yatagi-ve-sallanan-sandalye\/","title":{"rendered":"Ak\u0131ll\u0131 Paket 1: Bebek Yata\u011f\u0131 ve Sallanan Sandalye"},"content":{"rendered":"<h2 data-path-to-node=\"0\">Ak\u0131ll\u0131 Paket 1: Uyku ve Rahatlama Temel \u00dcr\u00fcnleri<\/h2>\n<p data-path-to-node=\"1\">\u00d6zel olarak se\u00e7ilmi\u015f bu ikili set ile bebe\u011finize dinlenme ve rahatlama i\u00e7in en ideal ortam\u0131 sunun. <b data-path-to-node=\"1\" data-index-in-node=\"200\">Kanz Love<\/b> Playard\u2019\u0131n ferah ve g\u00fcvenli d\u00fcnyas\u0131n\u0131 <b data-path-to-node=\"1\" data-index-in-node=\"141\">Kraft Sway<\/b> Elektrikli Sal\u0131ncak\u2019\u0131n y\u00fcksek teknolojili sakinle\u015ftirici ritmiyle bir araya getiren bu paket, hem konforu hem de pratikli\u011fi \u00f6nemseyen modern ebeveynler i\u00e7in m\u00fckemmel bir se\u00e7imdir. <\/p>\n","protected":false},"excerpt":{"rendered":"<p>\u00d6zel olarak se\u00e7ilmi\u015f bu ikili setle bebe\u011finize dinlenme ve rahatlama i\u00e7in en ideal ortam\u0131 sunun.<\/p>\n","protected":false},"featured_media":4038,"comment_status":"closed","ping_status":"closed","template":"","meta":[],"product_brand":[],"product_cat":[319],"product_tag":[],"class_list":{"0":"post-5796","1":"product","2":"type-product","3":"status-publish","4":"has-post-thumbnail","6":"product_cat-paketler","8":"first","9":"instock","10":"shipping-taxable","11":"product-type-simple"},"_links":{"self":[{"href":"https:\/\/istanbulstroller.com\/tr\/wp-json\/wp\/v2\/product\/5796","targetHints":{"allow":["GET"]}}],"collection":[{"href":"https:\/\/istanbulstroller.com\/tr\/wp-json\/wp\/v2\/product"}],"about":[{"href":"https:\/\/istanbulstroller.com\/tr\/wp-json\/wp\/v2\/types\/product"}],"replies":[{"embeddable":true,"href":"https:\/\/istanbulstroller.com\/tr\/wp-json\/wp\/v2\/comments?post=5796"}],"version-history":[{"count":0,"href":"https:\/\/istanbulstroller.com\/tr\/wp-json\/wp\/v2\/product\/5796\/revisions"}],"wp:featuredmedia":[{"embeddable":true,"href":"https:\/\/istanbulstroller.com\/tr\/wp-json\/wp\/v2\/media\/4038"}],"wp:attachment":[{"href":"https:\/\/istanbulstroller.com\/tr\/wp-json\/wp\/v2\/media?parent=5796"}],"wp:term":[{"taxonomy":"product_brand","embeddable":true,"href":"https:\/\/istanbulstroller.com\/tr\/wp-json\/wp\/v2\/product_brand?post=5796"},{"taxonomy":"product_cat","embeddable":true,"href":"https:\/\/istanbulstroller.com\/tr\/wp-json\/wp\/v2\/product_cat?post=5796"},{"taxonomy":"product_tag","embeddable":true,"href":"https:\/\/istanbulstroller.com\/tr\/wp-json\/wp\/v2\/product_tag?post=5796"}],"curies":[{"name":"wp","href":"https:\/\/api.w.org\/{rel}","templated":true}]}}