{"id":5797,"date":"2026-04-03T14:35:29","date_gmt":"2026-04-03T14:35:29","guid":{"rendered":"https:\/\/istanbulstroller.com\/product\/prego-aris-mama-sandalyesi\/"},"modified":"2026-04-03T14:35:29","modified_gmt":"2026-04-03T14:35:29","slug":"prego-aris-mama-sandalyesi","status":"publish","type":"product","link":"https:\/\/istanbulstroller.com\/tr\/urun\/prego-aris-mama-sandalyesi\/","title":{"rendered":"Prego Aris Mama Sandalyesi"},"content":{"rendered":"<h2 data-path-to-node=\"0\">Prego Aris &#8211; Kompakt ve Minimalist Yemek Tak\u0131m\u0131<\/h2>\n<p data-path-to-node=\"1\">Modern tasar\u0131m\u0131 temel i\u015flevsellikle birle\u015ftiren \u015f\u0131k ve yerden tasarruf sa\u011flayan bir yemek \u00e7\u00f6z\u00fcm\u00fc i\u00e7in <b data-path-to-node=\"1\" data-index-in-node=\"9\">Prego Aris Mama Sandalyesini kiralay\u0131n<\/b>. Bu hafif mama sandalyesi, maksimum g\u00fcvenlik i\u00e7in sa\u011flam ve geni\u015f tabanl\u0131 bir iskelete ve da\u011f\u0131n\u0131k yemeklerden sonra kolayca silinebilen rahat, yast\u0131kl\u0131 bir koltu\u011fa sahiptir. \u00c7\u0131kar\u0131labilir, \u00e7ok pozisyonlu tepsi ve g\u00fcvenli 5 noktal\u0131 emniyet kemeri ile donat\u0131lm\u0131\u015f olan bu mama sandalyesi, bebe\u011finizin ilk kat\u0131 g\u0131dalar\u0131n\u0131 keyifle yemesi i\u00e7in g\u00fcvenli ve \u015f\u0131k bir ortam sunar. Basit, aletsiz montaj\u0131 ve ultra kompakt katlama mekanizmas\u0131, <b data-path-to-node=\"1\" data-index-in-node=\"146\">Prego Aris<\/b>&#8216;i g\u00fcvenlikten \u00f6d\u00fcn vermeden minimalist pratikli\u011fe \u00f6nem veren k\u00fc\u00e7\u00fck evler veya aileler i\u00e7in m\u00fckemmel bir kiralama se\u00e7ene\u011fi haline getirir.   <\/p>\n","protected":false},"excerpt":{"rendered":"<p>Modern tasar\u0131m\u0131 temel i\u015flevsellikle birle\u015ftiren \u015f\u0131k ve yerden tasarruf sa\u011flayan bir yemek \u00e7\u00f6z\u00fcm\u00fc i\u00e7in <b data-path-to-node=\"1\" data-index-in-node=\"9\">Prego Aris Mama Sandalyesini kiralay\u0131n<\/b>.<\/p>\n","protected":false},"featured_media":4033,"comment_status":"closed","ping_status":"closed","template":"","meta":[],"product_brand":[],"product_cat":[318],"product_tag":[],"class_list":{"0":"post-5797","1":"product","2":"type-product","3":"status-publish","4":"has-post-thumbnail","6":"product_cat-mama-sandalyeleri","8":"first","9":"instock","10":"shipping-taxable","11":"product-type-simple"},"_links":{"self":[{"href":"https:\/\/istanbulstroller.com\/tr\/wp-json\/wp\/v2\/product\/5797","targetHints":{"allow":["GET"]}}],"collection":[{"href":"https:\/\/istanbulstroller.com\/tr\/wp-json\/wp\/v2\/product"}],"about":[{"href":"https:\/\/istanbulstroller.com\/tr\/wp-json\/wp\/v2\/types\/product"}],"replies":[{"embeddable":true,"href":"https:\/\/istanbulstroller.com\/tr\/wp-json\/wp\/v2\/comments?post=5797"}],"version-history":[{"count":0,"href":"https:\/\/istanbulstroller.com\/tr\/wp-json\/wp\/v2\/product\/5797\/revisions"}],"wp:featuredmedia":[{"embeddable":true,"href":"https:\/\/istanbulstroller.com\/tr\/wp-json\/wp\/v2\/media\/4033"}],"wp:attachment":[{"href":"https:\/\/istanbulstroller.com\/tr\/wp-json\/wp\/v2\/media?parent=5797"}],"wp:term":[{"taxonomy":"product_brand","embeddable":true,"href":"https:\/\/istanbulstroller.com\/tr\/wp-json\/wp\/v2\/product_brand?post=5797"},{"taxonomy":"product_cat","embeddable":true,"href":"https:\/\/istanbulstroller.com\/tr\/wp-json\/wp\/v2\/product_cat?post=5797"},{"taxonomy":"product_tag","embeddable":true,"href":"https:\/\/istanbulstroller.com\/tr\/wp-json\/wp\/v2\/product_tag?post=5797"}],"curies":[{"name":"wp","href":"https:\/\/api.w.org\/{rel}","templated":true}]}}