{"id":5798,"date":"2026-04-03T14:27:35","date_gmt":"2026-04-03T14:27:35","guid":{"rendered":"https:\/\/istanbulstroller.com\/product\/kanz-bistro-mama-sandalyesi\/"},"modified":"2026-04-03T14:27:35","modified_gmt":"2026-04-03T14:27:35","slug":"kanz-bistro-mama-sandalyesi","status":"publish","type":"product","link":"https:\/\/istanbulstroller.com\/tr\/urun\/kanz-bistro-mama-sandalyesi\/","title":{"rendered":"Kanz Bistro Mama Sandalyesi"},"content":{"rendered":"<h2 data-path-to-node=\"0\">Kanz Bistro &#8211; \u015e\u0131k ve Pratik Yemek Alan\u0131<\/h2>\n<p data-path-to-node=\"1\">Evinize kusursuz bir \u015fekilde uyum sa\u011flayan, konforlu ve son derece ayarlanabilir bir yemek deneyimi i\u00e7in <b data-path-to-node=\"1\" data-index-in-node=\"9\">Kanz Bistro Mama Sandalyesini kiralay\u0131n<\/b>. Bu modern mama sandalyesi, \u00e7e\u015fitli y\u00fckseklik ve yaslanma se\u00e7enekleri sunarak hem beslenme hem de yemekten sonra k\u0131sa s\u00fcreli dinlenme i\u00e7in idealdir. Kolay temizlik i\u00e7in \u00e7ift katmanl\u0131 \u00e7\u0131kar\u0131labilir tepsi ve yumu\u015fak, silinebilir koltuk k\u0131l\u0131f\u0131 ile tasarlanan bu \u00fcr\u00fcn, yemek zaman\u0131n\u0131n hijyenik ve sorunsuz ge\u00e7mesini sa\u011flar. 5 noktal\u0131 emniyet kemeri ve h\u0131zl\u0131 katlama mekanizmas\u0131 ile <b data-path-to-node=\"1\" data-index-in-node=\"139\">Kanz Bistro<\/b>, 6 ayl\u0131ktan 15 kg&#8217;a kadar olan bebekler i\u00e7in g\u00fcvenli ve yerden tasarruf sa\u011flayan bir kiralama \u00e7\u00f6z\u00fcm\u00fc sunar.   <\/p>\n","protected":false},"excerpt":{"rendered":"<p><b data-path-to-node=\"1\" data-index-in-node=\"9\">Kanz Bistro Mama Sandalyesi<\/b>ni kiralayarak, evinize m\u00fckemmel uyum sa\u011flayan, konforlu ve \u00e7ok y\u00f6nl\u00fc bir yemek deneyimi ya\u015fay\u0131n.<\/p>\n","protected":false},"featured_media":4023,"comment_status":"closed","ping_status":"closed","template":"","meta":[],"product_brand":[],"product_cat":[318],"product_tag":[],"class_list":{"0":"post-5798","1":"product","2":"type-product","3":"status-publish","4":"has-post-thumbnail","6":"product_cat-mama-sandalyeleri","8":"first","9":"instock","10":"shipping-taxable","11":"product-type-simple"},"_links":{"self":[{"href":"https:\/\/istanbulstroller.com\/tr\/wp-json\/wp\/v2\/product\/5798","targetHints":{"allow":["GET"]}}],"collection":[{"href":"https:\/\/istanbulstroller.com\/tr\/wp-json\/wp\/v2\/product"}],"about":[{"href":"https:\/\/istanbulstroller.com\/tr\/wp-json\/wp\/v2\/types\/product"}],"replies":[{"embeddable":true,"href":"https:\/\/istanbulstroller.com\/tr\/wp-json\/wp\/v2\/comments?post=5798"}],"version-history":[{"count":0,"href":"https:\/\/istanbulstroller.com\/tr\/wp-json\/wp\/v2\/product\/5798\/revisions"}],"wp:featuredmedia":[{"embeddable":true,"href":"https:\/\/istanbulstroller.com\/tr\/wp-json\/wp\/v2\/media\/4023"}],"wp:attachment":[{"href":"https:\/\/istanbulstroller.com\/tr\/wp-json\/wp\/v2\/media?parent=5798"}],"wp:term":[{"taxonomy":"product_brand","embeddable":true,"href":"https:\/\/istanbulstroller.com\/tr\/wp-json\/wp\/v2\/product_brand?post=5798"},{"taxonomy":"product_cat","embeddable":true,"href":"https:\/\/istanbulstroller.com\/tr\/wp-json\/wp\/v2\/product_cat?post=5798"},{"taxonomy":"product_tag","embeddable":true,"href":"https:\/\/istanbulstroller.com\/tr\/wp-json\/wp\/v2\/product_tag?post=5798"}],"curies":[{"name":"wp","href":"https:\/\/api.w.org\/{rel}","templated":true}]}}