{"id":5799,"date":"2026-04-03T14:20:29","date_gmt":"2026-04-03T14:20:29","guid":{"rendered":"https:\/\/istanbulstroller.com\/product\/prego-lucca-mama-mama-sandalyesi\/"},"modified":"2026-04-03T14:20:29","modified_gmt":"2026-04-03T14:20:29","slug":"prego-lucca-mama-mama-sandalyesi","status":"publish","type":"product","link":"https:\/\/istanbulstroller.com\/tr\/urun\/prego-lucca-mama-mama-sandalyesi\/","title":{"rendered":"Prego Lucca Mama Mama Sandalyesi"},"content":{"rendered":"<h2 data-path-to-node=\"0\">Prego Lucca &#8211; Ayarlanabilir Konforlu Mama Sandalyesi<\/h2>\n<p data-path-to-node=\"1\">\u00c7ocu\u011funuzla birlikte b\u00fcy\u00fcyen, \u00e7ok y\u00f6nl\u00fc ve ergonomik bir yemek \u00e7\u00f6z\u00fcm\u00fc i\u00e7in <b data-path-to-node=\"1\" data-index-in-node=\"9\">Prego Lucca Mama Sandalyesin<\/b>i kiralay\u0131n. Bu birinci s\u0131n\u0131f mama sandalyesi, 7 farkl\u0131 y\u00fckseklik ayar\u0131 ve 3 kademeli yat\u0131r\u0131labilir koltuk \u00f6zelli\u011fi sayesinde yemek masan\u0131za veya bebe\u011finizin rahatl\u0131\u011f\u0131na m\u00fckemmel \u015fekilde uyum sa\u011flar. \u00c7ift katmanl\u0131, \u00e7\u0131kar\u0131labilir tepsisi ve temizlenmesi kolay suni deri koltuk k\u0131l\u0131f\u0131 sayesinde, yemek zaman\u0131 hijyenini sa\u011flamak hi\u00e7 zor de\u011fil. 5 noktal\u0131 emniyet kemeri ve kompakt katlanabilir tasar\u0131m\u0131yla <b data-path-to-node=\"1\" data-index-in-node=\"119\">Prego Lucca<\/b>, bebeklikten 15 kg&#8217;a kadar g\u00fcvenli ve konforlu bir beslenme deneyimi sunan \u015f\u0131k ve pratik bir kiralama se\u00e7ene\u011fidir.   <\/p>\n","protected":false},"excerpt":{"rendered":"<p>\u00c7ocu\u011funuzla birlikte b\u00fcy\u00fcyen, \u00e7ok y\u00f6nl\u00fc ve ergonomik bir yemek \u00e7\u00f6z\u00fcm\u00fc i\u00e7in <b data-path-to-node=\"1\" data-index-in-node=\"9\">Prego Lucca Mama Sandalyesini kiralay\u0131n.<\/b><\/p>\n","protected":false},"featured_media":4015,"comment_status":"closed","ping_status":"closed","template":"","meta":[],"product_brand":[],"product_cat":[318],"product_tag":[],"class_list":{"0":"post-5799","1":"product","2":"type-product","3":"status-publish","4":"has-post-thumbnail","6":"product_cat-mama-sandalyeleri","8":"first","9":"instock","10":"shipping-taxable","11":"product-type-simple"},"_links":{"self":[{"href":"https:\/\/istanbulstroller.com\/tr\/wp-json\/wp\/v2\/product\/5799","targetHints":{"allow":["GET"]}}],"collection":[{"href":"https:\/\/istanbulstroller.com\/tr\/wp-json\/wp\/v2\/product"}],"about":[{"href":"https:\/\/istanbulstroller.com\/tr\/wp-json\/wp\/v2\/types\/product"}],"replies":[{"embeddable":true,"href":"https:\/\/istanbulstroller.com\/tr\/wp-json\/wp\/v2\/comments?post=5799"}],"version-history":[{"count":0,"href":"https:\/\/istanbulstroller.com\/tr\/wp-json\/wp\/v2\/product\/5799\/revisions"}],"wp:featuredmedia":[{"embeddable":true,"href":"https:\/\/istanbulstroller.com\/tr\/wp-json\/wp\/v2\/media\/4015"}],"wp:attachment":[{"href":"https:\/\/istanbulstroller.com\/tr\/wp-json\/wp\/v2\/media?parent=5799"}],"wp:term":[{"taxonomy":"product_brand","embeddable":true,"href":"https:\/\/istanbulstroller.com\/tr\/wp-json\/wp\/v2\/product_brand?post=5799"},{"taxonomy":"product_cat","embeddable":true,"href":"https:\/\/istanbulstroller.com\/tr\/wp-json\/wp\/v2\/product_cat?post=5799"},{"taxonomy":"product_tag","embeddable":true,"href":"https:\/\/istanbulstroller.com\/tr\/wp-json\/wp\/v2\/product_tag?post=5799"}],"curies":[{"name":"wp","href":"https:\/\/api.w.org\/{rel}","templated":true}]}}