{"id":5800,"date":"2026-04-03T14:10:37","date_gmt":"2026-04-03T14:10:37","guid":{"rendered":"https:\/\/istanbulstroller.com\/product\/baby2go-taby-oto-koltugu\/"},"modified":"2026-04-03T14:10:37","modified_gmt":"2026-04-03T14:10:37","slug":"baby2go-taby-oto-koltugu","status":"publish","type":"product","link":"https:\/\/istanbulstroller.com\/tr\/urun\/baby2go-taby-oto-koltugu\/","title":{"rendered":"Baby2Go Taby Oto Koltu\u011fu"},"content":{"rendered":"<h2 data-path-to-node=\"0\">Baby2Go Taby &#8211; 360\u00b0 D\u00f6nen G\u00fcvenlik Koltu\u011fu<\/h2>\n<p data-path-to-node=\"1\">Do\u011fumdan itibaren 36 kg\u2019a (yakla\u015f\u0131k 12 ya\u015f) kadar \u00e7ocu\u011funuzla birlikte b\u00fcy\u00fcyecek \u015fekilde tasarlanm\u0131\u015f, \u00e7ok y\u00f6nl\u00fc ve g\u00fcvenli bir araba koltu\u011fu olan <b data-path-to-node=\"1\" data-index-in-node=\"9\">Baby2Go Taby<\/b>\u2019yi kiralay\u0131n. Bu birinci s\u0131n\u0131f koltuk, 360 derece d\u00f6nme sistemine sahiptir; bu sayede \u00e7ocu\u011funuzu tek elle kolayca emniyet kemeriyle ba\u011flayabilir veya tek elle arkaya ve \u00f6ne d\u00f6n\u00fck konumlar aras\u0131nda ge\u00e7i\u015f yapabilirsiniz. Maksimum stabilite i\u00e7in Isofix ba\u011flant\u0131s\u0131 ve Top Tether ile donat\u0131lm\u0131\u015f olan bu koltuk, arac\u0131n\u0131za son derece sa\u011flam bir \u015fekilde monte edilmesini sa\u011flar. Ayarlanabilir ba\u015f deste\u011fi, \u00e7ok kademeli yat\u0131rma pozisyonlar\u0131 ve g\u00fc\u00e7lendirilmi\u015f yan darbe korumas\u0131 ile Baby2Go Taby, her yolculuk i\u00e7in y\u00fcksek kaliteli, konforlu ve g\u00fcvenli bir kiralama \u00e7\u00f6z\u00fcm\u00fc sunar.   <\/p>\n","protected":false},"excerpt":{"rendered":"<p>Do\u011fumdan itibaren <b data-path-to-node=\"1\" data-index-in-node=\"46\">36 kg<\/b>\u2019a (yakla\u015f\u0131k 12 ya\u015f) kadar \u00e7ocu\u011funuzla birlikte b\u00fcy\u00fcyecek \u015fekilde tasarlanm\u0131\u015f, \u00e7ok y\u00f6nl\u00fc ve g\u00fcvenli <b data-path-to-node=\"1\" data-index-in-node=\"9\">Baby2Go Taby<\/b> araba koltu\u011funu kiralay\u0131n.<\/p>\n","protected":false},"featured_media":4007,"comment_status":"closed","ping_status":"closed","template":"","meta":[],"product_brand":[],"product_cat":[316],"product_tag":[],"class_list":{"0":"post-5800","1":"product","2":"type-product","3":"status-publish","4":"has-post-thumbnail","6":"product_cat-bebek-oto-koltuklari","8":"first","9":"instock","10":"shipping-taxable","11":"product-type-simple"},"_links":{"self":[{"href":"https:\/\/istanbulstroller.com\/tr\/wp-json\/wp\/v2\/product\/5800","targetHints":{"allow":["GET"]}}],"collection":[{"href":"https:\/\/istanbulstroller.com\/tr\/wp-json\/wp\/v2\/product"}],"about":[{"href":"https:\/\/istanbulstroller.com\/tr\/wp-json\/wp\/v2\/types\/product"}],"replies":[{"embeddable":true,"href":"https:\/\/istanbulstroller.com\/tr\/wp-json\/wp\/v2\/comments?post=5800"}],"version-history":[{"count":0,"href":"https:\/\/istanbulstroller.com\/tr\/wp-json\/wp\/v2\/product\/5800\/revisions"}],"wp:featuredmedia":[{"embeddable":true,"href":"https:\/\/istanbulstroller.com\/tr\/wp-json\/wp\/v2\/media\/4007"}],"wp:attachment":[{"href":"https:\/\/istanbulstroller.com\/tr\/wp-json\/wp\/v2\/media?parent=5800"}],"wp:term":[{"taxonomy":"product_brand","embeddable":true,"href":"https:\/\/istanbulstroller.com\/tr\/wp-json\/wp\/v2\/product_brand?post=5800"},{"taxonomy":"product_cat","embeddable":true,"href":"https:\/\/istanbulstroller.com\/tr\/wp-json\/wp\/v2\/product_cat?post=5800"},{"taxonomy":"product_tag","embeddable":true,"href":"https:\/\/istanbulstroller.com\/tr\/wp-json\/wp\/v2\/product_tag?post=5800"}],"curies":[{"name":"wp","href":"https:\/\/api.w.org\/{rel}","templated":true}]}}