{"id":5801,"date":"2026-04-03T13:44:51","date_gmt":"2026-04-03T13:44:51","guid":{"rendered":"https:\/\/istanbulstroller.com\/product\/kraft-safe-spin-araba-koltugu\/"},"modified":"2026-04-03T13:44:51","modified_gmt":"2026-04-03T13:44:51","slug":"kraft-safe-spin-araba-koltugu","status":"publish","type":"product","link":"https:\/\/istanbulstroller.com\/tr\/urun\/kraft-safe-spin-araba-koltugu\/","title":{"rendered":"Kraft Safe Spin Araba Koltu\u011fu"},"content":{"rendered":"<h2 data-path-to-node=\"0\">Kraft Safe Spin &#8211; 360\u00b0 I-Size G\u00fcvenli\u011fi<\/h2>\n<p data-path-to-node=\"1\">Do\u011fumdan 36 kg&#8217;a kadar maksimum g\u00fcvenlik ve konfor sunmak \u00fczere tasarlanm\u0131\u015f son teknoloji \u00fcr\u00fcn\u00fc <b data-path-to-node=\"1\" data-index-in-node=\"9\">Kraft Safe Spin<\/b> araba koltu\u011funu kiralay\u0131n. Bu birinci s\u0131n\u0131f koltuk, 360 derece d\u00f6nme sistemine sahiptir; b\u00f6ylece \u00e7ocu\u011funuzu koltu\u011fa kolayca oturtabilir ve arkaya bakan ile \u00f6ne bakan konumlar aras\u0131nda rahatl\u0131kla ge\u00e7i\u015f yapabilirsiniz. En yeni i-Size (R129) g\u00fcvenlik standartlar\u0131n\u0131 kar\u015f\u0131lamak \u00fczere \u00fcretilen bu koltuk, Isofix ve Top Tether kurulumunu birle\u015ftirerek arac\u0131n\u0131za son derece sa\u011flam bir \u015fekilde sabitlenir. Ayarlanabilir ba\u015f deste\u011fi, \u00e7ok kademeli yat\u0131rma se\u00e7enekleri ve geli\u015fmi\u015f yan darbe korumas\u0131 ile bu araba koltu\u011fu, b\u00fcy\u00fcyen \u00e7ocuklar\u0131 i\u00e7in g\u00fcvenli\u011fi ve ergonomik tasar\u0131m\u0131 \u00f6n planda tutan ebeveynler i\u00e7in en ideal kiralama se\u00e7ene\u011fidir.   <\/p>\n","protected":false},"excerpt":{"rendered":"<p>Do\u011fumdan <b data-path-to-node=\"1\" data-index-in-node=\"45\">36 kg&#8217;<\/b>a kadar maksimum g\u00fcvenlik ve konfor sunmak \u00fczere tasarlanm\u0131\u015f son teknoloji \u00fcr\u00fcn\u00fc <b data-path-to-node=\"1\" data-index-in-node=\"9\">Kraft Safe Spin<\/b> araba koltu\u011funu kiralay\u0131n.<\/p>\n","protected":false},"featured_media":3994,"comment_status":"closed","ping_status":"closed","template":"","meta":[],"product_brand":[],"product_cat":[316],"product_tag":[],"class_list":{"0":"post-5801","1":"product","2":"type-product","3":"status-publish","4":"has-post-thumbnail","6":"product_cat-bebek-oto-koltuklari","8":"first","9":"instock","10":"shipping-taxable","11":"product-type-simple"},"_links":{"self":[{"href":"https:\/\/istanbulstroller.com\/tr\/wp-json\/wp\/v2\/product\/5801","targetHints":{"allow":["GET"]}}],"collection":[{"href":"https:\/\/istanbulstroller.com\/tr\/wp-json\/wp\/v2\/product"}],"about":[{"href":"https:\/\/istanbulstroller.com\/tr\/wp-json\/wp\/v2\/types\/product"}],"replies":[{"embeddable":true,"href":"https:\/\/istanbulstroller.com\/tr\/wp-json\/wp\/v2\/comments?post=5801"}],"version-history":[{"count":0,"href":"https:\/\/istanbulstroller.com\/tr\/wp-json\/wp\/v2\/product\/5801\/revisions"}],"wp:featuredmedia":[{"embeddable":true,"href":"https:\/\/istanbulstroller.com\/tr\/wp-json\/wp\/v2\/media\/3994"}],"wp:attachment":[{"href":"https:\/\/istanbulstroller.com\/tr\/wp-json\/wp\/v2\/media?parent=5801"}],"wp:term":[{"taxonomy":"product_brand","embeddable":true,"href":"https:\/\/istanbulstroller.com\/tr\/wp-json\/wp\/v2\/product_brand?post=5801"},{"taxonomy":"product_cat","embeddable":true,"href":"https:\/\/istanbulstroller.com\/tr\/wp-json\/wp\/v2\/product_cat?post=5801"},{"taxonomy":"product_tag","embeddable":true,"href":"https:\/\/istanbulstroller.com\/tr\/wp-json\/wp\/v2\/product_tag?post=5801"}],"curies":[{"name":"wp","href":"https:\/\/api.w.org\/{rel}","templated":true}]}}