{"id":5802,"date":"2026-04-03T13:05:11","date_gmt":"2026-04-03T13:05:11","guid":{"rendered":"https:\/\/istanbulstroller.com\/product\/prego-profix-pro-signal-araba-koltugu\/"},"modified":"2026-04-03T13:05:11","modified_gmt":"2026-04-03T13:05:11","slug":"prego-profix-pro-signal-araba-koltugu","status":"publish","type":"product","link":"https:\/\/istanbulstroller.com\/tr\/urun\/prego-profix-pro-signal-araba-koltugu\/","title":{"rendered":"Prego Profix Pro Signal Araba Koltu\u011fu"},"content":{"rendered":"<h2 data-path-to-node=\"0\">Prego Profix Pro Signal &#8211; 360\u00b0 G\u00fcvenlik ve Konfor<\/h2>\n<p data-path-to-node=\"1\">Do\u011fumdan itibaren 36 kg&#8217;a kadar olan \u00e7ocuklar\u0131n\u0131z\u0131 korumak \u00fczere tasarlanm\u0131\u015f, y\u00fcksek g\u00fcvenlikli <b data-path-to-node=\"1\" data-index-in-node=\"9\">Prego Profix Pro Signal<\/b> araba koltu\u011funu kiralay\u0131n. Bu \u00e7ok y\u00f6nl\u00fc koltuk, bebe\u011finizi koltu\u011fa yerle\u015ftirmeyi ve sabitlemeyi zahmetsiz hale getiren 360\u00b0 d\u00f6nebilen bir \u00fcniteye sahiptir; ayr\u0131ca i-Size, Isofix ve Top Tether sistemlerinin sundu\u011fu geli\u015fmi\u015f koruma \u00f6zellikleriyle donat\u0131lm\u0131\u015ft\u0131r. Yan darbe g\u00fcvenli\u011fi i\u00e7in EPS k\u00f6p\u00fck ve \u00e7ok kademeli yat\u0131rma sistemi ile donat\u0131lm\u0131\u015f olan bu koltuk, her geli\u015fim a\u015famas\u0131nda konforlu ve g\u00fcvenli bir yolculuk sa\u011flar. Arac\u0131n\u0131zda <b data-path-to-node=\"1\" data-index-in-node=\"50\">Isofix<\/b> olsun ya da standart emniyet kemeri montaj\u0131 gerektirsin, bu araba koltu\u011fu t\u00fcm seyahat ihtiya\u00e7lar\u0131n\u0131z i\u00e7in esnek ve birinci s\u0131n\u0131f bir kiralama \u00e7\u00f6z\u00fcm\u00fc sunar.   <\/p>\n","protected":false},"excerpt":{"rendered":"<p>Do\u011fumdan itibaren <b data-path-to-node=\"1\" data-index-in-node=\"50\">36 kg<\/b>&#8216;a kadar olan \u00e7ocuklar\u0131n\u0131z\u0131 korumak \u00fczere tasarlanm\u0131\u015f, y\u00fcksek g\u00fcvenlikli <b data-path-to-node=\"1\" data-index-in-node=\"9\">Prego Profix Pro Signal<\/b> araba koltu\u011funu kiralay\u0131n.<\/p>\n","protected":false},"featured_media":3985,"comment_status":"closed","ping_status":"closed","template":"","meta":[],"product_brand":[],"product_cat":[316],"product_tag":[],"class_list":{"0":"post-5802","1":"product","2":"type-product","3":"status-publish","4":"has-post-thumbnail","6":"product_cat-bebek-oto-koltuklari","8":"first","9":"instock","10":"shipping-taxable","11":"product-type-simple"},"_links":{"self":[{"href":"https:\/\/istanbulstroller.com\/tr\/wp-json\/wp\/v2\/product\/5802","targetHints":{"allow":["GET"]}}],"collection":[{"href":"https:\/\/istanbulstroller.com\/tr\/wp-json\/wp\/v2\/product"}],"about":[{"href":"https:\/\/istanbulstroller.com\/tr\/wp-json\/wp\/v2\/types\/product"}],"replies":[{"embeddable":true,"href":"https:\/\/istanbulstroller.com\/tr\/wp-json\/wp\/v2\/comments?post=5802"}],"version-history":[{"count":0,"href":"https:\/\/istanbulstroller.com\/tr\/wp-json\/wp\/v2\/product\/5802\/revisions"}],"wp:featuredmedia":[{"embeddable":true,"href":"https:\/\/istanbulstroller.com\/tr\/wp-json\/wp\/v2\/media\/3985"}],"wp:attachment":[{"href":"https:\/\/istanbulstroller.com\/tr\/wp-json\/wp\/v2\/media?parent=5802"}],"wp:term":[{"taxonomy":"product_brand","embeddable":true,"href":"https:\/\/istanbulstroller.com\/tr\/wp-json\/wp\/v2\/product_brand?post=5802"},{"taxonomy":"product_cat","embeddable":true,"href":"https:\/\/istanbulstroller.com\/tr\/wp-json\/wp\/v2\/product_cat?post=5802"},{"taxonomy":"product_tag","embeddable":true,"href":"https:\/\/istanbulstroller.com\/tr\/wp-json\/wp\/v2\/product_tag?post=5802"}],"curies":[{"name":"wp","href":"https:\/\/api.w.org\/{rel}","templated":true}]}}