{"id":5803,"date":"2026-03-31T16:22:39","date_gmt":"2026-03-31T16:22:39","guid":{"rendered":"https:\/\/istanbulstroller.com\/product\/malion-family-rider-vagon-bebek-arabasi\/"},"modified":"2026-03-31T16:22:39","modified_gmt":"2026-03-31T16:22:39","slug":"malion-family-rider-vagon-bebek-arabasi","status":"publish","type":"product","link":"https:\/\/istanbulstroller.com\/tr\/urun\/malion-family-rider-vagon-bebek-arabasi\/","title":{"rendered":"Malion Family Rider Vagon Bebek Arabas\u0131"},"content":{"rendered":"<h2 data-path-to-node=\"0\">Malion Family Rider &#8211; \u00c7ok Y\u00f6nl\u00fc Aile Station Vagon<\/h2>\n<p data-path-to-node=\"1\">Pratik i\u015flevselli\u011fi zahmetsiz aile e\u011flencesiyle bir araya getirmek \u00fczere tasarlanm\u0131\u015f, y\u00fcksek kapasiteli bir el arabas\u0131 bebek arabas\u0131 olan <b data-path-to-node=\"1\" data-index-in-node=\"9\">Malion Family Rider\u2019<\/b>\u0131 kiralay\u0131n.<b data-path-to-node=\"1\" data-index-in-node=\"46\"> 100 kg<\/b>&#8216;l\u0131k sa\u011flam ta\u015f\u0131ma kapasitesiyle bu bebek arabas\u0131, parkta, plajda veya festivalde ge\u00e7irece\u011finiz bir g\u00fcn i\u00e7in iki \u00e7ocu\u011funuzu ve t\u00fcm gerekli e\u015fyalar\u0131n\u0131z\u0131 ta\u015f\u0131mak i\u00e7in m\u00fckemmeldir. 80&#215;46 cm&#8217;lik geni\u015f i\u00e7 hacmi ve h\u0131zl\u0131 katlama mekanizmas\u0131yla, geni\u015f ta\u015f\u0131ma alan\u0131 ve kompakt saklama aras\u0131nda m\u00fckemmel bir denge sunar. G\u00fcne\u015flik i\u00e7in karbon destek \u00e7ubuklar\u0131 ve merkezi arka fren sistemi, se\u00e7ti\u011finiz her yolda maceralar\u0131n\u0131z\u0131n hem \u015f\u0131k hem de g\u00fcvenli olmas\u0131n\u0131 sa\u011flar.   <\/p>\n","protected":false},"excerpt":{"rendered":"<p>Pratik i\u015flevselli\u011fi ve zahmetsiz aile e\u011flencesini bir araya getirmek \u00fczere tasarlanm\u0131\u015f, geni\u015f kapasiteli bir <b data-path-to-node=\"1\" data-index-in-node=\"46\">bebek arabas\u0131<\/b> olan <b data-path-to-node=\"1\" data-index-in-node=\"9\">Malion Family Rider<\/b>&#8216;\u0131 kiralay\u0131n.<\/p>\n","protected":false},"featured_media":3977,"comment_status":"closed","ping_status":"closed","template":"","meta":[],"product_brand":[],"product_cat":[320],"product_tag":[],"class_list":{"0":"post-5803","1":"product","2":"type-product","3":"status-publish","4":"has-post-thumbnail","6":"product_cat-bebek-vagonlari","8":"first","9":"instock","10":"shipping-taxable","11":"product-type-simple"},"_links":{"self":[{"href":"https:\/\/istanbulstroller.com\/tr\/wp-json\/wp\/v2\/product\/5803","targetHints":{"allow":["GET"]}}],"collection":[{"href":"https:\/\/istanbulstroller.com\/tr\/wp-json\/wp\/v2\/product"}],"about":[{"href":"https:\/\/istanbulstroller.com\/tr\/wp-json\/wp\/v2\/types\/product"}],"replies":[{"embeddable":true,"href":"https:\/\/istanbulstroller.com\/tr\/wp-json\/wp\/v2\/comments?post=5803"}],"version-history":[{"count":0,"href":"https:\/\/istanbulstroller.com\/tr\/wp-json\/wp\/v2\/product\/5803\/revisions"}],"wp:featuredmedia":[{"embeddable":true,"href":"https:\/\/istanbulstroller.com\/tr\/wp-json\/wp\/v2\/media\/3977"}],"wp:attachment":[{"href":"https:\/\/istanbulstroller.com\/tr\/wp-json\/wp\/v2\/media?parent=5803"}],"wp:term":[{"taxonomy":"product_brand","embeddable":true,"href":"https:\/\/istanbulstroller.com\/tr\/wp-json\/wp\/v2\/product_brand?post=5803"},{"taxonomy":"product_cat","embeddable":true,"href":"https:\/\/istanbulstroller.com\/tr\/wp-json\/wp\/v2\/product_cat?post=5803"},{"taxonomy":"product_tag","embeddable":true,"href":"https:\/\/istanbulstroller.com\/tr\/wp-json\/wp\/v2\/product_tag?post=5803"}],"curies":[{"name":"wp","href":"https:\/\/api.w.org\/{rel}","templated":true}]}}