{"id":5804,"date":"2026-03-31T14:05:53","date_gmt":"2026-03-31T14:05:53","guid":{"rendered":"https:\/\/istanbulstroller.com\/product\/wagon-royal-vagon-bebek-arabasi\/"},"modified":"2026-03-31T14:05:53","modified_gmt":"2026-03-31T14:05:53","slug":"wagon-royal-vagon-bebek-arabasi","status":"publish","type":"product","link":"https:\/\/istanbulstroller.com\/tr\/urun\/wagon-royal-vagon-bebek-arabasi\/","title":{"rendered":"Wagon Royal Vagon Bebek Arabas\u0131"},"content":{"rendered":"<h2 data-path-to-node=\"0\">Royal Wagon Bebek Arabas\u0131 &#8211; En \u00dcst D\u00fczey Dayan\u0131kl\u0131 Ke\u015fif Arac\u0131<\/h2>\n<p data-path-to-node=\"1\">Aileyle yap\u0131lan a\u00e7\u0131k hava gezilerinin kurallar\u0131n\u0131 yeniden yazmak \u00fczere tasarlanm\u0131\u015f bir m\u00fchendislik harikas\u0131 olan <b data-path-to-node=\"1\" data-index-in-node=\"9\">Royal Wagon<\/b>&#8216;u kiralay\u0131n. Sekt\u00f6r lideri <b data-path-to-node=\"1\" data-index-in-node=\"129\">150 kg ta\u015f\u0131ma kapasitesine sahip<\/b> bu sa\u011flam bebek arabas\u0131, sadece \u00e7ocuklar\u0131n\u0131z\u0131 de\u011fil, t\u00fcm plaj e\u015fyalar\u0131n\u0131z\u0131, kamp malzemelerinizi ve market al\u0131\u015fveri\u015flerinizi tek seferde ta\u015f\u0131yacak \u015fekilde \u00fcretilmi\u015ftir. Hafif ancak g\u00fc\u00e7l\u00fc al\u00fcminyum \u015fasi ve geli\u015fmi\u015f s\u00fcspansiyon sistemi ile kumlu plajlardan orman yollar\u0131na kadar her t\u00fcrl\u00fc arazide \u00e7ocuklar\u0131n\u0131z i\u00e7in sars\u0131nt\u0131s\u0131z ve konforlu bir s\u00fcr\u00fc\u015f sa\u011flar. \u0130ster hafta sonu ka\u00e7ama\u011f\u0131 ister kalabal\u0131k bir parkta olun, Royal Wagon modern aileler i\u00e7in e\u015fsiz bir <b data-path-to-node=\"1\" data-index-in-node=\"165\">&#8220;y\u00fck gemisi&#8221; <\/b>deneyimi sunar.   <\/p>\n","protected":false},"excerpt":{"rendered":"<p>Aileyle yap\u0131lan a\u00e7\u0131k hava seyahatlerinin kurallar\u0131n\u0131 yeniden yazmak \u00fczere tasarlanm\u0131\u015f, m\u00fchendislik harikas\u0131 <b data-path-to-node=\"1\" data-index-in-node=\"9\">Royal Wagon&#8217;u kiralay\u0131n<\/b>.<\/p>\n","protected":false},"featured_media":3961,"comment_status":"closed","ping_status":"closed","template":"","meta":[],"product_brand":[],"product_cat":[320],"product_tag":[],"class_list":{"0":"post-5804","1":"product","2":"type-product","3":"status-publish","4":"has-post-thumbnail","6":"product_cat-bebek-vagonlari","8":"first","9":"instock","10":"shipping-taxable","11":"product-type-simple"},"_links":{"self":[{"href":"https:\/\/istanbulstroller.com\/tr\/wp-json\/wp\/v2\/product\/5804","targetHints":{"allow":["GET"]}}],"collection":[{"href":"https:\/\/istanbulstroller.com\/tr\/wp-json\/wp\/v2\/product"}],"about":[{"href":"https:\/\/istanbulstroller.com\/tr\/wp-json\/wp\/v2\/types\/product"}],"replies":[{"embeddable":true,"href":"https:\/\/istanbulstroller.com\/tr\/wp-json\/wp\/v2\/comments?post=5804"}],"version-history":[{"count":0,"href":"https:\/\/istanbulstroller.com\/tr\/wp-json\/wp\/v2\/product\/5804\/revisions"}],"wp:featuredmedia":[{"embeddable":true,"href":"https:\/\/istanbulstroller.com\/tr\/wp-json\/wp\/v2\/media\/3961"}],"wp:attachment":[{"href":"https:\/\/istanbulstroller.com\/tr\/wp-json\/wp\/v2\/media?parent=5804"}],"wp:term":[{"taxonomy":"product_brand","embeddable":true,"href":"https:\/\/istanbulstroller.com\/tr\/wp-json\/wp\/v2\/product_brand?post=5804"},{"taxonomy":"product_cat","embeddable":true,"href":"https:\/\/istanbulstroller.com\/tr\/wp-json\/wp\/v2\/product_cat?post=5804"},{"taxonomy":"product_tag","embeddable":true,"href":"https:\/\/istanbulstroller.com\/tr\/wp-json\/wp\/v2\/product_tag?post=5804"}],"curies":[{"name":"wp","href":"https:\/\/api.w.org\/{rel}","templated":true}]}}