{"id":5805,"date":"2026-03-31T13:44:25","date_gmt":"2026-03-31T13:44:25","guid":{"rendered":"https:\/\/istanbulstroller.com\/product\/veer-gear-cruiser-vagon-bebek-arabasi\/"},"modified":"2026-03-31T13:44:25","modified_gmt":"2026-03-31T13:44:25","slug":"veer-gear-cruiser-vagon-bebek-arabasi","status":"publish","type":"product","link":"https:\/\/istanbulstroller.com\/tr\/urun\/veer-gear-cruiser-vagon-bebek-arabasi\/","title":{"rendered":"Veer Gear Cruiser Vagon Bebek Arabas\u0131"},"content":{"rendered":"<h2 data-path-to-node=\"0\">Veer Cruiser Wagon Bebek Arabas\u0131 &#8211; Her T\u00fcrl\u00fc Araziye Uygun M\u00fckemmel Macera<\/h2>\n<p data-path-to-node=\"1\">L\u00fcks bir bebek arabas\u0131n\u0131n i\u015flevselli\u011fini, bir vagonun sa\u011flam ve e\u011flenceli yap\u0131s\u0131yla birle\u015ftiren d\u00fcnyan\u0131n ilk &#8220;her t\u00fcrl\u00fc araziye uygun crossover&#8221; modeli <b data-path-to-node=\"1\" data-index-in-node=\"9\">Veer Cruiser&#8217;\u0131 kiralay\u0131n<\/b>. Askeri standartlarda \u00fcretilmi\u015f al\u00fcminyum \u015fasi ve iri, \u00e7ivili lastikleriyle kum, kar, \u00e7amur ve \u00e7ak\u0131l zeminlerde kolayl\u0131kla yol al\u0131rken, \u015fehir kald\u0131r\u0131mlar\u0131nda da sorunsuz bir manevra kabiliyeti sunar. Bu \u00e7ok y\u00f6nl\u00fc el arabas\u0131 <b data-path-to-node=\"1\" data-index-in-node=\"110\">bebek arabas\u0131<\/b>, 3 noktal\u0131 emniyet kemerli iki konturlu koltuk, \u00e7\u0131kar\u0131labilir at\u0131\u015ft\u0131rmal\u0131k tepsisi ve yerle\u015fik bardak tutucular ile donat\u0131lm\u0131\u015ft\u0131r, bu da onu bir veya iki \u00e7ocu\u011fu olan do\u011fa sever aileler i\u00e7in m\u00fckemmel bir kiralama se\u00e7ene\u011fi haline getirir. \u0130ster <b data-path-to-node=\"1\" data-index-in-node=\"340\">bebek arabas\u0131 gibi itin<\/b> ister el arabas\u0131 gibi \u00e7ekin, Veer Cruiser her aile gezisinin unutulmaz bir macera olmas\u0131n\u0131 sa\u011flar.   <\/p>\n","protected":false},"excerpt":{"rendered":"<p>L\u00fcks bir bebek arabas\u0131n\u0131n i\u015flevselli\u011fini, bir arazici araban\u0131n sa\u011flam ve e\u011flenceli yap\u0131s\u0131yla birle\u015ftiren d\u00fcnyan\u0131n ilk <b data-path-to-node=\"1\" data-index-in-node=\"110\">&#8220;her t\u00fcrl\u00fc araziye uygun crossover&#8221;<\/b> modeli <b data-path-to-node=\"1\" data-index-in-node=\"9\">Veer Cruiser&#8217;\u0131 kiralay\u0131n.<\/b><\/p>\n","protected":false},"featured_media":3956,"comment_status":"closed","ping_status":"closed","template":"","meta":[],"product_brand":[],"product_cat":[320],"product_tag":[],"class_list":{"0":"post-5805","1":"product","2":"type-product","3":"status-publish","4":"has-post-thumbnail","6":"product_cat-bebek-vagonlari","8":"first","9":"instock","10":"shipping-taxable","11":"purchasable","12":"product-type-simple"},"_links":{"self":[{"href":"https:\/\/istanbulstroller.com\/tr\/wp-json\/wp\/v2\/product\/5805","targetHints":{"allow":["GET"]}}],"collection":[{"href":"https:\/\/istanbulstroller.com\/tr\/wp-json\/wp\/v2\/product"}],"about":[{"href":"https:\/\/istanbulstroller.com\/tr\/wp-json\/wp\/v2\/types\/product"}],"replies":[{"embeddable":true,"href":"https:\/\/istanbulstroller.com\/tr\/wp-json\/wp\/v2\/comments?post=5805"}],"version-history":[{"count":0,"href":"https:\/\/istanbulstroller.com\/tr\/wp-json\/wp\/v2\/product\/5805\/revisions"}],"wp:featuredmedia":[{"embeddable":true,"href":"https:\/\/istanbulstroller.com\/tr\/wp-json\/wp\/v2\/media\/3956"}],"wp:attachment":[{"href":"https:\/\/istanbulstroller.com\/tr\/wp-json\/wp\/v2\/media?parent=5805"}],"wp:term":[{"taxonomy":"product_brand","embeddable":true,"href":"https:\/\/istanbulstroller.com\/tr\/wp-json\/wp\/v2\/product_brand?post=5805"},{"taxonomy":"product_cat","embeddable":true,"href":"https:\/\/istanbulstroller.com\/tr\/wp-json\/wp\/v2\/product_cat?post=5805"},{"taxonomy":"product_tag","embeddable":true,"href":"https:\/\/istanbulstroller.com\/tr\/wp-json\/wp\/v2\/product_tag?post=5805"}],"curies":[{"name":"wp","href":"https:\/\/api.w.org\/{rel}","templated":true}]}}