{"id":5806,"date":"2026-03-24T16:25:52","date_gmt":"2026-03-24T16:25:52","guid":{"rendered":"https:\/\/istanbulstroller.com\/product\/bagi-sleepod-anne-yani-bebek-besigi\/"},"modified":"2026-04-14T08:45:33","modified_gmt":"2026-04-14T08:45:33","slug":"bagi-sleepod-anne-yani-bebek-besigi","status":"publish","type":"product","link":"https:\/\/istanbulstroller.com\/tr\/urun\/bagi-sleepod-anne-yani-bebek-besigi\/","title":{"rendered":"Bagi Sleepod Anne Yan\u0131 Bebek Be\u015fi\u011fi"},"content":{"rendered":"<h2 data-path-to-node=\"0\">Bagi Sleepod 4&#8217;\u00fc 1 arada Bebek Yata\u011f\u0131 &#8211; Modern ve \u00c7ok Y\u00f6nl\u00fc<\/h2>\n<p data-path-to-node=\"1\">\u00c7ocu\u011funuzun do\u011fumundan <b data-path-to-node=\"1\" data-index-in-node=\"40\">3 ya\u015f\u0131na kadar<\/b> onunla birlikte b\u00fcy\u00fcyecek \u015fekilde tasarlanm\u0131\u015f \u015f\u0131k 4&#8217;\u00fc 1 arada bebek yata\u011f\u0131 <b data-path-to-node=\"1\" data-index-in-node=\"9\">Bagi Sleepod&#8217;u kiralay\u0131n.<\/b> Bu \u00e7ok y\u00f6nl\u00fc sistem, 6 farkl\u0131 y\u00fckseklik ayar\u0131na sahip bir yatak ba\u015f\u0131 be\u015fi\u011fi, ba\u011f\u0131ms\u0131z bir be\u015fik, sakinle\u015ftirici bir sallanan sandalye ve nihayetinde y\u00fcr\u00fcmeye ba\u015flayan \u00e7ocuklar i\u00e7in g\u00fcvenli bir oyun park\u0131 olarak i\u015flev g\u00f6r\u00fcr. Nefes alabilen file yan duvarlar\u0131, refl\u00fc \u00f6nleyici e\u011fim ayar\u0131 ve g\u00f6lgelikli entegre cibinlik ile her mevsimde g\u00fcvenli ve konforlu bir ortam sa\u011flar. Odalardan odalara kolayca ta\u015f\u0131nabilmesi i\u00e7in kilitlenebilir tekerlekleri ve 81&#215;48 cm&#8217;lik kompakt uyku alan\u0131 ile bu bebek be\u015fi\u011fi, modern ebeveynler i\u00e7in m\u00fckemmel bir hepsi bir arada kiralama \u00e7\u00f6z\u00fcm\u00fcd\u00fcr.  <\/p>\n","protected":false},"excerpt":{"rendered":"<p>\u00c7ocu\u011funuzun do\u011fumundan <b data-path-to-node=\"1\" data-index-in-node=\"40\">3 ya\u015f\u0131na kadar<\/b> onunla birlikte b\u00fcy\u00fcyecek \u015fekilde tasarlanm\u0131\u015f \u015f\u0131k 4&#8217;\u00fc 1 arada bebek yata\u011f\u0131 <b data-path-to-node=\"1\" data-index-in-node=\"9\">Bagi Sleepod&#8217;u kiralay\u0131n.<\/b><\/p>\n","protected":false},"featured_media":4666,"comment_status":"closed","ping_status":"closed","template":"","meta":[],"product_brand":[],"product_cat":[310],"product_tag":[],"class_list":{"0":"post-5806","1":"product","2":"type-product","3":"status-publish","4":"has-post-thumbnail","6":"product_cat-bebek-besikleri","8":"first","9":"instock","10":"shipping-taxable","11":"product-type-simple"},"_links":{"self":[{"href":"https:\/\/istanbulstroller.com\/tr\/wp-json\/wp\/v2\/product\/5806","targetHints":{"allow":["GET"]}}],"collection":[{"href":"https:\/\/istanbulstroller.com\/tr\/wp-json\/wp\/v2\/product"}],"about":[{"href":"https:\/\/istanbulstroller.com\/tr\/wp-json\/wp\/v2\/types\/product"}],"replies":[{"embeddable":true,"href":"https:\/\/istanbulstroller.com\/tr\/wp-json\/wp\/v2\/comments?post=5806"}],"version-history":[{"count":1,"href":"https:\/\/istanbulstroller.com\/tr\/wp-json\/wp\/v2\/product\/5806\/revisions"}],"predecessor-version":[{"id":5824,"href":"https:\/\/istanbulstroller.com\/tr\/wp-json\/wp\/v2\/product\/5806\/revisions\/5824"}],"wp:featuredmedia":[{"embeddable":true,"href":"https:\/\/istanbulstroller.com\/tr\/wp-json\/wp\/v2\/media\/4666"}],"wp:attachment":[{"href":"https:\/\/istanbulstroller.com\/tr\/wp-json\/wp\/v2\/media?parent=5806"}],"wp:term":[{"taxonomy":"product_brand","embeddable":true,"href":"https:\/\/istanbulstroller.com\/tr\/wp-json\/wp\/v2\/product_brand?post=5806"},{"taxonomy":"product_cat","embeddable":true,"href":"https:\/\/istanbulstroller.com\/tr\/wp-json\/wp\/v2\/product_cat?post=5806"},{"taxonomy":"product_tag","embeddable":true,"href":"https:\/\/istanbulstroller.com\/tr\/wp-json\/wp\/v2\/product_tag?post=5806"}],"curies":[{"name":"wp","href":"https:\/\/api.w.org\/{rel}","templated":true}]}}