{"id":5807,"date":"2026-03-24T16:08:37","date_gmt":"2026-03-24T16:08:37","guid":{"rendered":"https:\/\/istanbulstroller.com\/product\/kanz-love-bebek-besigi\/"},"modified":"2026-04-14T08:43:39","modified_gmt":"2026-04-14T08:43:39","slug":"kanz-love-bebek-besigi","status":"publish","type":"product","link":"https:\/\/istanbulstroller.com\/tr\/urun\/kanz-love-bebek-besigi\/","title":{"rendered":"Kanz Love Bebek Be\u015fi\u011fi"},"content":{"rendered":"<h2 data-path-to-node=\"0\">Kanz Love Bebek Be\u015fi\u011fi &#8211; \u00c7ok Y\u00f6nl\u00fc ve Ta\u015f\u0131nabilir<\/h2>\n<p data-path-to-node=\"1\">K\u00fc\u00e7\u00fck \u00e7ocu\u011funuz i\u00e7in pratik ve g\u00fcvenli bir uyku veya oyun alan\u0131 yaratmak \u00fczere <b data-path-to-node=\"1\" data-index-in-node=\"9\">Kanz Love Bebek Be\u015fi\u011fi<\/b>&#8216;ni kiralay\u0131n. Bu \u00e7ok i\u015flevli <b data-path-to-node=\"1\" data-index-in-node=\"121\">bebek be\u015fi\u011fi,<\/b> oyun park\u0131 olarak da kullan\u0131labilir ve bebe\u011finizi uykuya dalmas\u0131na yard\u0131mc\u0131 olacak hafif sallanma \u00f6zelli\u011fine sahiptir.  Sa\u011flam ancak hafif 8 kg&#8217;l\u0131k iskeleti ve 20 kg&#8217;l\u0131k geni\u015f ta\u015f\u0131ma kapasitesiyle, bebeklik d\u00f6neminden itibaren uzun s\u00fcreli kullan\u0131m i\u00e7in tasarlanm\u0131\u015ft\u0131r. Kolay katlanma mekanizmas\u0131 ve 70&#215;110 cm boyutlar\u0131 sayesinde bu <b data-path-to-node=\"1\" data-index-in-node=\"410\">bebek karyolas\u0131<\/b>, evde veya seyahatte rahat ve ta\u015f\u0131nabilir bir \u00e7\u00f6z\u00fcme ihtiya\u00e7 duyan aileler i\u00e7in ideal bir kiralama se\u00e7ene\u011fidir. <\/p>\n","protected":false},"excerpt":{"rendered":"<p>K\u00fc\u00e7\u00fck \u00e7ocu\u011funuz i\u00e7in pratik ve g\u00fcvenli bir uyku veya oyun alan\u0131 yaratmak \u00fczere <b data-path-to-node=\"1\" data-index-in-node=\"9\">Kanz Love Bebek Be\u015fi\u011fi<\/b>&#8216;ni kiralay\u0131n. Bu \u00e7ok i\u015flevli <b data-path-to-node=\"1\" data-index-in-node=\"121\">bebek be\u015fi\u011fi,<\/b> oyun park\u0131 olarak da kullan\u0131labilir ve bebe\u011finizi uykuya dalmas\u0131na yard\u0131mc\u0131 olacak hafif sallanma \u00f6zelli\u011fine sahiptir. <\/p>\n","protected":false},"featured_media":4660,"comment_status":"closed","ping_status":"closed","template":"","meta":[],"product_brand":[],"product_cat":[310],"product_tag":[],"class_list":{"0":"post-5807","1":"product","2":"type-product","3":"status-publish","4":"has-post-thumbnail","6":"product_cat-bebek-besikleri","8":"first","9":"instock","10":"shipping-taxable","11":"product-type-simple"},"_links":{"self":[{"href":"https:\/\/istanbulstroller.com\/tr\/wp-json\/wp\/v2\/product\/5807","targetHints":{"allow":["GET"]}}],"collection":[{"href":"https:\/\/istanbulstroller.com\/tr\/wp-json\/wp\/v2\/product"}],"about":[{"href":"https:\/\/istanbulstroller.com\/tr\/wp-json\/wp\/v2\/types\/product"}],"replies":[{"embeddable":true,"href":"https:\/\/istanbulstroller.com\/tr\/wp-json\/wp\/v2\/comments?post=5807"}],"version-history":[{"count":1,"href":"https:\/\/istanbulstroller.com\/tr\/wp-json\/wp\/v2\/product\/5807\/revisions"}],"predecessor-version":[{"id":5822,"href":"https:\/\/istanbulstroller.com\/tr\/wp-json\/wp\/v2\/product\/5807\/revisions\/5822"}],"wp:featuredmedia":[{"embeddable":true,"href":"https:\/\/istanbulstroller.com\/tr\/wp-json\/wp\/v2\/media\/4660"}],"wp:attachment":[{"href":"https:\/\/istanbulstroller.com\/tr\/wp-json\/wp\/v2\/media?parent=5807"}],"wp:term":[{"taxonomy":"product_brand","embeddable":true,"href":"https:\/\/istanbulstroller.com\/tr\/wp-json\/wp\/v2\/product_brand?post=5807"},{"taxonomy":"product_cat","embeddable":true,"href":"https:\/\/istanbulstroller.com\/tr\/wp-json\/wp\/v2\/product_cat?post=5807"},{"taxonomy":"product_tag","embeddable":true,"href":"https:\/\/istanbulstroller.com\/tr\/wp-json\/wp\/v2\/product_tag?post=5807"}],"curies":[{"name":"wp","href":"https:\/\/api.w.org\/{rel}","templated":true}]}}