{"id":5808,"date":"2026-03-24T13:46:41","date_gmt":"2026-03-24T13:46:41","guid":{"rendered":"https:\/\/istanbulstroller.com\/product\/kraft-sway-tasinabilir-elektrikli-bebek-salincagi\/"},"modified":"2026-04-14T08:46:59","modified_gmt":"2026-04-14T08:46:59","slug":"kraft-sway-tasinabilir-elektrikli-bebek-salincagi","status":"publish","type":"product","link":"https:\/\/istanbulstroller.com\/tr\/urun\/kraft-sway-tasinabilir-elektrikli-bebek-salincagi\/","title":{"rendered":"Kraft Sway Ta\u015f\u0131nabilir Elektrikli Bebek Sal\u0131nca\u011f\u0131"},"content":{"rendered":"<h2 data-path-to-node=\"0\">Kraft Sway &#8211; Ta\u015f\u0131nabilir Elektrikli Bebek Sal\u0131nca\u011f\u0131<\/h2>\n<p data-path-to-node=\"1\"><b data-path-to-node=\"1\" data-index-in-node=\"9\">Kraft Sway Elektrikli Bebek Sal\u0131nca\u011f\u0131n\u0131 <\/b>kiralayarak, annenin do\u011fal sallama hareketini taklit eden y\u00fcksek teknolojili bir rahatlat\u0131c\u0131 deneyim ya\u015fay\u0131n. Do\u011fumdan itibaren 10 kg&#8217;a kadar uygun olan bu yenilik\u00e7i bebek sal\u0131nca\u011f\u0131, ta\u015f\u0131nabilir bir be\u015fik haline getirilebilen ters \u00e7evrilebilir oturma \u00fcnitesiyle uzun vadeli \u00e7ok y\u00f6nl\u00fcl\u00fck sunar. 5 benzersiz sal\u0131ncak modu, 3 h\u0131z ayar\u0131 ve 12 sakinle\u015ftirici melodi ile \u015f\u0131k dijital dokunmatik ekran \u00fczerinden ortam\u0131 kolayca \u00f6zelle\u015ftirebilirsiniz. 8,2 kg&#8217;l\u0131k hafif tasar\u0131m\u0131 ve aletsiz montaj\u0131, tek bir ta\u015f\u0131nabilir pakette konfor, g\u00fcvenlik ve modern rahatl\u0131k arayan ebeveynler i\u00e7in ideal bir kiralama se\u00e7ene\u011fi sunar.  <\/p>\n","protected":false},"excerpt":{"rendered":"<p><b data-path-to-node=\"1\" data-index-in-node=\"9\">Kraft Sway Elektrikli Bebek Sal\u0131nca\u011f\u0131n\u0131 <\/b>kiralayarak, annenin do\u011fal sallama hareketini taklit eden y\u00fcksek teknolojili bir rahatlat\u0131c\u0131 deneyim ya\u015fay\u0131n.<\/p>\n","protected":false},"featured_media":4649,"comment_status":"open","ping_status":"closed","template":"","meta":[],"product_brand":[],"product_cat":[306,315],"product_tag":[],"class_list":{"0":"post-5808","1":"product","2":"type-product","3":"status-publish","4":"has-post-thumbnail","6":"product_cat-ana-kucaklari","7":"product_cat-bebek-salincaklari","9":"first","10":"instock","11":"shipping-taxable","12":"product-type-simple"},"_links":{"self":[{"href":"https:\/\/istanbulstroller.com\/tr\/wp-json\/wp\/v2\/product\/5808","targetHints":{"allow":["GET"]}}],"collection":[{"href":"https:\/\/istanbulstroller.com\/tr\/wp-json\/wp\/v2\/product"}],"about":[{"href":"https:\/\/istanbulstroller.com\/tr\/wp-json\/wp\/v2\/types\/product"}],"replies":[{"embeddable":true,"href":"https:\/\/istanbulstroller.com\/tr\/wp-json\/wp\/v2\/comments?post=5808"}],"version-history":[{"count":1,"href":"https:\/\/istanbulstroller.com\/tr\/wp-json\/wp\/v2\/product\/5808\/revisions"}],"predecessor-version":[{"id":5827,"href":"https:\/\/istanbulstroller.com\/tr\/wp-json\/wp\/v2\/product\/5808\/revisions\/5827"}],"wp:featuredmedia":[{"embeddable":true,"href":"https:\/\/istanbulstroller.com\/tr\/wp-json\/wp\/v2\/media\/4649"}],"wp:attachment":[{"href":"https:\/\/istanbulstroller.com\/tr\/wp-json\/wp\/v2\/media?parent=5808"}],"wp:term":[{"taxonomy":"product_brand","embeddable":true,"href":"https:\/\/istanbulstroller.com\/tr\/wp-json\/wp\/v2\/product_brand?post=5808"},{"taxonomy":"product_cat","embeddable":true,"href":"https:\/\/istanbulstroller.com\/tr\/wp-json\/wp\/v2\/product_cat?post=5808"},{"taxonomy":"product_tag","embeddable":true,"href":"https:\/\/istanbulstroller.com\/tr\/wp-json\/wp\/v2\/product_tag?post=5808"}],"curies":[{"name":"wp","href":"https:\/\/api.w.org\/{rel}","templated":true}]}}