{"id":5809,"date":"2026-03-24T13:31:25","date_gmt":"2026-03-24T13:31:25","guid":{"rendered":"https:\/\/istanbulstroller.com\/product\/chicco-rhythmn-sound-bebek-koltugu\/"},"modified":"2026-04-14T08:49:24","modified_gmt":"2026-04-14T08:49:24","slug":"chicco-rhythmn-sound-bebek-koltugu","status":"publish","type":"product","link":"https:\/\/istanbulstroller.com\/tr\/urun\/chicco-rhythmn-sound-bebek-koltugu\/","title":{"rendered":"Chicco RhythmN Sound Bebek Koltu\u011fu"},"content":{"rendered":"<h2 data-path-to-node=\"0\">Chicco Rhythm&#8217;N&#8217; Sound &#8211; Sakinle\u015ftirici Yan Yana Hareket<\/h2>\n<p data-path-to-node=\"1\">Yavru\u015funuzu hafif bir yan yana sallanma hareketiyle sakinle\u015ftirmek \u00fczere tasarlanm\u0131\u015f, <b data-path-to-node=\"1\" data-index-in-node=\"52\">modern ve \u015f\u0131k<\/b> bir bebek sallama koltu\u011fu olan <b data-path-to-node=\"1\" data-index-in-node=\"9\">Chicco Rhythm&#8217;N&#8217; Sound&#8217;u kiralay\u0131n<\/b>. Do\u011fumdan itibaren 9 kg&#8217;a kadar uygun olan bu yenilik\u00e7i koltuk, bebe\u011finizin rahatlamas\u0131n\u0131 ve e\u011flenmesini sa\u011flamak i\u00e7in iki farkl\u0131 yat\u0131rma pozisyonu ile \u00e7e\u015fitli do\u011fa sesleri ve yumu\u015fak melodiler sunar. Kompakt ve d\u00fcz bir \u015fekilde katlanabilen tasar\u0131m\u0131 sayesinde saklanmas\u0131 ve ta\u015f\u0131nmas\u0131 son derece kolayd\u0131r; 5 noktal\u0131 emniyet kemeri ise maksimum g\u00fcvenlik sa\u011flar. USB veya pillerle \u00e7al\u0131\u015fan bu bebek sallama koltu\u011fu, bebeklerine huzurlu bir dinlenme alan\u0131 sunmak isteyen ebeveynler i\u00e7in \u00e7ok y\u00f6nl\u00fc ve \u015f\u0131k bir kiralama se\u00e7ene\u011fidir.  <\/p>\n","protected":false},"excerpt":{"rendered":"<p>Yavru\u015funuzu hafif bir yan yana sallanma hareketiyle sakinle\u015ftirmek \u00fczere tasarlanm\u0131\u015f, <b data-path-to-node=\"1\" data-index-in-node=\"52\">modern ve \u015f\u0131k<\/b> bir bebek sallama koltu\u011fu olan <b data-path-to-node=\"1\" data-index-in-node=\"9\">Chicco Rhythm&#8217;N&#8217; Sound&#8217;u kiralay\u0131n<\/b>.<\/p>\n","protected":false},"featured_media":4643,"comment_status":"open","ping_status":"closed","template":"","meta":[],"product_brand":[],"product_cat":[306,315],"product_tag":[],"class_list":{"0":"post-5809","1":"product","2":"type-product","3":"status-publish","4":"has-post-thumbnail","6":"product_cat-ana-kucaklari","7":"product_cat-bebek-salincaklari","9":"first","10":"instock","11":"shipping-taxable","12":"product-type-simple"},"_links":{"self":[{"href":"https:\/\/istanbulstroller.com\/tr\/wp-json\/wp\/v2\/product\/5809","targetHints":{"allow":["GET"]}}],"collection":[{"href":"https:\/\/istanbulstroller.com\/tr\/wp-json\/wp\/v2\/product"}],"about":[{"href":"https:\/\/istanbulstroller.com\/tr\/wp-json\/wp\/v2\/types\/product"}],"replies":[{"embeddable":true,"href":"https:\/\/istanbulstroller.com\/tr\/wp-json\/wp\/v2\/comments?post=5809"}],"version-history":[{"count":1,"href":"https:\/\/istanbulstroller.com\/tr\/wp-json\/wp\/v2\/product\/5809\/revisions"}],"predecessor-version":[{"id":5829,"href":"https:\/\/istanbulstroller.com\/tr\/wp-json\/wp\/v2\/product\/5809\/revisions\/5829"}],"wp:featuredmedia":[{"embeddable":true,"href":"https:\/\/istanbulstroller.com\/tr\/wp-json\/wp\/v2\/media\/4643"}],"wp:attachment":[{"href":"https:\/\/istanbulstroller.com\/tr\/wp-json\/wp\/v2\/media?parent=5809"}],"wp:term":[{"taxonomy":"product_brand","embeddable":true,"href":"https:\/\/istanbulstroller.com\/tr\/wp-json\/wp\/v2\/product_brand?post=5809"},{"taxonomy":"product_cat","embeddable":true,"href":"https:\/\/istanbulstroller.com\/tr\/wp-json\/wp\/v2\/product_cat?post=5809"},{"taxonomy":"product_tag","embeddable":true,"href":"https:\/\/istanbulstroller.com\/tr\/wp-json\/wp\/v2\/product_tag?post=5809"}],"curies":[{"name":"wp","href":"https:\/\/api.w.org\/{rel}","templated":true}]}}