{"id":5810,"date":"2026-03-24T13:21:15","date_gmt":"2026-03-24T13:21:15","guid":{"rendered":"https:\/\/istanbulstroller.com\/product\/chicco-easyfit-kanguru-bebek-tasiyici\/"},"modified":"2026-04-14T14:21:28","modified_gmt":"2026-04-14T14:21:28","slug":"chicco-easyfit-kanguru-bebek-tasiyici","status":"publish","type":"product","link":"https:\/\/istanbulstroller.com\/tr\/urun\/chicco-easyfit-kanguru-bebek-tasiyici\/","title":{"rendered":"Chicco Easyfit Kanguru Bebek Ta\u015f\u0131y\u0131c\u0131"},"content":{"rendered":"<h2 data-path-to-node=\"0\">Chicco Easyfit &#8211; Kolay ve Sezgisel Ta\u015f\u0131ma<\/h2>\n<p data-path-to-node=\"1\"><b data-path-to-node=\"1\" data-index-in-node=\"56\">9 kg&#8217;a<\/b> kadar olan yenido\u011fanlar i\u00e7in tasarlanm\u0131\u015f, hafif ve takmas\u0131 kolay <b data-path-to-node=\"1\" data-index-in-node=\"9\">Chicco Easyfit bebek ta\u015f\u0131y\u0131c\u0131s\u0131n\u0131 kiralay\u0131n.<\/b> Bu kullan\u0131c\u0131 dostu bebek ta\u015f\u0131y\u0131c\u0131, bebe\u011finizin kal\u00e7a ve omurga geli\u015fimi i\u00e7in ergonomik a\u00e7\u0131dan do\u011fru olan &#8220;M&#8221; pozisyonunu sa\u011flayarak, ilk g\u00fcnden itibaren g\u00fcvenli ve rahat bir ortam sunar. Yumu\u015fak ve nefes alabilen kuma\u015f\u0131 a\u015f\u0131r\u0131 \u0131s\u0131nmay\u0131 \u00f6nlerken, ayarlanabilir kay\u0131\u015f ve toka sistemi her v\u00fccut tipine m\u00fckemmel uyum sa\u011flar. Bebe\u011fi ebeveyne d\u00f6n\u00fck veya d\u0131\u015far\u0131ya d\u00f6n\u00fck pozisyonlar aras\u0131nda de\u011fi\u015ftirme imkan\u0131 sunan bu <b data-path-to-node=\"1\" data-index-in-node=\"503\">bebek ta\u015f\u0131y\u0131c\u0131<\/b>, k\u0131sa geziler ve g\u00fcnl\u00fck i\u015fler i\u00e7in pratik, kompakt ve konforlu bir kiralama se\u00e7ene\u011fidir.  <\/p>\n","protected":false},"excerpt":{"rendered":"<p><b data-path-to-node=\"1\" data-index-in-node=\"56\">9 kg&#8217;a<\/b> kadar olan yenido\u011fanlar i\u00e7in tasarlanm\u0131\u015f, hafif ve takmas\u0131 kolay <b data-path-to-node=\"1\" data-index-in-node=\"9\">Chicco Easyfit bebek ta\u015f\u0131y\u0131c\u0131s\u0131n\u0131 kiralay\u0131n.<\/b><\/p>\n","protected":false},"featured_media":4641,"comment_status":"closed","ping_status":"closed","template":"","meta":[],"product_brand":[],"product_cat":[309,308],"product_tag":[],"class_list":{"0":"post-5810","1":"product","2":"type-product","3":"status-publish","4":"has-post-thumbnail","6":"product_cat-bebek-kangurulari","7":"product_cat-bebek-tasiyicilari","9":"first","10":"instock","11":"shipping-taxable","12":"product-type-simple"},"_links":{"self":[{"href":"https:\/\/istanbulstroller.com\/tr\/wp-json\/wp\/v2\/product\/5810","targetHints":{"allow":["GET"]}}],"collection":[{"href":"https:\/\/istanbulstroller.com\/tr\/wp-json\/wp\/v2\/product"}],"about":[{"href":"https:\/\/istanbulstroller.com\/tr\/wp-json\/wp\/v2\/types\/product"}],"replies":[{"embeddable":true,"href":"https:\/\/istanbulstroller.com\/tr\/wp-json\/wp\/v2\/comments?post=5810"}],"version-history":[{"count":1,"href":"https:\/\/istanbulstroller.com\/tr\/wp-json\/wp\/v2\/product\/5810\/revisions"}],"predecessor-version":[{"id":5831,"href":"https:\/\/istanbulstroller.com\/tr\/wp-json\/wp\/v2\/product\/5810\/revisions\/5831"}],"wp:featuredmedia":[{"embeddable":true,"href":"https:\/\/istanbulstroller.com\/tr\/wp-json\/wp\/v2\/media\/4641"}],"wp:attachment":[{"href":"https:\/\/istanbulstroller.com\/tr\/wp-json\/wp\/v2\/media?parent=5810"}],"wp:term":[{"taxonomy":"product_brand","embeddable":true,"href":"https:\/\/istanbulstroller.com\/tr\/wp-json\/wp\/v2\/product_brand?post=5810"},{"taxonomy":"product_cat","embeddable":true,"href":"https:\/\/istanbulstroller.com\/tr\/wp-json\/wp\/v2\/product_cat?post=5810"},{"taxonomy":"product_tag","embeddable":true,"href":"https:\/\/istanbulstroller.com\/tr\/wp-json\/wp\/v2\/product_tag?post=5810"}],"curies":[{"name":"wp","href":"https:\/\/api.w.org\/{rel}","templated":true}]}}