{"id":5811,"date":"2026-03-24T12:43:31","date_gmt":"2026-03-24T12:43:31","guid":{"rendered":"https:\/\/istanbulstroller.com\/product\/babybjorn-move-kangaroo-bebek-tasiyici\/"},"modified":"2026-04-14T14:23:26","modified_gmt":"2026-04-14T14:23:26","slug":"babybjorn-move-kangaroo-bebek-tasiyici","status":"publish","type":"product","link":"https:\/\/istanbulstroller.com\/tr\/urun\/babybjorn-move-kangaroo-bebek-tasiyici\/","title":{"rendered":"BabyBj\u00f6rn Move Kangaroo Bebek Ta\u015f\u0131y\u0131c\u0131"},"content":{"rendered":"<h2 data-path-to-node=\"0\">BabyBj\u00f6rn Move &#8211; \u0130lk g\u00fcnden itibaren ergonomik destek<\/h2>\n<p data-path-to-node=\"1\"><b data-path-to-node=\"1\" data-index-in-node=\"9\">Yeni do\u011fan bebe\u011finizin<\/b> ba\u015f\u0131n\u0131, s\u0131rt\u0131n\u0131 ve kal\u00e7alar\u0131n\u0131 en iyi \u015fekilde desteklemek \u00fczere tasarlanm\u0131\u015f ve Uluslararas\u0131 Kal\u00e7a Displazisi Enstit\u00fcs\u00fc taraf\u0131ndan onaylanm\u0131\u015f <b data-path-to-node=\"1\" data-index-in-node=\"75\">BabyBj\u00f6rn Move bebek ta\u015f\u0131y\u0131c\u0131s\u0131n\u0131 kiralay\u0131n.<\/b> Nefes alabilen 3D file kuma\u015ftan \u00fcretilen bu \u00fcr\u00fcn, hem sizi hem de bebe\u011finizi serin tutarken, bebe\u011finizin omurgas\u0131ndaki do\u011fal &#8220;C e\u011frisi&#8221;nin korunmas\u0131n\u0131 sa\u011flar. Bu \u00e7ok y\u00f6nl\u00fc bebek ta\u015f\u0131y\u0131c\u0131, \u00e7ocu\u011funuz b\u00fcy\u00fcd\u00fck\u00e7e yeni do\u011fan i\u00e7e d\u00f6n\u00fck pozisyondan y\u00fcr\u00fcmeye ba\u015flayan \u00e7ocuk s\u0131rtta ta\u015f\u0131nmas\u0131na kadar 15 kg&#8217;a kadar d\u00f6rt farkl\u0131 ta\u015f\u0131ma pozisyonu sunar. Yast\u0131kl\u0131 omuz ask\u0131lar\u0131, bas\u0131nc\u0131 azaltan bel kemeri ve sessiz, kullan\u0131m\u0131 kolay tokalar\u0131yla, uzun y\u00fcr\u00fcy\u00fc\u015fler veya seyahatler i\u00e7in maksimum konfor ve \u0130sve\u00e7 m\u00fchendisli\u011fiyle tasarlanm\u0131\u015f g\u00fcvenlik arayan ebeveynler i\u00e7in m\u00fckemmel bir kiralama se\u00e7ene\u011fidir.  <\/p>\n","protected":false},"excerpt":{"rendered":"<p><b data-path-to-node=\"1\" data-index-in-node=\"9\">Yeni do\u011fan bebe\u011finizin<\/b> ba\u015f\u0131n\u0131, s\u0131rt\u0131n\u0131 ve kal\u00e7alar\u0131n\u0131 en iyi \u015fekilde desteklemek \u00fczere tasarlanm\u0131\u015f ve Uluslararas\u0131 Kal\u00e7a Displazisi Enstit\u00fcs\u00fc taraf\u0131ndan onaylanm\u0131\u015f <b data-path-to-node=\"1\" data-index-in-node=\"75\">BabyBj\u00f6rn Move bebek ta\u015f\u0131y\u0131c\u0131s\u0131n\u0131 kiralay\u0131n.<\/b><\/p>\n","protected":false},"featured_media":4635,"comment_status":"closed","ping_status":"closed","template":"","meta":[],"product_brand":[],"product_cat":[309,308],"product_tag":[],"class_list":{"0":"post-5811","1":"product","2":"type-product","3":"status-publish","4":"has-post-thumbnail","6":"product_cat-bebek-kangurulari","7":"product_cat-bebek-tasiyicilari","9":"first","10":"instock","11":"shipping-taxable","12":"product-type-simple"},"_links":{"self":[{"href":"https:\/\/istanbulstroller.com\/tr\/wp-json\/wp\/v2\/product\/5811","targetHints":{"allow":["GET"]}}],"collection":[{"href":"https:\/\/istanbulstroller.com\/tr\/wp-json\/wp\/v2\/product"}],"about":[{"href":"https:\/\/istanbulstroller.com\/tr\/wp-json\/wp\/v2\/types\/product"}],"replies":[{"embeddable":true,"href":"https:\/\/istanbulstroller.com\/tr\/wp-json\/wp\/v2\/comments?post=5811"}],"version-history":[{"count":1,"href":"https:\/\/istanbulstroller.com\/tr\/wp-json\/wp\/v2\/product\/5811\/revisions"}],"predecessor-version":[{"id":5833,"href":"https:\/\/istanbulstroller.com\/tr\/wp-json\/wp\/v2\/product\/5811\/revisions\/5833"}],"wp:featuredmedia":[{"embeddable":true,"href":"https:\/\/istanbulstroller.com\/tr\/wp-json\/wp\/v2\/media\/4635"}],"wp:attachment":[{"href":"https:\/\/istanbulstroller.com\/tr\/wp-json\/wp\/v2\/media?parent=5811"}],"wp:term":[{"taxonomy":"product_brand","embeddable":true,"href":"https:\/\/istanbulstroller.com\/tr\/wp-json\/wp\/v2\/product_brand?post=5811"},{"taxonomy":"product_cat","embeddable":true,"href":"https:\/\/istanbulstroller.com\/tr\/wp-json\/wp\/v2\/product_cat?post=5811"},{"taxonomy":"product_tag","embeddable":true,"href":"https:\/\/istanbulstroller.com\/tr\/wp-json\/wp\/v2\/product_tag?post=5811"}],"curies":[{"name":"wp","href":"https:\/\/api.w.org\/{rel}","templated":true}]}}