{"id":5812,"date":"2026-03-23T13:24:27","date_gmt":"2026-03-23T13:24:27","guid":{"rendered":"https:\/\/istanbulstroller.com\/product\/kraft-air-cool-kanguru-bebek-tasiyici\/"},"modified":"2026-04-14T14:29:28","modified_gmt":"2026-04-14T14:29:28","slug":"kraft-air-cool-kanguru-bebek-tasiyici","status":"publish","type":"product","link":"https:\/\/istanbulstroller.com\/tr\/urun\/kraft-air-cool-kanguru-bebek-tasiyici\/","title":{"rendered":"Kraft Air Cool Kanguru Bebek Ta\u015f\u0131y\u0131c\u0131"},"content":{"rendered":"<h2 data-path-to-node=\"0\">Kraft Air Cool &#8211; Ergonomik Bebek Ta\u015f\u0131y\u0131c\u0131<\/h2>\n<p data-path-to-node=\"1\">4 ayl\u0131ktan 15 kg&#8217;a kadar olan bebekler i\u00e7in tasarlanm\u0131\u015f, nefes alabilen ve destekleyici bir ta\u015f\u0131ma deneyimi sunan <b data-path-to-node=\"1\" data-index-in-node=\"9\">Kraft Air Cool Bebek Ta\u015f\u0131y\u0131c\u0131s\u0131n\u0131 kiralay\u0131n.<\/b> Bu ergonomik bebek ta\u015f\u0131y\u0131c\u0131, hava ak\u0131\u015f\u0131n\u0131 en \u00fcst d\u00fczeye \u00e7\u0131karmak ve terlemeyi azaltmak i\u00e7in \u00f6zel bir file kuma\u015fa sahiptir; yast\u0131kl\u0131 omuz ask\u0131lar\u0131 ve ayarlanabilir bel kemeri ise ebeveynlerin rahatl\u0131\u011f\u0131 i\u00e7in dengeli bir a\u011f\u0131rl\u0131k da\u011f\u0131l\u0131m\u0131 sa\u011flar. Kal\u00e7a geli\u015fimi i\u00e7in sa\u011fl\u0131kl\u0131 &#8220;M&#8221; pozisyonunu destekler ve bebe\u011finizin boynunu ve ba\u015f\u0131n\u0131 korumak i\u00e7in yast\u0131kl\u0131 bir ba\u015f deste\u011fi i\u00e7erir. Geni\u015fletilebilir tasar\u0131m\u0131 ve \u00e7ift oturma pozisyonu ile bu bebek ta\u015f\u0131y\u0131c\u0131, hareket halindeyken g\u00fcvenlik ve esneklik arayan aktif aileler i\u00e7in m\u00fckemmel bir kiralama se\u00e7ene\u011fidir.  <\/p>\n","protected":false},"excerpt":{"rendered":"<p>4 ayl\u0131ktan 15 kg&#8217;a kadar olan bebekler i\u00e7in tasarlanm\u0131\u015f, nefes alabilen ve destekleyici bir ta\u015f\u0131ma deneyimi sunan <b data-path-to-node=\"1\" data-index-in-node=\"9\">Kraft Air Cool Bebek Ta\u015f\u0131y\u0131c\u0131s\u0131n\u0131 kiralay\u0131n.<\/b><\/p>\n","protected":false},"featured_media":4630,"comment_status":"closed","ping_status":"closed","template":"","meta":[],"product_brand":[],"product_cat":[309,308],"product_tag":[],"class_list":{"0":"post-5812","1":"product","2":"type-product","3":"status-publish","4":"has-post-thumbnail","6":"product_cat-bebek-kangurulari","7":"product_cat-bebek-tasiyicilari","9":"first","10":"instock","11":"shipping-taxable","12":"product-type-simple"},"_links":{"self":[{"href":"https:\/\/istanbulstroller.com\/tr\/wp-json\/wp\/v2\/product\/5812","targetHints":{"allow":["GET"]}}],"collection":[{"href":"https:\/\/istanbulstroller.com\/tr\/wp-json\/wp\/v2\/product"}],"about":[{"href":"https:\/\/istanbulstroller.com\/tr\/wp-json\/wp\/v2\/types\/product"}],"replies":[{"embeddable":true,"href":"https:\/\/istanbulstroller.com\/tr\/wp-json\/wp\/v2\/comments?post=5812"}],"version-history":[{"count":1,"href":"https:\/\/istanbulstroller.com\/tr\/wp-json\/wp\/v2\/product\/5812\/revisions"}],"predecessor-version":[{"id":5840,"href":"https:\/\/istanbulstroller.com\/tr\/wp-json\/wp\/v2\/product\/5812\/revisions\/5840"}],"wp:featuredmedia":[{"embeddable":true,"href":"https:\/\/istanbulstroller.com\/tr\/wp-json\/wp\/v2\/media\/4630"}],"wp:attachment":[{"href":"https:\/\/istanbulstroller.com\/tr\/wp-json\/wp\/v2\/media?parent=5812"}],"wp:term":[{"taxonomy":"product_brand","embeddable":true,"href":"https:\/\/istanbulstroller.com\/tr\/wp-json\/wp\/v2\/product_brand?post=5812"},{"taxonomy":"product_cat","embeddable":true,"href":"https:\/\/istanbulstroller.com\/tr\/wp-json\/wp\/v2\/product_cat?post=5812"},{"taxonomy":"product_tag","embeddable":true,"href":"https:\/\/istanbulstroller.com\/tr\/wp-json\/wp\/v2\/product_tag?post=5812"}],"curies":[{"name":"wp","href":"https:\/\/api.w.org\/{rel}","templated":true}]}}