{"id":5813,"date":"2026-03-23T10:29:10","date_gmt":"2026-03-23T10:29:10","guid":{"rendered":"https:\/\/istanbulstroller.com\/product\/kraft-duplo-ikiz-bebek-arabasi\/"},"modified":"2026-04-14T14:30:03","modified_gmt":"2026-04-14T14:30:03","slug":"kraft-duplo-ikiz-bebek-arabasi","status":"publish","type":"product","link":"https:\/\/istanbulstroller.com\/tr\/urun\/kraft-duplo-ikiz-bebek-arabasi\/","title":{"rendered":"Kraft Duplo \u0130kiz Bebek Arabas\u0131"},"content":{"rendered":"<h2 data-path-to-node=\"0\">Kraft Duplo \u0130kiz Bebek Arabas\u0131 &#8211; Modern ve Otomatik<\/h2>\n<p data-path-to-node=\"1\"><b data-path-to-node=\"1\" data-index-in-node=\"131\">44 kg&#8217;a<\/b> kadar ta\u015f\u0131ma kapasitesine sahip, l\u00fcks bir seyahat \u00e7\u00f6z\u00fcm\u00fc i\u00e7in <b data-path-to-node=\"1\" data-index-in-node=\"9\">Kraft Duplo \u0130kiz Bebek Arabas\u0131n\u0131 kiralay\u0131n.<\/b> Bu sofistike ikiz bebek arabas\u0131, tek elle katlanabilmesini ve maksimum rahatl\u0131k i\u00e7in kendi kendine ayakta durabilmesini sa\u011flayan yenilik\u00e7i bir otomatik katlama mekanizmas\u0131na sahiptir. Her koltuk, \u00e7ok pozisyonlu yat\u0131rma \u00f6zelli\u011fi ve el \u00f6rg\u00fcs\u00fc deri detaylarla donat\u0131lm\u0131\u015f geni\u015f bir i\u00e7 mekan sunarak, do\u011fumdan itibaren \u015f\u0131k ve konforlu bir yolculuk sa\u011flar. \u015eok emici ER tekerlekler ve bilyal\u0131 rulman sistemleri ile donat\u0131lm\u0131\u015f bu \u00e7ift bebek arabas\u0131, \u00e7e\u015fitli arazilerde zahmetsiz manevra kabiliyeti sunar. \u00dcst\u00fcn \u00f6zelliklerden ve \u00e7ocuk g\u00fcvenli\u011finden \u00f6d\u00fcn vermeden <b data-path-to-node=\"1\" data-index-in-node=\"513\">kompakt bir tasar\u0131m<\/b>a \u00f6nem veren ebeveynler i\u00e7in m\u00fckemmel bir kiralama se\u00e7ene\u011fidir.    <\/p>\n","protected":false},"excerpt":{"rendered":"<p><b data-path-to-node=\"1\" data-index-in-node=\"131\">44 kg&#8217;a<\/b> kadar ta\u015f\u0131ma kapasitesine sahip, l\u00fcks bir seyahat \u00e7\u00f6z\u00fcm\u00fc i\u00e7in <b data-path-to-node=\"1\" data-index-in-node=\"9\">Kraft Duplo \u0130kiz Bebek Arabas\u0131n\u0131 kiralay\u0131n<\/b>. Bu \u015f\u0131k ikiz bebek arabas\u0131, yenilik\u00e7i bir otomatik katlama mekanizmas\u0131na sahiptir <\/p>\n","protected":false},"featured_media":4557,"comment_status":"open","ping_status":"closed","template":"","meta":[],"product_brand":[],"product_cat":[313],"product_tag":[],"class_list":{"0":"post-5813","1":"product","2":"type-product","3":"status-publish","4":"has-post-thumbnail","6":"product_cat-ikiz-bebek-arabalari","8":"first","9":"instock","10":"shipping-taxable","11":"product-type-simple"},"_links":{"self":[{"href":"https:\/\/istanbulstroller.com\/tr\/wp-json\/wp\/v2\/product\/5813","targetHints":{"allow":["GET"]}}],"collection":[{"href":"https:\/\/istanbulstroller.com\/tr\/wp-json\/wp\/v2\/product"}],"about":[{"href":"https:\/\/istanbulstroller.com\/tr\/wp-json\/wp\/v2\/types\/product"}],"replies":[{"embeddable":true,"href":"https:\/\/istanbulstroller.com\/tr\/wp-json\/wp\/v2\/comments?post=5813"}],"version-history":[{"count":1,"href":"https:\/\/istanbulstroller.com\/tr\/wp-json\/wp\/v2\/product\/5813\/revisions"}],"predecessor-version":[{"id":5842,"href":"https:\/\/istanbulstroller.com\/tr\/wp-json\/wp\/v2\/product\/5813\/revisions\/5842"}],"wp:featuredmedia":[{"embeddable":true,"href":"https:\/\/istanbulstroller.com\/tr\/wp-json\/wp\/v2\/media\/4557"}],"wp:attachment":[{"href":"https:\/\/istanbulstroller.com\/tr\/wp-json\/wp\/v2\/media?parent=5813"}],"wp:term":[{"taxonomy":"product_brand","embeddable":true,"href":"https:\/\/istanbulstroller.com\/tr\/wp-json\/wp\/v2\/product_brand?post=5813"},{"taxonomy":"product_cat","embeddable":true,"href":"https:\/\/istanbulstroller.com\/tr\/wp-json\/wp\/v2\/product_cat?post=5813"},{"taxonomy":"product_tag","embeddable":true,"href":"https:\/\/istanbulstroller.com\/tr\/wp-json\/wp\/v2\/product_tag?post=5813"}],"curies":[{"name":"wp","href":"https:\/\/api.w.org\/{rel}","templated":true}]}}