{"id":5814,"date":"2026-03-23T10:10:55","date_gmt":"2026-03-23T10:10:55","guid":{"rendered":"https:\/\/istanbulstroller.com\/product\/joie-evalite-duo-tandem-ikiz-bebek-arabasi\/"},"modified":"2026-04-14T14:42:36","modified_gmt":"2026-04-14T14:42:36","slug":"joie-evalite-duo-tandem-ikiz-bebek-arabasi","status":"publish","type":"product","link":"https:\/\/istanbulstroller.com\/tr\/urun\/joie-evalite-duo-tandem-ikiz-bebek-arabasi\/","title":{"rendered":"Joie Evalite Duo Tandem \u0130kiz Bebek Arabas\u0131"},"content":{"rendered":"<h2 data-path-to-node=\"0\">Joie Evalite Duo Tandem &#8211; Hafif Seyahat<\/h2>\n<p data-path-to-node=\"1\">Piyasadaki en hafif ikiz bebek arabalar\u0131ndan biri olan ve <b data-path-to-node=\"1\" data-index-in-node=\"47\">11 kg<\/b>&#8216;\u0131n biraz \u00fczerinde a\u011f\u0131rl\u0131\u011f\u0131yla zahmetsiz kullan\u0131m sunan <b data-path-to-node=\"1\" data-index-in-node=\"9\">Joie Evalite Duo&#8217;yu kiralay\u0131n.<\/b> Bu ikiz bebek arabas\u0131, dar koridorlarda rahat\u00e7a hareket etmenizi sa\u011flayan aerodinamik bir tasar\u0131ma sahiptir; Sure Lock\u2122 sistemi ise uyumlu bebek koltuklar\u0131n\u0131 ek adapt\u00f6rlere gerek kalmadan takman\u0131za olanak tan\u0131r. Her iki \u00e7ocuk da UPF 50+ g\u00fcne\u015fliklerin alt\u0131nda korunurken, \u00e7ok say\u0131da yat\u0131rma pozisyonunun ve d\u00f6rt tekerlekli s\u00fcspansiyon sayesinde konforlu bir s\u00fcr\u00fc\u015f\u00fcn keyfini \u00e7\u0131kar\u0131r. Tek elle katlanabilme ve kendi kendine ayakta durabilme \u00f6zelli\u011fi ile bu ikiz bebek arabas\u0131, iki k\u00fc\u00e7\u00fck \u00e7ocukla seyahat eden aileler i\u00e7in pratik ve y\u00fcksek kaliteli bir kiralama se\u00e7ene\u011fidir.  <\/p>\n","protected":false},"excerpt":{"rendered":"<p>Piyasadaki en hafif ikiz bebek arabalar\u0131ndan biri olan ve <b data-path-to-node=\"1\" data-index-in-node=\"47\">11 kg<\/b>&#8216;\u0131n biraz \u00fczerinde a\u011f\u0131rl\u0131\u011f\u0131yla zahmetsiz kullan\u0131m sunan <b data-path-to-node=\"1\" data-index-in-node=\"9\">Joie Evalite Duo&#8217;yu kiralay\u0131n.<\/b><\/p>\n","protected":false},"featured_media":4556,"comment_status":"open","ping_status":"closed","template":"","meta":[],"product_brand":[],"product_cat":[313],"product_tag":[],"class_list":{"0":"post-5814","1":"product","2":"type-product","3":"status-publish","4":"has-post-thumbnail","6":"product_cat-ikiz-bebek-arabalari","8":"first","9":"instock","10":"shipping-taxable","11":"product-type-simple"},"_links":{"self":[{"href":"https:\/\/istanbulstroller.com\/tr\/wp-json\/wp\/v2\/product\/5814","targetHints":{"allow":["GET"]}}],"collection":[{"href":"https:\/\/istanbulstroller.com\/tr\/wp-json\/wp\/v2\/product"}],"about":[{"href":"https:\/\/istanbulstroller.com\/tr\/wp-json\/wp\/v2\/types\/product"}],"replies":[{"embeddable":true,"href":"https:\/\/istanbulstroller.com\/tr\/wp-json\/wp\/v2\/comments?post=5814"}],"version-history":[{"count":1,"href":"https:\/\/istanbulstroller.com\/tr\/wp-json\/wp\/v2\/product\/5814\/revisions"}],"predecessor-version":[{"id":5863,"href":"https:\/\/istanbulstroller.com\/tr\/wp-json\/wp\/v2\/product\/5814\/revisions\/5863"}],"wp:featuredmedia":[{"embeddable":true,"href":"https:\/\/istanbulstroller.com\/tr\/wp-json\/wp\/v2\/media\/4556"}],"wp:attachment":[{"href":"https:\/\/istanbulstroller.com\/tr\/wp-json\/wp\/v2\/media?parent=5814"}],"wp:term":[{"taxonomy":"product_brand","embeddable":true,"href":"https:\/\/istanbulstroller.com\/tr\/wp-json\/wp\/v2\/product_brand?post=5814"},{"taxonomy":"product_cat","embeddable":true,"href":"https:\/\/istanbulstroller.com\/tr\/wp-json\/wp\/v2\/product_cat?post=5814"},{"taxonomy":"product_tag","embeddable":true,"href":"https:\/\/istanbulstroller.com\/tr\/wp-json\/wp\/v2\/product_tag?post=5814"}],"curies":[{"name":"wp","href":"https:\/\/api.w.org\/{rel}","templated":true}]}}