{"id":5815,"date":"2026-03-15T14:25:35","date_gmt":"2026-03-15T14:25:35","guid":{"rendered":"https:\/\/istanbulstroller.com\/product\/peg-perego-book-for-two-ikiz-bebek-arabasi\/"},"modified":"2026-04-14T14:42:35","modified_gmt":"2026-04-14T14:42:35","slug":"peg-perego-book-for-two-ikiz-bebek-arabasi","status":"publish","type":"product","link":"https:\/\/istanbulstroller.com\/tr\/urun\/peg-perego-book-for-two-ikiz-bebek-arabasi\/","title":{"rendered":"Peg Perego Book For Two \u0130kiz Bebek Arabas\u0131"},"content":{"rendered":"<h2 data-path-to-node=\"0\">Peg Perego Book For Two &#8211; \u0130talyan Zarafeti<\/h2>\n<p data-path-to-node=\"1\">\u0130kizlerinizle veya farkl\u0131 ya\u015flardaki karde\u015flerinizle birinci s\u0131n\u0131f, y\u00fcksek performansl\u0131 bir gezinti deneyimi ya\u015famak i\u00e7in <b data-path-to-node=\"1\" data-index-in-node=\"9\">Peg Perego Book For Two&#8217;yu kiralay\u0131n<\/b>. \u0130talya&#8217;da \u00fcretilen bu ikiz bebek arabas\u0131, yenilik\u00e7i <b data-path-to-node=\"1\" data-index-in-node=\"151\">&#8220;Soft Ride&#8221; <\/b>tekerlek sistemi ve bilyal\u0131 \u00f6n tekerleklere sahiptir; bu sayede her t\u00fcrl\u00fc zeminde %30 daha az eforla zahmetsizce manevra yapabilirsiniz.  Hafif al\u00fcminyum \u015fasi, ba\u011f\u0131ms\u0131z olarak ayarlanabilen s\u0131rtl\u0131k ve ayak dayamalar\u0131yla birle\u015ferek her \u00e7ocu\u011fun yolculuk boyunca kendine \u00f6zel konforu ya\u015famas\u0131n\u0131 sa\u011flar. Kompakt katlanma \u00f6zelli\u011fi ve kullan\u0131\u015fl\u0131 yan ta\u015f\u0131ma kolu sayesinde bu ikiz bebek arabas\u0131, kaliteden ve kullan\u0131m kolayl\u0131\u011f\u0131ndan \u00f6d\u00fcn vermek istemeyen aileler i\u00e7in en iyi kiralama se\u00e7eneklerinden biridir. <\/p>\n","protected":false},"excerpt":{"rendered":"<p>\u0130kizlerinizle veya farkl\u0131 ya\u015flardaki karde\u015flerinizle birinci s\u0131n\u0131f, y\u00fcksek performansl\u0131 bir gezinti deneyimi ya\u015famak i\u00e7in <b data-path-to-node=\"1\" data-index-in-node=\"9\">Peg Perego Book For Two&#8217;yu kiralay\u0131n<\/b>. \u0130talya&#8217;da \u00fcretilen bu ikiz bebek arabas\u0131, yenilik\u00e7i <b data-path-to-node=\"1\" data-index-in-node=\"151\">&#8220;Soft Ride&#8221; <\/b>tekerlek sistemi ve bilyal\u0131 \u00f6n tekerleklere sahiptir; bu sayede her t\u00fcrl\u00fc zeminde %30 daha az eforla zahmetsizce manevra yapabilirsiniz. <\/p>\n","protected":false},"featured_media":4594,"comment_status":"open","ping_status":"closed","template":"","meta":[],"product_brand":[],"product_cat":[313],"product_tag":[],"class_list":{"0":"post-5815","1":"product","2":"type-product","3":"status-publish","4":"has-post-thumbnail","6":"product_cat-ikiz-bebek-arabalari","8":"first","9":"instock","10":"shipping-taxable","11":"product-type-simple"},"_links":{"self":[{"href":"https:\/\/istanbulstroller.com\/tr\/wp-json\/wp\/v2\/product\/5815","targetHints":{"allow":["GET"]}}],"collection":[{"href":"https:\/\/istanbulstroller.com\/tr\/wp-json\/wp\/v2\/product"}],"about":[{"href":"https:\/\/istanbulstroller.com\/tr\/wp-json\/wp\/v2\/types\/product"}],"replies":[{"embeddable":true,"href":"https:\/\/istanbulstroller.com\/tr\/wp-json\/wp\/v2\/comments?post=5815"}],"version-history":[{"count":1,"href":"https:\/\/istanbulstroller.com\/tr\/wp-json\/wp\/v2\/product\/5815\/revisions"}],"predecessor-version":[{"id":5861,"href":"https:\/\/istanbulstroller.com\/tr\/wp-json\/wp\/v2\/product\/5815\/revisions\/5861"}],"wp:featuredmedia":[{"embeddable":true,"href":"https:\/\/istanbulstroller.com\/tr\/wp-json\/wp\/v2\/media\/4594"}],"wp:attachment":[{"href":"https:\/\/istanbulstroller.com\/tr\/wp-json\/wp\/v2\/media?parent=5815"}],"wp:term":[{"taxonomy":"product_brand","embeddable":true,"href":"https:\/\/istanbulstroller.com\/tr\/wp-json\/wp\/v2\/product_brand?post=5815"},{"taxonomy":"product_cat","embeddable":true,"href":"https:\/\/istanbulstroller.com\/tr\/wp-json\/wp\/v2\/product_cat?post=5815"},{"taxonomy":"product_tag","embeddable":true,"href":"https:\/\/istanbulstroller.com\/tr\/wp-json\/wp\/v2\/product_tag?post=5815"}],"curies":[{"name":"wp","href":"https:\/\/api.w.org\/{rel}","templated":true}]}}