{"id":5816,"date":"2026-03-15T14:16:41","date_gmt":"2026-03-15T14:16:41","guid":{"rendered":"https:\/\/istanbulstroller.com\/product\/baby2go-avangarde-ikiz-bebek-arabasi\/"},"modified":"2026-04-14T14:42:34","modified_gmt":"2026-04-14T14:42:34","slug":"baby2go-avangarde-ikiz-bebek-arabasi","status":"publish","type":"product","link":"https:\/\/istanbulstroller.com\/tr\/urun\/baby2go-avangarde-ikiz-bebek-arabasi\/","title":{"rendered":"Baby2Go Avangarde \u0130kiz Bebek Arabas\u0131"},"content":{"rendered":"<h2 data-path-to-node=\"0\">Baby2Go Avangarde \u0130kiz Bebek Arabas\u0131 &#8211; Zahmetsiz Hareket<\/h2>\n<p data-path-to-node=\"1\">\u0130kizlerinizle veya iki k\u00fc\u00e7\u00fck \u00e7ocu\u011funuzla sorunsuz ve pratik bir seyahat deneyimi ya\u015famak i\u00e7in <b data-path-to-node=\"1\" data-index-in-node=\"9\">Baby2Go Avangarde \u0130kiz Bebek Arabas\u0131n\u0131 kiralay\u0131n.<\/b> Bu birinci s\u0131n\u0131f <b data-path-to-node=\"1\" data-index-in-node=\"140\">ikiz bebek arabas\u0131<\/b>, standart kap\u0131lardan ge\u00e7ebilen hafif ve kompakt bir \u015fasiye sahiptir; b\u00f6ylece kalabal\u0131k caddelerde ve al\u0131\u015fveri\u015f merkezlerinde rahat\u00e7a hareket edebilirsiniz. Her koltuk, uzun y\u00fcr\u00fcy\u00fc\u015fler s\u0131ras\u0131nda her iki \u00e7ocu\u011fun da rahat etmesini sa\u011flamak i\u00e7in ba\u011f\u0131ms\u0131z yat\u0131rma pozisyonlar\u0131 ve ayarlanabilir ayak dayamalar\u0131 sunar. Sa\u011flam tekerlek sistemi ve geni\u015f saklama sepeti ile bu<b data-path-to-node=\"1\" data-index-in-node=\"480\"> ikiz bebek arabas\u0131<\/b>, hareket halindeki aileler i\u00e7in m\u00fckemmel bir kiralama se\u00e7ene\u011fidir. Tek elle katlama mekanizmas\u0131 sayesinde araba bagajlar\u0131nda veya dar koridorlarda saklamak son derece kolayd\u0131r.   <\/p>\n","protected":false},"excerpt":{"rendered":"<p>\u0130kizlerinizle veya iki k\u00fc\u00e7\u00fck \u00e7ocu\u011funuzla sorunsuz ve pratik bir seyahat deneyimi ya\u015famak i\u00e7in <b data-path-to-node=\"1\" data-index-in-node=\"9\">Baby2Go Avangarde \u0130kiz Bebek Arabas\u0131n\u0131 kiralay\u0131n.<\/b><\/p>\n","protected":false},"featured_media":4531,"comment_status":"open","ping_status":"closed","template":"","meta":[],"product_brand":[],"product_cat":[313],"product_tag":[],"class_list":{"0":"post-5816","1":"product","2":"type-product","3":"status-publish","4":"has-post-thumbnail","6":"product_cat-ikiz-bebek-arabalari","8":"first","9":"instock","10":"shipping-taxable","11":"product-type-simple"},"_links":{"self":[{"href":"https:\/\/istanbulstroller.com\/tr\/wp-json\/wp\/v2\/product\/5816","targetHints":{"allow":["GET"]}}],"collection":[{"href":"https:\/\/istanbulstroller.com\/tr\/wp-json\/wp\/v2\/product"}],"about":[{"href":"https:\/\/istanbulstroller.com\/tr\/wp-json\/wp\/v2\/types\/product"}],"replies":[{"embeddable":true,"href":"https:\/\/istanbulstroller.com\/tr\/wp-json\/wp\/v2\/comments?post=5816"}],"version-history":[{"count":1,"href":"https:\/\/istanbulstroller.com\/tr\/wp-json\/wp\/v2\/product\/5816\/revisions"}],"predecessor-version":[{"id":5860,"href":"https:\/\/istanbulstroller.com\/tr\/wp-json\/wp\/v2\/product\/5816\/revisions\/5860"}],"wp:featuredmedia":[{"embeddable":true,"href":"https:\/\/istanbulstroller.com\/tr\/wp-json\/wp\/v2\/media\/4531"}],"wp:attachment":[{"href":"https:\/\/istanbulstroller.com\/tr\/wp-json\/wp\/v2\/media?parent=5816"}],"wp:term":[{"taxonomy":"product_brand","embeddable":true,"href":"https:\/\/istanbulstroller.com\/tr\/wp-json\/wp\/v2\/product_brand?post=5816"},{"taxonomy":"product_cat","embeddable":true,"href":"https:\/\/istanbulstroller.com\/tr\/wp-json\/wp\/v2\/product_cat?post=5816"},{"taxonomy":"product_tag","embeddable":true,"href":"https:\/\/istanbulstroller.com\/tr\/wp-json\/wp\/v2\/product_tag?post=5816"}],"curies":[{"name":"wp","href":"https:\/\/api.w.org\/{rel}","templated":true}]}}