{"id":5817,"date":"2026-03-15T13:59:54","date_gmt":"2026-03-15T13:59:54","guid":{"rendered":"https:\/\/istanbulstroller.com\/product\/babybjorn-balance-sallanan-ana-kucagi\/"},"modified":"2026-04-14T14:43:09","modified_gmt":"2026-04-14T14:43:09","slug":"babybjorn-balance-sallanan-ana-kucagi","status":"publish","type":"product","link":"https:\/\/istanbulstroller.com\/tr\/urun\/babybjorn-balance-sallanan-ana-kucagi\/","title":{"rendered":"BabyBj\u00f6rn Balance Sallanan Ana Ku\u00e7a\u011f\u0131"},"content":{"rendered":"<h2 data-path-to-node=\"0\">BabyBj\u00f6rn Bouncer Bliss &#8211; Rahatl\u0131k i\u00e7in Kiralay\u0131n<\/h2>\n<p data-path-to-node=\"1\">Bebe\u011finizin ba\u015f\u0131n\u0131, boynunu ve s\u0131rt\u0131n\u0131 m\u00fckemmel bir \u015fekilde desteklemek \u00fczere tasarlanan <b data-path-to-node=\"1\" data-index-in-node=\"57\">BabyBj\u00f6rn Bouncer Bliss<\/b>&#8216;i kiralayarak, en \u00fcst d\u00fczey ergonomik deste\u011fi deneyimleyin. Bu hafif bebek sallama koltu\u011fu, \u00e7ocu\u011funuzun kendi hareketleriyle \u00e7al\u0131\u015fan do\u011fal bir sallanma hareketine sahiptir ve pil gerektirmeden motor becerilerinin geli\u015fmesine yard\u0131mc\u0131 olur. Oeko-Tex sertifikal\u0131 kuma\u015flardan \u00fcretilen bu \u00fcr\u00fcn, minik yavrunuzun dinlenmesi veya oynamas\u0131 i\u00e7in g\u00fcvenli ve nefes alabilen bir ortam sunar. Kompakt ve katlanabilir tasar\u0131m\u0131 sayesinde bu bebek sallama koltu\u011fu kolayca ta\u015f\u0131nabilir ve hem ev kullan\u0131m\u0131 hem de seyahat i\u00e7in idealdir. Do\u011fumdan iki ya\u015f\u0131na kadar \u00e7ocu\u011funuzla birlikte b\u00fcy\u00fcyen, m\u00fckemmel ve esnek bir oturma \u00e7\u00f6z\u00fcm\u00fcd\u00fcr.   <\/p>\n","protected":false},"excerpt":{"rendered":"<p>Bebe\u011finizin ba\u015f\u0131n\u0131, boynunu ve s\u0131rt\u0131n\u0131 m\u00fckemmel bir \u015fekilde desteklemek \u00fczere tasarlanan <b data-path-to-node=\"1\" data-index-in-node=\"57\">BabyBj\u00f6rn Bouncer Bliss<\/b>&#8216;i kiralayarak, en \u00fcst d\u00fczey ergonomik deste\u011fi deneyimleyin.<\/p>\n","protected":false},"featured_media":4524,"comment_status":"open","ping_status":"closed","template":"","meta":[],"product_brand":[],"product_cat":[306,315],"product_tag":[],"class_list":{"0":"post-5817","1":"product","2":"type-product","3":"status-publish","4":"has-post-thumbnail","6":"product_cat-ana-kucaklari","7":"product_cat-bebek-salincaklari","9":"first","10":"instock","11":"shipping-taxable","12":"product-type-simple"},"_links":{"self":[{"href":"https:\/\/istanbulstroller.com\/tr\/wp-json\/wp\/v2\/product\/5817","targetHints":{"allow":["GET"]}}],"collection":[{"href":"https:\/\/istanbulstroller.com\/tr\/wp-json\/wp\/v2\/product"}],"about":[{"href":"https:\/\/istanbulstroller.com\/tr\/wp-json\/wp\/v2\/types\/product"}],"replies":[{"embeddable":true,"href":"https:\/\/istanbulstroller.com\/tr\/wp-json\/wp\/v2\/comments?post=5817"}],"version-history":[{"count":1,"href":"https:\/\/istanbulstroller.com\/tr\/wp-json\/wp\/v2\/product\/5817\/revisions"}],"predecessor-version":[{"id":5864,"href":"https:\/\/istanbulstroller.com\/tr\/wp-json\/wp\/v2\/product\/5817\/revisions\/5864"}],"wp:featuredmedia":[{"embeddable":true,"href":"https:\/\/istanbulstroller.com\/tr\/wp-json\/wp\/v2\/media\/4524"}],"wp:attachment":[{"href":"https:\/\/istanbulstroller.com\/tr\/wp-json\/wp\/v2\/media?parent=5817"}],"wp:term":[{"taxonomy":"product_brand","embeddable":true,"href":"https:\/\/istanbulstroller.com\/tr\/wp-json\/wp\/v2\/product_brand?post=5817"},{"taxonomy":"product_cat","embeddable":true,"href":"https:\/\/istanbulstroller.com\/tr\/wp-json\/wp\/v2\/product_cat?post=5817"},{"taxonomy":"product_tag","embeddable":true,"href":"https:\/\/istanbulstroller.com\/tr\/wp-json\/wp\/v2\/product_tag?post=5817"}],"curies":[{"name":"wp","href":"https:\/\/api.w.org\/{rel}","templated":true}]}}