{"id":5818,"date":"2026-03-13T09:45:38","date_gmt":"2026-03-13T09:45:38","guid":{"rendered":"https:\/\/istanbulstroller.com\/product\/mamaroo-4-0-app-sallanan-ana-kucagi\/"},"modified":"2026-04-14T14:43:54","modified_gmt":"2026-04-14T14:43:54","slug":"mamaroo-4-0-app-sallanan-ana-kucagi","status":"publish","type":"product","link":"https:\/\/istanbulstroller.com\/tr\/urun\/mamaroo-4-0-app-sallanan-ana-kucagi\/","title":{"rendered":"Mamaroo 4.0 App Sallanan Ana Kuca\u011f\u0131"},"content":{"rendered":"<p>Ebeveynlerin hareketlerinden esinlenerek geli\u015ftirilen Mamaroo 4.0 Uygulamal\u0131 Bebek Sal\u0131nca\u011f\u0131, bebe\u011finizi mutlu edecek ve size huzur verecek! Yeni do\u011fanlar i\u00e7in tasarlanan bu bebek sal\u0131nca\u011f\u0131, \u00e7e\u015fitli sallanma modlar\u0131 ve bebe\u011finizin g\u00f6z hizas\u0131na yerle\u015ftirilmi\u015f oyuncaklarla donat\u0131lm\u0131\u015ft\u0131r; b\u00f6ylece siz g\u00fcnl\u00fck i\u015flerinizi hallederken bebe\u011finiz e\u011flenebilir. Mamaroo, ilk 8 haftadan itibaren kullan\u0131lmak \u00fczere tasarlanm\u0131\u015ft\u0131r. 8 haftadan k\u00fc\u00e7\u00fck bebekler i\u00e7in oyuncaklar, bebeklerin sadece izleyebilmesi i\u00e7in g\u00f6z hizas\u0131nda konumland\u0131r\u0131lm\u0131\u015ft\u0131r. 8 haftadan sonra bebekler oyuncaklarla oynayabilir ve g\u00f6rsel becerilerini geli\u015ftirebilir. Oyuncaklar \u00e7\u0131kar\u0131labilir ve y\u0131kanabilir oldu\u011fundan son derece hijyeniktir. Pil yerine elektrikle \u00e7al\u0131\u015ft\u0131\u011f\u0131 i\u00e7in \u00e7evre dostudur.      <\/p>\n","protected":false},"excerpt":{"rendered":"<p>Anne ve babalar\u0131n hareketlerine g\u00f6re tasarlanan Mamaroo 4.0 Bebek Sal\u0131nca\u011f\u0131 uygulamas\u0131 ile bebe\u011finiz mutlu olacak, siz de i\u00e7iniz rahat edecek!<\/p>\n","protected":false},"featured_media":4518,"comment_status":"open","ping_status":"closed","template":"","meta":[],"product_brand":[],"product_cat":[306,315],"product_tag":[],"class_list":{"0":"post-5818","1":"product","2":"type-product","3":"status-publish","4":"has-post-thumbnail","6":"product_cat-ana-kucaklari","7":"product_cat-bebek-salincaklari","9":"first","10":"instock","11":"shipping-taxable","12":"product-type-simple"},"_links":{"self":[{"href":"https:\/\/istanbulstroller.com\/tr\/wp-json\/wp\/v2\/product\/5818","targetHints":{"allow":["GET"]}}],"collection":[{"href":"https:\/\/istanbulstroller.com\/tr\/wp-json\/wp\/v2\/product"}],"about":[{"href":"https:\/\/istanbulstroller.com\/tr\/wp-json\/wp\/v2\/types\/product"}],"replies":[{"embeddable":true,"href":"https:\/\/istanbulstroller.com\/tr\/wp-json\/wp\/v2\/comments?post=5818"}],"version-history":[{"count":1,"href":"https:\/\/istanbulstroller.com\/tr\/wp-json\/wp\/v2\/product\/5818\/revisions"}],"predecessor-version":[{"id":5866,"href":"https:\/\/istanbulstroller.com\/tr\/wp-json\/wp\/v2\/product\/5818\/revisions\/5866"}],"wp:featuredmedia":[{"embeddable":true,"href":"https:\/\/istanbulstroller.com\/tr\/wp-json\/wp\/v2\/media\/4518"}],"wp:attachment":[{"href":"https:\/\/istanbulstroller.com\/tr\/wp-json\/wp\/v2\/media?parent=5818"}],"wp:term":[{"taxonomy":"product_brand","embeddable":true,"href":"https:\/\/istanbulstroller.com\/tr\/wp-json\/wp\/v2\/product_brand?post=5818"},{"taxonomy":"product_cat","embeddable":true,"href":"https:\/\/istanbulstroller.com\/tr\/wp-json\/wp\/v2\/product_cat?post=5818"},{"taxonomy":"product_tag","embeddable":true,"href":"https:\/\/istanbulstroller.com\/tr\/wp-json\/wp\/v2\/product_tag?post=5818"}],"curies":[{"name":"wp","href":"https:\/\/api.w.org\/{rel}","templated":true}]}}