{"id":5821,"date":"2026-03-13T09:22:36","date_gmt":"2026-03-13T09:22:36","guid":{"rendered":"https:\/\/istanbulstroller.com\/product\/mamaroo-5-0-app-sallanan-ana-kucagi\/"},"modified":"2026-04-14T14:43:54","modified_gmt":"2026-04-14T14:43:54","slug":"mamaroo-5-0-app-sallanan-ana-kucagi","status":"publish","type":"product","link":"https:\/\/istanbulstroller.com\/tr\/urun\/mamaroo-5-0-app-sallanan-ana-kucagi\/","title":{"rendered":"Mamaroo 5.0 App Sallanan Ana kuca\u011f\u0131"},"content":{"rendered":"<h2 data-path-to-node=\"0\">4moms MamaRoo 5.0 &#8211; En \u00dcst D\u00fczey \u00c7ok Y\u00f6nl\u00fc Bebek Sal\u0131nca\u011f\u0131<\/h2>\n<p data-path-to-node=\"1\">Sizin hareketlerinizi taklit etmek \u00fczere tasarlanm\u0131\u015f en geli\u015fmi\u015f bebek sal\u0131nca\u011f\u0131 olan <b data-path-to-node=\"1\" data-index-in-node=\"9\">4moms MamaRoo 5.0<\/b>&#8216;\u0131 kiralay\u0131n. Araba yolculu\u011fu, kanguru, a\u011fa\u00e7 sal\u0131nca\u011f\u0131, ninni ve dalga olmak \u00fczere be\u015f benzersiz hareket sunan bu ak\u0131ll\u0131 koltuk, bebe\u011finizi sakinle\u015ftirmek ve e\u011flendirmek i\u00e7in ebeveynlerin do\u011fal sallanma ve sallama hareketlerini taklit eder. <b data-path-to-node=\"1\" data-index-in-node=\"46\">Entegre 4moms<\/b> uygulamas\u0131 ile hareket, h\u0131z ve sesi do\u011frudan ak\u0131ll\u0131 telefonunuzdan ayarlayabilirsiniz. \u015e\u0131k, modern tasar\u0131m\u0131 ve \u00fcst k\u0131sm\u0131ndaki interaktif oyuncak toplar\u0131, bebe\u011finize do\u011fumdan <b data-path-to-node=\"1\" data-index-in-node=\"297\">11,3 kg<\/b>&#8216;a kadar en \u00fcst d\u00fczeyde konfor ve duyusal deneyim sunmak i\u00e7in birinci s\u0131n\u0131f bir kiralama se\u00e7ene\u011fi sunar.   <\/p>\n","protected":false},"excerpt":{"rendered":"<p>4moms\u00ae mamaRoo 5.0 Bebek Sal\u0131nca\u011f\u0131, t\u0131pk\u0131 ebeveynlerin bebeklerini sakinle\u015ftirmek i\u00e7in yapt\u0131klar\u0131 gibi yukar\u0131 a\u015fa\u011f\u0131 z\u0131plar ve yanlara do\u011fru sallan\u0131r. Be\u015f farkl\u0131 hareket ve be\u015f h\u0131z se\u00e7ene\u011fi sunarak toplam 25 farkl\u0131 kombinasyon sa\u011flar. <\/p>\n","protected":false},"featured_media":4513,"comment_status":"closed","ping_status":"closed","template":"","meta":[],"product_brand":[],"product_cat":[306,315],"product_tag":[],"class_list":{"0":"post-5821","1":"product","2":"type-product","3":"status-publish","4":"has-post-thumbnail","6":"product_cat-ana-kucaklari","7":"product_cat-bebek-salincaklari","9":"first","10":"instock","11":"shipping-taxable","12":"product-type-simple"},"_links":{"self":[{"href":"https:\/\/istanbulstroller.com\/tr\/wp-json\/wp\/v2\/product\/5821","targetHints":{"allow":["GET"]}}],"collection":[{"href":"https:\/\/istanbulstroller.com\/tr\/wp-json\/wp\/v2\/product"}],"about":[{"href":"https:\/\/istanbulstroller.com\/tr\/wp-json\/wp\/v2\/types\/product"}],"replies":[{"embeddable":true,"href":"https:\/\/istanbulstroller.com\/tr\/wp-json\/wp\/v2\/comments?post=5821"}],"version-history":[{"count":1,"href":"https:\/\/istanbulstroller.com\/tr\/wp-json\/wp\/v2\/product\/5821\/revisions"}],"predecessor-version":[{"id":5865,"href":"https:\/\/istanbulstroller.com\/tr\/wp-json\/wp\/v2\/product\/5821\/revisions\/5865"}],"wp:featuredmedia":[{"embeddable":true,"href":"https:\/\/istanbulstroller.com\/tr\/wp-json\/wp\/v2\/media\/4513"}],"wp:attachment":[{"href":"https:\/\/istanbulstroller.com\/tr\/wp-json\/wp\/v2\/media?parent=5821"}],"wp:term":[{"taxonomy":"product_brand","embeddable":true,"href":"https:\/\/istanbulstroller.com\/tr\/wp-json\/wp\/v2\/product_brand?post=5821"},{"taxonomy":"product_cat","embeddable":true,"href":"https:\/\/istanbulstroller.com\/tr\/wp-json\/wp\/v2\/product_cat?post=5821"},{"taxonomy":"product_tag","embeddable":true,"href":"https:\/\/istanbulstroller.com\/tr\/wp-json\/wp\/v2\/product_tag?post=5821"}],"curies":[{"name":"wp","href":"https:\/\/api.w.org\/{rel}","templated":true}]}}