{"id":5867,"date":"2026-03-02T14:47:27","date_gmt":"2026-03-02T14:47:27","guid":{"rendered":"https:\/\/istanbulstroller.com\/product\/chicco-next-2me-co-sleeper-crib\/"},"modified":"2026-04-14T14:45:50","modified_gmt":"2026-04-14T14:45:50","slug":"chicco-next-2me-co-sleeper-crib","status":"publish","type":"product","link":"https:\/\/istanbulstroller.com\/tr\/urun\/chicco-next-2me-co-sleeper-crib\/","title":{"rendered":"Chicco Next 2Me Anne Yan\u0131 Bebek Yata\u011f\u0131"},"content":{"rendered":"<p>M\u00fckemmel bir yatak ba\u015f\u0131 uyku deneyimi i\u00e7in <b data-path-to-node=\"1\" data-index-in-node=\"9\">Chicco Next2Me Magic Evo<\/b>&#8216;yu kiralay\u0131n. Bu <b data-path-to-node=\"1\" data-index-in-node=\"93\">birinci s\u0131n\u0131f bebek be\u015fi\u011fi<\/b>, tek elle kolayca kayd\u0131r\u0131labilen yan panel ve minik yavrunuzun uykuya dalmas\u0131na yard\u0131mc\u0131 olan yat\u0131\u015ft\u0131r\u0131c\u0131 sallanma moduna sahiptir. <b data-path-to-node=\"1\" data-index-in-node=\"170\">11 kademeli y\u00fckseklik<\/b> ayar\u0131 ve hava ak\u0131\u015f\u0131n\u0131 sa\u011flayan 3D file yap\u0131s\u0131 sayesinde g\u00fcvenli, serin ve konforlu bir gece uykusu sunar. Kolay hareket kabiliyeti sa\u011flayan 4 tekerle\u011fi ile bu <b data-path-to-node=\"1\" data-index-in-node=\"374\">bebek be\u015fi\u011fi<\/b>, konfor ve esneklik arayan modern ebeveynler i\u00e7in m\u00fckemmel bir \u00e7\u00f6z\u00fcmd\u00fcr.   <\/p>\n","protected":false},"excerpt":{"rendered":"<p><b data-path-to-node=\"1\" data-index-in-node=\"9\">Chicco Next2Me Magic Evo<\/b>&#8216;yu kiralay\u0131n ve yata\u011f\u0131n yan\u0131nda uyuman\u0131n keyfini sonuna kadar \u00e7\u0131kar\u0131n<\/p>\n","protected":false},"featured_media":4511,"comment_status":"open","ping_status":"closed","template":"","meta":[],"product_brand":[],"product_cat":[310],"product_tag":[],"class_list":{"0":"post-5867","1":"product","2":"type-product","3":"status-publish","4":"has-post-thumbnail","6":"product_cat-bebek-besikleri","8":"first","9":"instock","10":"shipping-taxable","11":"product-type-simple"},"_links":{"self":[{"href":"https:\/\/istanbulstroller.com\/tr\/wp-json\/wp\/v2\/product\/5867","targetHints":{"allow":["GET"]}}],"collection":[{"href":"https:\/\/istanbulstroller.com\/tr\/wp-json\/wp\/v2\/product"}],"about":[{"href":"https:\/\/istanbulstroller.com\/tr\/wp-json\/wp\/v2\/types\/product"}],"replies":[{"embeddable":true,"href":"https:\/\/istanbulstroller.com\/tr\/wp-json\/wp\/v2\/comments?post=5867"}],"version-history":[{"count":1,"href":"https:\/\/istanbulstroller.com\/tr\/wp-json\/wp\/v2\/product\/5867\/revisions"}],"predecessor-version":[{"id":5869,"href":"https:\/\/istanbulstroller.com\/tr\/wp-json\/wp\/v2\/product\/5867\/revisions\/5869"}],"wp:featuredmedia":[{"embeddable":true,"href":"https:\/\/istanbulstroller.com\/tr\/wp-json\/wp\/v2\/media\/4511"}],"wp:attachment":[{"href":"https:\/\/istanbulstroller.com\/tr\/wp-json\/wp\/v2\/media?parent=5867"}],"wp:term":[{"taxonomy":"product_brand","embeddable":true,"href":"https:\/\/istanbulstroller.com\/tr\/wp-json\/wp\/v2\/product_brand?post=5867"},{"taxonomy":"product_cat","embeddable":true,"href":"https:\/\/istanbulstroller.com\/tr\/wp-json\/wp\/v2\/product_cat?post=5867"},{"taxonomy":"product_tag","embeddable":true,"href":"https:\/\/istanbulstroller.com\/tr\/wp-json\/wp\/v2\/product_tag?post=5867"}],"curies":[{"name":"wp","href":"https:\/\/api.w.org\/{rel}","templated":true}]}}