{"id":5871,"date":"2025-08-18T14:47:27","date_gmt":"2025-08-18T14:47:27","guid":{"rendered":"https:\/\/istanbulstroller.com\/product\/maxi-cosi-dove-pro-sallanan-ana-kucagi\/"},"modified":"2025-08-18T14:47:27","modified_gmt":"2025-08-18T14:47:27","slug":"maxi-cosi-dove-pro-sallanan-ana-kucagi","status":"publish","type":"product","link":"https:\/\/istanbulstroller.com\/tr\/urun\/maxi-cosi-dove-pro-sallanan-ana-kucagi\/","title":{"rendered":"Maxi-Cosi Dove Pro Sallanan Ana Kuca\u011f\u0131"},"content":{"rendered":"<h2 data-path-to-node=\"0\">Maxi-Cosi Kori &#8211; 2&#8217;si 1 arada Sallanan Sandalye ve Koltuk<\/h2>\n<p data-path-to-node=\"1\">Bebe\u011finizi sakinle\u015ftirmek i\u00e7in minimalist ve \u015f\u0131k bir \u00e7\u00f6z\u00fcm ar\u0131yorsan\u0131z, <b data-path-to-node=\"1\" data-index-in-node=\"9\">Maxi-Cosi Kori<\/b>\u2019yi (burada premium Cloudsoft kaplamal\u0131 modeli g\u00f6sterilmi\u015ftir) kiralay\u0131n. Modern evler i\u00e7in tasarlanan bu hafif bebek sallama koltu\u011fu ve sallanan sandalye, hafif sallanma hareketi ile sabit oturma pozisyonu aras\u0131nda kusursuz bir ge\u00e7i\u015f sa\u011flar. Do\u011fumdan 9 kg&#8217;a kadar uygun olan bu \u00fcr\u00fcn, y\u00fcksek kaliteli, ultra yumu\u015fak bir yenido\u011fan yast\u0131\u011f\u0131 ve tek elle ayarlanabilen \u00fc\u00e7 farkl\u0131 y\u00fckseklik pozisyonuna sahiptir. \u015e\u0131k ah\u015fap g\u00f6r\u00fcn\u00fcml\u00fc kaplamas\u0131 ve y\u00fcksek kaliteli kuma\u015flar\u0131, her odaya g\u00fczel bir katk\u0131 sa\u011flarken, d\u00fcz katlanabilir tasar\u0131m\u0131, kullan\u0131lmad\u0131\u011f\u0131nda yer kaplamamas\u0131n\u0131 sa\u011flar.   <\/p>\n","protected":false},"excerpt":{"rendered":"<p>Bebe\u011finizi rahatlatmak i\u00e7in minimalist ve \u015f\u0131k bir \u00e7\u00f6z\u00fcm ar\u0131yorsan\u0131z, <b data-path-to-node=\"1\" data-index-in-node=\"9\">Maxi-Cosi Kori<\/b>&#8216;yi (burada premium Cloudsoft kaplamal\u0131 modeli g\u00f6sterilmi\u015ftir) kiralay\u0131n.<\/p>\n","protected":false},"featured_media":4495,"comment_status":"closed","ping_status":"closed","template":"","meta":[],"product_brand":[],"product_cat":[306,315],"product_tag":[],"class_list":{"0":"post-5871","1":"product","2":"type-product","3":"status-publish","4":"has-post-thumbnail","6":"product_cat-ana-kucaklari","7":"product_cat-bebek-salincaklari","9":"first","10":"instock","11":"shipping-taxable","12":"product-type-simple"},"_links":{"self":[{"href":"https:\/\/istanbulstroller.com\/tr\/wp-json\/wp\/v2\/product\/5871","targetHints":{"allow":["GET"]}}],"collection":[{"href":"https:\/\/istanbulstroller.com\/tr\/wp-json\/wp\/v2\/product"}],"about":[{"href":"https:\/\/istanbulstroller.com\/tr\/wp-json\/wp\/v2\/types\/product"}],"replies":[{"embeddable":true,"href":"https:\/\/istanbulstroller.com\/tr\/wp-json\/wp\/v2\/comments?post=5871"}],"version-history":[{"count":0,"href":"https:\/\/istanbulstroller.com\/tr\/wp-json\/wp\/v2\/product\/5871\/revisions"}],"wp:featuredmedia":[{"embeddable":true,"href":"https:\/\/istanbulstroller.com\/tr\/wp-json\/wp\/v2\/media\/4495"}],"wp:attachment":[{"href":"https:\/\/istanbulstroller.com\/tr\/wp-json\/wp\/v2\/media?parent=5871"}],"wp:term":[{"taxonomy":"product_brand","embeddable":true,"href":"https:\/\/istanbulstroller.com\/tr\/wp-json\/wp\/v2\/product_brand?post=5871"},{"taxonomy":"product_cat","embeddable":true,"href":"https:\/\/istanbulstroller.com\/tr\/wp-json\/wp\/v2\/product_cat?post=5871"},{"taxonomy":"product_tag","embeddable":true,"href":"https:\/\/istanbulstroller.com\/tr\/wp-json\/wp\/v2\/product_tag?post=5871"}],"curies":[{"name":"wp","href":"https:\/\/api.w.org\/{rel}","templated":true}]}}